{"id":2243,"date":"2022-09-14T04:22:37","date_gmt":"2022-09-14T04:22:37","guid":{"rendered":"https:\/\/www.escuelamasterchef.com\/?post_type=product&#038;p=2243"},"modified":"2022-09-16T17:27:06","modified_gmt":"2022-09-16T17:27:06","slug":"cocina-con-latas","status":"publish","type":"product","link":"https:\/\/www.escuelamasterchef.com\/en\/product\/cocina-con-latas\/","title":{"rendered":"COCINA CON LATAS"},"content":{"rendered":"<p>contenido<\/p>\n","protected":false},"excerpt":{"rendered":"<p>Qui\u00e9n ha dicho que cocinar con latas no es cocinar? Aprende recetas con un gran valor nutricional y con mucha creatividad.<\/p>\n","protected":false},"author":3,"featured_media":0,"comment_status":"open","ping_status":"closed","template":"","meta":{"_acf_changed":false,"footnotes":""},"categories":[24],"class_list":["post-2243","product","type-product","status-publish","hentry","category-mastercheff-en"],"acf":{"external_id":"1425","titulo_curso":"COCINA CON LATAS","precio":"1","impartido_en":"es","id_magento":"665","hubspot_product_id":"","id_octavio":"1816","novedad":false,"imagen_destacada":"https:\/\/static.capabiliaserver.com\/frontend\/clients\/masterchef\/wp_dev\/wp-content\/uploads\/2022\/09\/cfaa1627-cocina-con-latas.jpg","header_image":"https:\/\/static.capabiliaserver.com\/frontend\/clients\/masterchef\/wp_dev\/wp-content\/uploads\/2022\/09\/cfaa1627-cocina-con-latas.jpg","mostrar_patrocinador":false,"titulo":"COCINA CON LATAS","introduccion":"Qui\u00e9n ha dicho que cocinar con latas no es cocinar? Aprende recetas con un gran valor nutricional y con mucha creatividad.","descripcion":"Un men\u00fa basado en producto de lata no tiene por qu\u00e9 ser aburrido ni bajo en nutrientes. En este m\u00f3dulo aprenderemos a sacarle todo el partido a platos improvisados, con sabor y con una gran variedad de posibilidades. ","videos_del_producto":[{"unidad":" COCINA CON LATAS ","videos":[{"ID":3103,"post_author":"8","post_date":"2022-09-13 12:24:28","post_date_gmt":"2022-09-13 12:24:28","post_content":"","post_title":"Sardinillas en aceite de oliva: Pan de sardina y Cococha y pil-pil de sardina","post_excerpt":"","post_status":"publish","comment_status":"open","ping_status":"closed","post_password":"","post_name":"sardinillas-en-aceite-de-oliva-pan-de-sardina-y-cococha-y-pil-pil-de-sardina","to_ping":"","pinged":"","post_modified":"2022-09-16 19:21:14","post_modified_gmt":"2022-09-16 19:21:14","post_content_filtered":"","post_parent":0,"guid":"https:\/\/www.escuelamasterchef.com\/?post_type=videos&#038;p=3103","menu_order":0,"post_type":"videos","post_mime_type":"","comment_count":"0","filter":"raw"},{"ID":3088,"post_author":"8","post_date":"2022-09-13 12:18:01","post_date_gmt":"2022-09-13 12:18:01","post_content":"","post_title":"Mejill\u00f3n en escabeche: Patatas bravas, huevo y mejillones escabechados y Coraz\u00f3n de cogollo, yogur y ali\u00f1o de mejill\u00f3n","post_excerpt":"","post_status":"publish","comment_status":"open","ping_status":"closed","post_password":"","post_name":"mejillon-en-escabeche-patatas-bravas-huevo-y-mejillones-escabechados-y-corazon-de-cogollo-yogur-y-alino-de-mejillon","to_ping":"","pinged":"","post_modified":"2022-09-16 19:24:33","post_modified_gmt":"2022-09-16 19:24:33","post_content_filtered":"","post_parent":0,"guid":"https:\/\/www.escuelamasterchef.com\/?post_type=videos&#038;p=3088","menu_order":0,"post_type":"videos","post_mime_type":"","comment_count":"0","filter":"raw"},{"ID":3083,"post_author":"8","post_date":"2022-09-13 12:10:03","post_date_gmt":"2022-09-13 12:10:03","post_content":"","post_title":"Zamburi\u00f1as en guiso de vieira: Zamburi\u00f1as con ajoblanco de anacardos y Zanahorias y salsa de zamburi\u00f1as.","post_excerpt":"","post_status":"publish","comment_status":"open","ping_status":"closed","post_password":"","post_name":"zamburinas-en-guiso-de-vieira-zamburinas-con-ajoblanco-de-anacardos-y-zanahorias-y-salsa-de-zamburinas","to_ping":"","pinged":"","post_modified":"2022-09-16 19:26:20","post_modified_gmt":"2022-09-16 19:26:20","post_content_filtered":"","post_parent":0,"guid":"https:\/\/www.escuelamasterchef.com\/?post_type=videos&#038;p=3083","menu_order":0,"post_type":"videos","post_mime_type":"","comment_count":"0","filter":"raw"},{"ID":3078,"post_author":"8","post_date":"2022-09-13 12:00:50","post_date_gmt":"2022-09-13 12:00:50","post_content":"","post_title":"Berberechos al natural: Berberechos en aguachile de maracuy\u00e1 y At\u00fan en salsa de kinchee","post_excerpt":"","post_status":"publish","comment_status":"open","ping_status":"closed","post_password":"","post_name":"berberechos-al-natural-berberechos-en-aguachile-de-maracuya-y-atun-en-salsa-de-kinchee","to_ping":"","pinged":"","post_modified":"2022-09-16 19:28:01","post_modified_gmt":"2022-09-16 19:28:01","post_content_filtered":"","post_parent":0,"guid":"https:\/\/www.escuelamasterchef.com\/?post_type=videos&#038;p=3078","menu_order":0,"post_type":"videos","post_mime_type":"","comment_count":"0","filter":"raw"},{"ID":3074,"post_author":"8","post_date":"2022-09-13 11:52:48","post_date_gmt":"2022-09-13 11:52:48","post_content":"","post_title":"Navajas al natural: Tartar de navajas y remolacha y Esp\u00e1rrago blanco con mayonesa de navaja y huevas","post_excerpt":"","post_status":"publish","comment_status":"open","ping_status":"closed","post_password":"","post_name":"navajas-al-natural-tartar-de-navajas-y-remolacha-y-esparrago-blanco-con-mayonesa-de-navaja-y-huevas","to_ping":"","pinged":"","post_modified":"2022-09-16 19:29:35","post_modified_gmt":"2022-09-16 19:29:35","post_content_filtered":"","post_parent":0,"guid":"https:\/\/www.escuelamasterchef.com\/?post_type=videos&#038;p=3074","menu_order":0,"post_type":"videos","post_mime_type":"","comment_count":"0","filter":"raw"}]}],"activar_nuevos_banners":false,"mostrar_banner_1":false,"crear_banner_1":{"utilizar_imagen_unica_para_banner":false,"asignar_imagen_unica_para_banner":false,"mostrar_titulo_banner":false,"titulo_para_banner":"","mostrar_subtitulo_banner":false,"subtitulo_del_banner":"","mostrar_cta_banner":false,"texto_cta_banner":"","url_cta_banner":"","fondo_de_color_banner":"","fondo_de_imagen_banner":false,"mostrar_imagen_izquierda_banner":false,"asignar_imagen_izquierda_banner":false},"mostrar_banner_2":false,"crear_banner_2":{"utilizar_imagen_unica_para_banner":false,"asignar_imagen_unica_para_banner":false,"mostrar_titulo_banner":false,"titulo_para_banner":"","mostrar_subtitulo_banner":false,"subtitulo_del_banner":"","mostrar_cta_banner":false,"texto_cta_banner":"","url_cta_banner":"","fondo_de_color_banner":"","fondo_de_imagen_banner":false,"mostrar_imagen_izquierda_banner":false,"asignar_imagen_izquierda_banner":false},"mostrar_banner_3":false,"crear_banner_3":{"utilizar_imagen_unica_para_banner":false,"asignar_imagen_unica_para_banner":false,"mostrar_titulo_banner":false,"titulo_para_banner":"","mostrar_subtitulo_banner":false,"subtitulo_del_banner":"","mostrar_cta_banner":false,"texto_cta_banner":"","url_cta_banner":"","fondo_de_color_banner":"","fondo_de_imagen_banner":false,"mostrar_imagen_izquierda_banner":false,"asignar_imagen_izquierda_banner":false}},"yoast_head":"<!-- This site is optimized with the Yoast SEO plugin v23.0 - https:\/\/yoast.com\/wordpress\/plugins\/seo\/ -->\n<title>COCINA CON LATAS - Capabilia<\/title>\n<meta name=\"robots\" content=\"index, follow, max-snippet:-1, max-image-preview:large, max-video-preview:-1\" \/>\n<link rel=\"canonical\" href=\"https:\/\/www.escuelamasterchef.com\/en\/product\/cocina-con-latas\/\" \/>\n<meta property=\"og:locale\" content=\"en_US\" \/>\n<meta property=\"og:type\" content=\"article\" \/>\n<meta property=\"og:title\" content=\"COCINA CON LATAS - Capabilia\" \/>\n<meta property=\"og:description\" content=\"Qui\u00e9n ha dicho que cocinar con latas no es cocinar? Aprende recetas con un gran valor nutricional y con mucha creatividad.\" \/>\n<meta property=\"og:url\" content=\"https:\/\/www.escuelamasterchef.com\/en\/product\/cocina-con-latas\/\" \/>\n<meta property=\"og:site_name\" content=\"Capabilia\" \/>\n<meta property=\"article:modified_time\" content=\"2022-09-16T17:27:06+00:00\" \/>\n<meta name=\"twitter:card\" content=\"summary_large_image\" \/>\n<meta name=\"twitter:label1\" content=\"Est. reading time\" \/>\n\t<meta name=\"twitter:data1\" content=\"1 minute\" \/>\n<script type=\"application\/ld+json\" class=\"yoast-schema-graph\">{\"@context\":\"https:\/\/schema.org\",\"@graph\":[{\"@type\":\"WebPage\",\"@id\":\"https:\/\/www.escuelamasterchef.com\/en\/product\/cocina-con-latas\/\",\"url\":\"https:\/\/www.escuelamasterchef.com\/en\/product\/cocina-con-latas\/\",\"name\":\"COCINA CON LATAS - Capabilia\",\"isPartOf\":{\"@id\":\"https:\/\/www.escuelamasterchef.com\/#website\"},\"datePublished\":\"2022-09-14T04:22:37+00:00\",\"dateModified\":\"2022-09-16T17:27:06+00:00\",\"breadcrumb\":{\"@id\":\"https:\/\/www.escuelamasterchef.com\/en\/product\/cocina-con-latas\/#breadcrumb\"},\"inLanguage\":\"en-US\",\"potentialAction\":[{\"@type\":\"ReadAction\",\"target\":[\"https:\/\/www.escuelamasterchef.com\/en\/product\/cocina-con-latas\/\"]}]},{\"@type\":\"BreadcrumbList\",\"@id\":\"https:\/\/www.escuelamasterchef.com\/en\/product\/cocina-con-latas\/#breadcrumb\",\"itemListElement\":[{\"@type\":\"ListItem\",\"position\":1,\"name\":\"Productos\",\"item\":\"https:\/\/www.escuelamasterchef.com\/product\/\"},{\"@type\":\"ListItem\",\"position\":2,\"name\":\"COCINA CON LATAS\"}]},{\"@type\":\"WebSite\",\"@id\":\"https:\/\/www.escuelamasterchef.com\/#website\",\"url\":\"https:\/\/www.escuelamasterchef.com\/\",\"name\":\"Capabilia\",\"description\":\"\",\"potentialAction\":[{\"@type\":\"SearchAction\",\"target\":{\"@type\":\"EntryPoint\",\"urlTemplate\":\"https:\/\/www.escuelamasterchef.com\/?s={search_term_string}\"},\"query-input\":\"required name=search_term_string\"}],\"inLanguage\":\"en-US\"}]}<\/script>\n<!-- \/ Yoast SEO plugin. -->","yoast_head_json":{"title":"COCINA CON LATAS - Capabilia","robots":{"index":"index","follow":"follow","max-snippet":"max-snippet:-1","max-image-preview":"max-image-preview:large","max-video-preview":"max-video-preview:-1"},"canonical":"https:\/\/www.escuelamasterchef.com\/en\/product\/cocina-con-latas\/","og_locale":"en_US","og_type":"article","og_title":"COCINA CON LATAS - Capabilia","og_description":"Qui\u00e9n ha dicho que cocinar con latas no es cocinar? Aprende recetas con un gran valor nutricional y con mucha creatividad.","og_url":"https:\/\/www.escuelamasterchef.com\/en\/product\/cocina-con-latas\/","og_site_name":"Capabilia","article_modified_time":"2022-09-16T17:27:06+00:00","twitter_card":"summary_large_image","twitter_misc":{"Est. reading time":"1 minute"},"schema":{"@context":"https:\/\/schema.org","@graph":[{"@type":"WebPage","@id":"https:\/\/www.escuelamasterchef.com\/en\/product\/cocina-con-latas\/","url":"https:\/\/www.escuelamasterchef.com\/en\/product\/cocina-con-latas\/","name":"COCINA CON LATAS - Capabilia","isPartOf":{"@id":"https:\/\/www.escuelamasterchef.com\/#website"},"datePublished":"2022-09-14T04:22:37+00:00","dateModified":"2022-09-16T17:27:06+00:00","breadcrumb":{"@id":"https:\/\/www.escuelamasterchef.com\/en\/product\/cocina-con-latas\/#breadcrumb"},"inLanguage":"en-US","potentialAction":[{"@type":"ReadAction","target":["https:\/\/www.escuelamasterchef.com\/en\/product\/cocina-con-latas\/"]}]},{"@type":"BreadcrumbList","@id":"https:\/\/www.escuelamasterchef.com\/en\/product\/cocina-con-latas\/#breadcrumb","itemListElement":[{"@type":"ListItem","position":1,"name":"Productos","item":"https:\/\/www.escuelamasterchef.com\/product\/"},{"@type":"ListItem","position":2,"name":"COCINA CON LATAS"}]},{"@type":"WebSite","@id":"https:\/\/www.escuelamasterchef.com\/#website","url":"https:\/\/www.escuelamasterchef.com\/","name":"Capabilia","description":"","potentialAction":[{"@type":"SearchAction","target":{"@type":"EntryPoint","urlTemplate":"https:\/\/www.escuelamasterchef.com\/?s={search_term_string}"},"query-input":"required name=search_term_string"}],"inLanguage":"en-US"}]}},"idiomas":{"en":2243,"es":2242},"_links":{"self":[{"href":"https:\/\/www.escuelamasterchef.com\/en\/wp-json\/wp\/v2\/products\/2243"}],"collection":[{"href":"https:\/\/www.escuelamasterchef.com\/en\/wp-json\/wp\/v2\/products"}],"about":[{"href":"https:\/\/www.escuelamasterchef.com\/en\/wp-json\/wp\/v2\/types\/product"}],"author":[{"embeddable":true,"href":"https:\/\/www.escuelamasterchef.com\/en\/wp-json\/wp\/v2\/users\/3"}],"replies":[{"embeddable":true,"href":"https:\/\/www.escuelamasterchef.com\/en\/wp-json\/wp\/v2\/comments?post=2243"}],"version-history":[{"count":3,"href":"https:\/\/www.escuelamasterchef.com\/en\/wp-json\/wp\/v2\/products\/2243\/revisions"}],"predecessor-version":[{"id":4264,"href":"https:\/\/www.escuelamasterchef.com\/en\/wp-json\/wp\/v2\/products\/2243\/revisions\/4264"}],"wp:attachment":[{"href":"https:\/\/www.escuelamasterchef.com\/en\/wp-json\/wp\/v2\/media?parent=2243"}],"wp:term":[{"taxonomy":"category","embeddable":true,"href":"https:\/\/www.escuelamasterchef.com\/en\/wp-json\/wp\/v2\/categories?post=2243"}],"curies":[{"name":"wp","href":"https:\/\/api.w.org\/{rel}","templated":true}]}}