{"id":2237,"date":"2022-09-13T02:24:03","date_gmt":"2022-09-13T02:24:03","guid":{"rendered":"https:\/\/www.escuelamasterchef.com\/?post_type=product&#038;p=2237"},"modified":"2022-09-20T19:47:16","modified_gmt":"2022-09-20T19:47:16","slug":"pescados-y-mariscos","status":"publish","type":"product","link":"https:\/\/www.escuelamasterchef.com\/en\/product\/pescados-y-mariscos\/","title":{"rendered":"PESCADOS Y MARISCOS"},"content":{"rendered":"<p>contenido<\/p>\n","protected":false},"excerpt":{"rendered":"<p>Sum\u00e9rgete en las recetas m\u00e1s frescas de pescados blancos, pescados azules, y de mariscos, tanto moluscos como crust\u00e1ceos.<\/p>\n","protected":false},"author":3,"featured_media":0,"comment_status":"open","ping_status":"closed","template":"","meta":{"_acf_changed":false,"footnotes":""},"categories":[24],"class_list":["post-2237","product","type-product","status-publish","hentry","category-mastercheff-en"],"acf":{"external_id":"1422","titulo_curso":"PESCADOS Y MARISCOS","precio":"1","impartido_en":"es","id_magento":"662","hubspot_product_id":"","id_octavio":"1813","novedad":false,"imagen_destacada":"https:\/\/static.capabiliaserver.com\/frontend\/clients\/masterchef\/wp_dev\/wp-content\/uploads\/2022\/09\/7156fc9a-pescados_mariscos.jpg","header_image":"https:\/\/static.capabiliaserver.com\/frontend\/clients\/masterchef\/wp_dev\/wp-content\/uploads\/2022\/09\/7156fc9a-pescados_mariscos.jpg","mostrar_patrocinador":false,"patrocinador_imagen":"https:\/\/static.capabiliaserver.com\/frontend\/clients\/masterchef\/wp_dev\/wp-content\/uploads\/2022\/09\/a3c93e10-corteingles-big.png","titulo":"PESCADOS Y MARISCOS","introduccion":"Sum\u00e9rgete en las recetas m\u00e1s frescas de pescados blancos, pescados azules, y de mariscos, tanto moluscos como crust\u00e1ceos.","descripcion":"Conoce las especies de pescado blanco m\u00e1s habituales en la cocina: su clasificaci\u00f3n, variedades, c\u00f3mo limpiarlos, filetearlos y el corte de las piezas principales. Descubre los secretos m\u00e1s frescos del pescado azul a trav\u00e9s del at\u00fan, la caballa o el salm\u00f3n. E in\u00edciate en el mundo de los mariscos: te presentamos los moluscos y crust\u00e1ceos m\u00e1s usados en cocina: su clasificaci\u00f3n, las formas de manipulaci\u00f3n y de limpieza. ","videos_del_producto":[{"unidad":" PESCADOS BLANCOS ","videos":[{"ID":2636,"post_author":"8","post_date":"2022-09-13 11:14:52","post_date_gmt":"2022-09-13 11:14:52","post_content":"","post_title":"Introducci\u00f3n: tipolog\u00eda, usos, desescamado y cortes","post_excerpt":"","post_status":"publish","comment_status":"open","ping_status":"closed","post_password":"","post_name":"introduccion-tipologia-usos-desescamado-y-cortes","to_ping":"","pinged":"","post_modified":"2022-09-19 01:15:18","post_modified_gmt":"2022-09-19 01:15:18","post_content_filtered":"","post_parent":0,"guid":"https:\/\/www.escuelamasterchef.com\/?post_type=videos&#038;p=2636","menu_order":0,"post_type":"videos","post_mime_type":"","comment_count":"0","filter":"raw"},{"ID":3891,"post_author":"8","post_date":"2022-09-15 02:24:50","post_date_gmt":"2022-09-15 02:24:50","post_content":"","post_title":"Bacalao confitado al ba\u00f1o mar\u00eda con pur\u00e9 de coliflor","post_excerpt":"","post_status":"publish","comment_status":"open","ping_status":"closed","post_password":"","post_name":"bacalao-confitado-al-bano-maria-con-pure-de-coliflor","to_ping":"","pinged":"","post_modified":"2022-09-15 02:24:51","post_modified_gmt":"2022-09-15 02:24:51","post_content_filtered":"","post_parent":0,"guid":"https:\/\/www.escuelamasterchef.com\/?post_type=videos&#038;p=3891","menu_order":0,"post_type":"videos","post_mime_type":"","comment_count":"0","filter":"raw"},{"ID":2639,"post_author":"8","post_date":"2022-09-13 11:25:10","post_date_gmt":"2022-09-13 11:25:10","post_content":"","post_title":"Popietas de lenguado con vieiras, langostinos y gambas","post_excerpt":"","post_status":"publish","comment_status":"open","ping_status":"closed","post_password":"","post_name":"popietas-de-lenguado-con-vieiras-langostinos-y-gambas","to_ping":"","pinged":"","post_modified":"2022-09-19 01:14:08","post_modified_gmt":"2022-09-19 01:14:08","post_content_filtered":"","post_parent":0,"guid":"https:\/\/www.escuelamasterchef.com\/?post_type=videos&#038;p=2639","menu_order":0,"post_type":"videos","post_mime_type":"","comment_count":"0","filter":"raw"},{"ID":3970,"post_author":"8","post_date":"2022-09-15 14:03:55","post_date_gmt":"2022-09-15 14:03:55","post_content":"","post_title":"Rodaballo con manitas de cerdo y pimientos de Padr\u00f3n","post_excerpt":"","post_status":"publish","comment_status":"open","ping_status":"closed","post_password":"","post_name":"rodaballo-con-manitas-de-cerdo-y-pimientos-de-padron","to_ping":"","pinged":"","post_modified":"2022-09-15 14:03:56","post_modified_gmt":"2022-09-15 14:03:56","post_content_filtered":"","post_parent":0,"guid":"https:\/\/www.escuelamasterchef.com\/?post_type=videos&#038;p=3970","menu_order":0,"post_type":"videos","post_mime_type":"","comment_count":"0","filter":"raw"},{"ID":2642,"post_author":"8","post_date":"2022-09-13 11:25:38","post_date_gmt":"2022-09-13 11:25:38","post_content":"","post_title":"Merluza asada con cebollitas nuevas, trigueros y fondo de ave","post_excerpt":"","post_status":"publish","comment_status":"open","ping_status":"closed","post_password":"","post_name":"merluza-asada-con-cebollitas-nuevas-trigueros-y-fondo-de-ave","to_ping":"","pinged":"","post_modified":"2022-09-17 02:01:01","post_modified_gmt":"2022-09-17 02:01:01","post_content_filtered":"","post_parent":0,"guid":"https:\/\/www.escuelamasterchef.com\/?post_type=videos&#038;p=2642","menu_order":0,"post_type":"videos","post_mime_type":"","comment_count":"0","filter":"raw"}]},{"unidad":" PESCADOS AZULES ","videos":[{"ID":4169,"post_author":"8","post_date":"2022-09-16 03:46:16","post_date_gmt":"2022-09-16 03:46:16","post_content":"","post_title":"Introducci\u00f3n: tipolog\u00eda, usos y cortes","post_excerpt":"","post_status":"publish","comment_status":"open","ping_status":"closed","post_password":"","post_name":"introduccion-tipologia-usos-y-cortes","to_ping":"","pinged":"","post_modified":"2022-09-16 03:46:17","post_modified_gmt":"2022-09-16 03:46:17","post_content_filtered":"","post_parent":0,"guid":"https:\/\/www.escuelamasterchef.com\/?post_type=videos&#038;p=4169","menu_order":0,"post_type":"videos","post_mime_type":"","comment_count":"0","filter":"raw"},{"ID":4241,"post_author":"10","post_date":"2022-09-16 16:56:34","post_date_gmt":"2022-09-16 16:56:34","post_content":"","post_title":"Entrecot de at\u00fan con salsa de soja y s\u00e9samo","post_excerpt":"","post_status":"publish","comment_status":"open","ping_status":"closed","post_password":"","post_name":"entrecot-de-atun-con-salsa-de-soja-y-sesamo","to_ping":"","pinged":"","post_modified":"2022-09-17 03:11:25","post_modified_gmt":"2022-09-17 03:11:25","post_content_filtered":"","post_parent":0,"guid":"https:\/\/www.escuelamasterchef.com\/?post_type=videos&#038;p=4241","menu_order":0,"post_type":"videos","post_mime_type":"","comment_count":"0","filter":"raw"},{"ID":4356,"post_author":"8","post_date":"2022-09-16 18:38:47","post_date_gmt":"2022-09-16 18:38:47","post_content":"","post_title":"Caballa en escabeche","post_excerpt":"","post_status":"publish","comment_status":"open","ping_status":"closed","post_password":"","post_name":"caballa-en-escabeche","to_ping":"","pinged":"","post_modified":"2022-09-16 18:38:49","post_modified_gmt":"2022-09-16 18:38:49","post_content_filtered":"","post_parent":0,"guid":"https:\/\/www.escuelamasterchef.com\/?post_type=videos&#038;p=4356","menu_order":0,"post_type":"videos","post_mime_type":"","comment_count":"0","filter":"raw"},{"ID":4245,"post_author":"9","post_date":"2022-09-16 17:01:36","post_date_gmt":"2022-09-16 17:01:36","post_content":"","post_title":"Sardinas marinadas con mojo rojo y mayonesa de s\u00e9samo","post_excerpt":"","post_status":"publish","comment_status":"open","ping_status":"closed","post_password":"","post_name":"sardinas-marinadas-con-mojo-rojo-y-mayonesa-de-sesamo","to_ping":"","pinged":"","post_modified":"2022-11-17 13:14:28","post_modified_gmt":"2022-11-17 13:14:28","post_content_filtered":"","post_parent":0,"guid":"https:\/\/www.escuelamasterchef.com\/?post_type=videos&#038;p=4245","menu_order":0,"post_type":"videos","post_mime_type":"","comment_count":"0","filter":"raw"},{"ID":4246,"post_author":"10","post_date":"2022-09-16 17:00:30","post_date_gmt":"2022-09-16 17:00:30","post_content":"","post_title":"Salm\u00f3n asado con tartar de citricos y mango con vinagreta de vino","post_excerpt":"","post_status":"publish","comment_status":"open","ping_status":"closed","post_password":"","post_name":"salmon-asado-con-tartar-de-citricos-y-mango-con-vinagreta-de-vino","to_ping":"","pinged":"","post_modified":"2022-09-16 17:00:31","post_modified_gmt":"2022-09-16 17:00:31","post_content_filtered":"","post_parent":0,"guid":"https:\/\/www.escuelamasterchef.com\/?post_type=videos&#038;p=4246","menu_order":0,"post_type":"videos","post_mime_type":"","comment_count":"0","filter":"raw"}]},{"unidad":" MARISCOS ","videos":[{"ID":4347,"post_author":"8","post_date":"2022-09-16 18:31:20","post_date_gmt":"2022-09-16 18:31:20","post_content":"","post_title":"Introducci\u00f3n: clasificaci\u00f3n, usos, cocciones","post_excerpt":"","post_status":"publish","comment_status":"open","ping_status":"closed","post_password":"","post_name":"introduccion-clasificacion-usos-cocciones","to_ping":"","pinged":"","post_modified":"2022-09-17 01:38:20","post_modified_gmt":"2022-09-17 01:38:20","post_content_filtered":"","post_parent":0,"guid":"https:\/\/www.escuelamasterchef.com\/?post_type=videos&#038;p=4347","menu_order":0,"post_type":"videos","post_mime_type":"","comment_count":"0","filter":"raw"},{"ID":2645,"post_author":"8","post_date":"2022-09-13 11:26:09","post_date_gmt":"2022-09-13 11:26:09","post_content":"","post_title":"Salteado de gambas y langostinos con jengibre y soja","post_excerpt":"","post_status":"publish","comment_status":"open","ping_status":"closed","post_password":"","post_name":"salteado-de-gambas-y-langostinos-con-jengibre-y-soja","to_ping":"","pinged":"","post_modified":"2022-09-14 14:28:19","post_modified_gmt":"2022-09-14 14:28:19","post_content_filtered":"","post_parent":0,"guid":"https:\/\/www.escuelamasterchef.com\/?post_type=videos&#038;p=2645","menu_order":0,"post_type":"videos","post_mime_type":"","comment_count":"0","filter":"raw"},{"ID":2648,"post_author":"8","post_date":"2022-09-13 11:26:28","post_date_gmt":"2022-09-13 11:26:28","post_content":"","post_title":"Pulpo asado con crema de patata trufada","post_excerpt":"","post_status":"publish","comment_status":"open","ping_status":"closed","post_password":"","post_name":"pulpo-asado-con-crema-de-patata-trufada","to_ping":"","pinged":"","post_modified":"2022-09-14 14:26:40","post_modified_gmt":"2022-09-14 14:26:40","post_content_filtered":"","post_parent":0,"guid":"https:\/\/www.escuelamasterchef.com\/?post_type=videos&#038;p=2648","menu_order":0,"post_type":"videos","post_mime_type":"","comment_count":"0","filter":"raw"},{"ID":2651,"post_author":"8","post_date":"2022-09-13 11:27:05","post_date_gmt":"2022-09-13 11:27:05","post_content":"","post_title":"Zamburi\u00f1as a la plancha con ratatouille de verduras y jam\u00f3n ib\u00e9rico","post_excerpt":"","post_status":"publish","comment_status":"open","ping_status":"closed","post_password":"","post_name":"zamburinas-a-la-plancha-con-ratatouille-de-verduras-y-jamon-iberico","to_ping":"","pinged":"","post_modified":"2023-02-07 12:33:31","post_modified_gmt":"2023-02-07 12:33:31","post_content_filtered":"","post_parent":0,"guid":"https:\/\/www.escuelamasterchef.com\/?post_type=videos&#038;p=2651","menu_order":0,"post_type":"videos","post_mime_type":"","comment_count":"0","filter":"raw"}]}],"activar_nuevos_banners":false,"mostrar_banner_1":false,"crear_banner_1":{"utilizar_imagen_unica_para_banner":false,"asignar_imagen_unica_para_banner":false,"mostrar_titulo_banner":false,"titulo_para_banner":"","mostrar_subtitulo_banner":false,"subtitulo_del_banner":"","mostrar_cta_banner":false,"texto_cta_banner":"","url_cta_banner":"","fondo_de_color_banner":"","fondo_de_imagen_banner":false,"mostrar_imagen_izquierda_banner":false,"asignar_imagen_izquierda_banner":false},"mostrar_banner_2":false,"crear_banner_2":{"utilizar_imagen_unica_para_banner":false,"asignar_imagen_unica_para_banner":false,"mostrar_titulo_banner":false,"titulo_para_banner":"","mostrar_subtitulo_banner":false,"subtitulo_del_banner":"","mostrar_cta_banner":false,"texto_cta_banner":"","url_cta_banner":"","fondo_de_color_banner":"","fondo_de_imagen_banner":false,"mostrar_imagen_izquierda_banner":false,"asignar_imagen_izquierda_banner":false},"mostrar_banner_3":false,"crear_banner_3":{"utilizar_imagen_unica_para_banner":false,"asignar_imagen_unica_para_banner":false,"mostrar_titulo_banner":false,"titulo_para_banner":"","mostrar_subtitulo_banner":false,"subtitulo_del_banner":"","mostrar_cta_banner":false,"texto_cta_banner":"","url_cta_banner":"","fondo_de_color_banner":"","fondo_de_imagen_banner":false,"mostrar_imagen_izquierda_banner":false,"asignar_imagen_izquierda_banner":false}},"yoast_head":"<!-- This site is optimized with the Yoast SEO plugin v23.0 - https:\/\/yoast.com\/wordpress\/plugins\/seo\/ -->\n<title>PESCADOS Y MARISCOS - Capabilia<\/title>\n<meta name=\"description\" content=\"Sum\u00e9rgete en las recetas m\u00e1s frescas de pescados blancos, pescados azules, y de mariscos, tanto moluscos como crust\u00e1ceos.\" \/>\n<meta name=\"robots\" content=\"index, follow, max-snippet:-1, max-image-preview:large, max-video-preview:-1\" \/>\n<link rel=\"canonical\" href=\"https:\/\/www.escuelamasterchef.com\/en\/product\/pescados-y-mariscos\/\" \/>\n<meta property=\"og:locale\" content=\"en_US\" \/>\n<meta property=\"og:type\" content=\"article\" \/>\n<meta property=\"og:title\" content=\"PESCADOS Y MARISCOS - Capabilia\" \/>\n<meta property=\"og:description\" content=\"Sum\u00e9rgete en las recetas m\u00e1s frescas de pescados blancos, pescados azules, y de mariscos, tanto moluscos como crust\u00e1ceos.\" \/>\n<meta property=\"og:url\" content=\"https:\/\/www.escuelamasterchef.com\/en\/product\/pescados-y-mariscos\/\" \/>\n<meta property=\"og:site_name\" content=\"Capabilia\" \/>\n<meta property=\"article:modified_time\" content=\"2022-09-20T19:47:16+00:00\" \/>\n<meta name=\"twitter:card\" content=\"summary_large_image\" \/>\n<meta name=\"twitter:label1\" content=\"Est. reading time\" \/>\n\t<meta name=\"twitter:data1\" content=\"1 minute\" \/>\n<script type=\"application\/ld+json\" class=\"yoast-schema-graph\">{\"@context\":\"https:\/\/schema.org\",\"@graph\":[{\"@type\":\"WebPage\",\"@id\":\"https:\/\/www.escuelamasterchef.com\/en\/product\/pescados-y-mariscos\/\",\"url\":\"https:\/\/www.escuelamasterchef.com\/en\/product\/pescados-y-mariscos\/\",\"name\":\"PESCADOS Y MARISCOS - Capabilia\",\"isPartOf\":{\"@id\":\"https:\/\/www.escuelamasterchef.com\/#website\"},\"datePublished\":\"2022-09-13T02:24:03+00:00\",\"dateModified\":\"2022-09-20T19:47:16+00:00\",\"description\":\"Sum\u00e9rgete en las recetas m\u00e1s frescas de pescados blancos, pescados azules, y de mariscos, tanto moluscos como crust\u00e1ceos.\",\"breadcrumb\":{\"@id\":\"https:\/\/www.escuelamasterchef.com\/en\/product\/pescados-y-mariscos\/#breadcrumb\"},\"inLanguage\":\"en-US\",\"potentialAction\":[{\"@type\":\"ReadAction\",\"target\":[\"https:\/\/www.escuelamasterchef.com\/en\/product\/pescados-y-mariscos\/\"]}]},{\"@type\":\"BreadcrumbList\",\"@id\":\"https:\/\/www.escuelamasterchef.com\/en\/product\/pescados-y-mariscos\/#breadcrumb\",\"itemListElement\":[{\"@type\":\"ListItem\",\"position\":1,\"name\":\"Productos\",\"item\":\"https:\/\/www.escuelamasterchef.com\/product\/\"},{\"@type\":\"ListItem\",\"position\":2,\"name\":\"PESCADOS Y MARISCOS\"}]},{\"@type\":\"WebSite\",\"@id\":\"https:\/\/www.escuelamasterchef.com\/#website\",\"url\":\"https:\/\/www.escuelamasterchef.com\/\",\"name\":\"Capabilia\",\"description\":\"\",\"potentialAction\":[{\"@type\":\"SearchAction\",\"target\":{\"@type\":\"EntryPoint\",\"urlTemplate\":\"https:\/\/www.escuelamasterchef.com\/?s={search_term_string}\"},\"query-input\":\"required name=search_term_string\"}],\"inLanguage\":\"en-US\"}]}<\/script>\n<!-- \/ Yoast SEO plugin. -->","yoast_head_json":{"title":"PESCADOS Y MARISCOS - Capabilia","description":"Sum\u00e9rgete en las recetas m\u00e1s frescas de pescados blancos, pescados azules, y de mariscos, tanto moluscos como crust\u00e1ceos.","robots":{"index":"index","follow":"follow","max-snippet":"max-snippet:-1","max-image-preview":"max-image-preview:large","max-video-preview":"max-video-preview:-1"},"canonical":"https:\/\/www.escuelamasterchef.com\/en\/product\/pescados-y-mariscos\/","og_locale":"en_US","og_type":"article","og_title":"PESCADOS Y MARISCOS - Capabilia","og_description":"Sum\u00e9rgete en las recetas m\u00e1s frescas de pescados blancos, pescados azules, y de mariscos, tanto moluscos como crust\u00e1ceos.","og_url":"https:\/\/www.escuelamasterchef.com\/en\/product\/pescados-y-mariscos\/","og_site_name":"Capabilia","article_modified_time":"2022-09-20T19:47:16+00:00","twitter_card":"summary_large_image","twitter_misc":{"Est. reading time":"1 minute"},"schema":{"@context":"https:\/\/schema.org","@graph":[{"@type":"WebPage","@id":"https:\/\/www.escuelamasterchef.com\/en\/product\/pescados-y-mariscos\/","url":"https:\/\/www.escuelamasterchef.com\/en\/product\/pescados-y-mariscos\/","name":"PESCADOS Y MARISCOS - Capabilia","isPartOf":{"@id":"https:\/\/www.escuelamasterchef.com\/#website"},"datePublished":"2022-09-13T02:24:03+00:00","dateModified":"2022-09-20T19:47:16+00:00","description":"Sum\u00e9rgete en las recetas m\u00e1s frescas de pescados blancos, pescados azules, y de mariscos, tanto moluscos como crust\u00e1ceos.","breadcrumb":{"@id":"https:\/\/www.escuelamasterchef.com\/en\/product\/pescados-y-mariscos\/#breadcrumb"},"inLanguage":"en-US","potentialAction":[{"@type":"ReadAction","target":["https:\/\/www.escuelamasterchef.com\/en\/product\/pescados-y-mariscos\/"]}]},{"@type":"BreadcrumbList","@id":"https:\/\/www.escuelamasterchef.com\/en\/product\/pescados-y-mariscos\/#breadcrumb","itemListElement":[{"@type":"ListItem","position":1,"name":"Productos","item":"https:\/\/www.escuelamasterchef.com\/product\/"},{"@type":"ListItem","position":2,"name":"PESCADOS Y MARISCOS"}]},{"@type":"WebSite","@id":"https:\/\/www.escuelamasterchef.com\/#website","url":"https:\/\/www.escuelamasterchef.com\/","name":"Capabilia","description":"","potentialAction":[{"@type":"SearchAction","target":{"@type":"EntryPoint","urlTemplate":"https:\/\/www.escuelamasterchef.com\/?s={search_term_string}"},"query-input":"required name=search_term_string"}],"inLanguage":"en-US"}]}},"idiomas":{"en":2237,"es":2236},"_links":{"self":[{"href":"https:\/\/www.escuelamasterchef.com\/en\/wp-json\/wp\/v2\/products\/2237"}],"collection":[{"href":"https:\/\/www.escuelamasterchef.com\/en\/wp-json\/wp\/v2\/products"}],"about":[{"href":"https:\/\/www.escuelamasterchef.com\/en\/wp-json\/wp\/v2\/types\/product"}],"author":[{"embeddable":true,"href":"https:\/\/www.escuelamasterchef.com\/en\/wp-json\/wp\/v2\/users\/3"}],"replies":[{"embeddable":true,"href":"https:\/\/www.escuelamasterchef.com\/en\/wp-json\/wp\/v2\/comments?post=2237"}],"version-history":[{"count":5,"href":"https:\/\/www.escuelamasterchef.com\/en\/wp-json\/wp\/v2\/products\/2237\/revisions"}],"predecessor-version":[{"id":4600,"href":"https:\/\/www.escuelamasterchef.com\/en\/wp-json\/wp\/v2\/products\/2237\/revisions\/4600"}],"wp:attachment":[{"href":"https:\/\/www.escuelamasterchef.com\/en\/wp-json\/wp\/v2\/media?parent=2237"}],"wp:term":[{"taxonomy":"category","embeddable":true,"href":"https:\/\/www.escuelamasterchef.com\/en\/wp-json\/wp\/v2\/categories?post=2237"}],"curies":[{"name":"wp","href":"https:\/\/api.w.org\/{rel}","templated":true}]}}