{"id":2231,"date":"2022-09-14T01:42:30","date_gmt":"2022-09-14T01:42:30","guid":{"rendered":"https:\/\/www.escuelamasterchef.com\/?post_type=product&#038;p=2231"},"modified":"2023-08-04T14:25:00","modified_gmt":"2023-08-04T14:25:00","slug":"tapas","status":"publish","type":"product","link":"https:\/\/www.escuelamasterchef.com\/en\/product\/tapas\/","title":{"rendered":"TAPAS"},"content":{"rendered":"<p>contenido<\/p>\n","protected":false},"excerpt":{"rendered":"<p>Le damos una vuelta de tuerca a la tapa para que puedas crear un efecto sorpresa con nuevas recetas, de f\u00e1cil preparaci\u00f3n.<\/p>\n","protected":false},"author":3,"featured_media":0,"comment_status":"open","ping_status":"closed","template":"","meta":{"_acf_changed":false,"footnotes":""},"categories":[24],"class_list":["post-2231","product","type-product","status-publish","hentry","category-mastercheff-en"],"acf":{"external_id":"1417","titulo_curso":"TAPAS","precio":"1","impartido_en":"es","id_magento":"657","hubspot_product_id":"","id_octavio":"1810","novedad":false,"imagen_destacada":"https:\/\/static.capabiliaserver.com\/frontend\/clients\/masterchef\/wp_dev\/wp-content\/uploads\/2022\/09\/29ea610d-tapas.jpg","header_image":"https:\/\/static.capabiliaserver.com\/frontend\/clients\/masterchef\/wp_dev\/wp-content\/uploads\/2022\/09\/29ea610d-tapas.jpg","mostrar_patrocinador":true,"patrocinador_imagen":"https:\/\/static.capabiliaserver.com\/frontend\/clients\/masterchef\/wp_dev\/wp-content\/uploads\/2022\/09\/382d74ef-bosch-big.png","titulo":"TAPAS","introduccion":"Le damos una vuelta de tuerca a la tapa para que puedas crear un efecto sorpresa con nuevas recetas, de f\u00e1cil preparaci\u00f3n.","descripcion":"Pintxo, \u201cpica-pica\u201d o \u201cpiscolabis\u201d, as\u00ed le llaman a veces al aperitivo, al snack o a nuestra tan amada tapa. Aqu\u00ed tendr\u00e1s una buena representaci\u00f3n de ellas, fusionaremos el sabor de la tradici\u00f3n m\u00e1s espa\u00f1ola con la vanguardia que bebe de todos los rincones del mundo y de las t\u00e9cnicas culinarias m\u00e1s innovadoras. Disfruta de su elabo","videos_del_producto":[{"unidad":" DE LA COCINA ESPA\u00d1OLA ","videos":[{"ID":3138,"post_author":"9","post_date":"2022-09-13 12:44:18","post_date_gmt":"2022-09-13 12:44:18","post_content":"","post_title":"\u00a1Una de oreja!","post_excerpt":"","post_status":"publish","comment_status":"open","ping_status":"closed","post_password":"","post_name":"una-de-oreja","to_ping":"","pinged":"","post_modified":"2022-09-17 01:48:41","post_modified_gmt":"2022-09-17 01:48:41","post_content_filtered":"","post_parent":0,"guid":"https:\/\/www.escuelamasterchef.com\/?post_type=videos&#038;p=3138","menu_order":0,"post_type":"videos","post_mime_type":"","comment_count":"0","filter":"raw"},{"ID":3147,"post_author":"9","post_date":"2022-09-13 12:46:10","post_date_gmt":"2022-09-13 12:46:10","post_content":"","post_title":"Habitas y morcilla","post_excerpt":"","post_status":"publish","comment_status":"open","ping_status":"closed","post_password":"","post_name":"habitas-y-morcilla","to_ping":"","pinged":"","post_modified":"2022-09-16 04:00:04","post_modified_gmt":"2022-09-16 04:00:04","post_content_filtered":"","post_parent":0,"guid":"https:\/\/www.escuelamasterchef.com\/?post_type=videos&#038;p=3147","menu_order":0,"post_type":"videos","post_mime_type":"","comment_count":"0","filter":"raw"},{"ID":3153,"post_author":"9","post_date":"2022-09-13 12:48:07","post_date_gmt":"2022-09-13 12:48:07","post_content":"","post_title":"\u00a1A freir esp\u00e1rragos!","post_excerpt":"","post_status":"publish","comment_status":"open","ping_status":"closed","post_password":"","post_name":"a-freir-esparragos","to_ping":"","pinged":"","post_modified":"2022-09-16 03:07:32","post_modified_gmt":"2022-09-16 03:07:32","post_content_filtered":"","post_parent":0,"guid":"https:\/\/www.escuelamasterchef.com\/?post_type=videos&#038;p=3153","menu_order":0,"post_type":"videos","post_mime_type":"","comment_count":"0","filter":"raw"}]},{"unidad":" A LO LARGO DEL MUNDO ","videos":[{"ID":3168,"post_author":"9","post_date":"2022-09-13 12:54:45","post_date_gmt":"2022-09-13 12:54:45","post_content":"","post_title":"Sashimi afrancesado de pez mantequilla","post_excerpt":"","post_status":"publish","comment_status":"open","ping_status":"closed","post_password":"","post_name":"sashimi-afrancesado-de-pez-mantequilla","to_ping":"","pinged":"","post_modified":"2022-09-16 03:12:07","post_modified_gmt":"2022-09-16 03:12:07","post_content_filtered":"","post_parent":0,"guid":"https:\/\/www.escuelamasterchef.com\/?post_type=videos&#038;p=3168","menu_order":0,"post_type":"videos","post_mime_type":"","comment_count":"0","filter":"raw"},{"ID":3180,"post_author":"9","post_date":"2022-09-13 12:58:01","post_date_gmt":"2022-09-13 12:58:01","post_content":"","post_title":"Tartare de langostinos japo-mex","post_excerpt":"","post_status":"publish","comment_status":"open","ping_status":"closed","post_password":"","post_name":"tartare-de-langostinos-japo-mex","to_ping":"","pinged":"","post_modified":"2022-09-20 02:35:03","post_modified_gmt":"2022-09-20 02:35:03","post_content_filtered":"","post_parent":0,"guid":"https:\/\/www.escuelamasterchef.com\/?post_type=videos&#038;p=3180","menu_order":0,"post_type":"videos","post_mime_type":"","comment_count":"0","filter":"raw"},{"ID":3189,"post_author":"9","post_date":"2022-09-13 13:02:21","post_date_gmt":"2022-09-13 13:02:21","post_content":"","post_title":"Ceviche de gamb\u00f3n","post_excerpt":"","post_status":"publish","comment_status":"open","ping_status":"closed","post_password":"","post_name":"ceviche-de-gambon","to_ping":"","pinged":"","post_modified":"2022-09-16 03:14:37","post_modified_gmt":"2022-09-16 03:14:37","post_content_filtered":"","post_parent":0,"guid":"https:\/\/www.escuelamasterchef.com\/?post_type=videos&#038;p=3189","menu_order":0,"post_type":"videos","post_mime_type":"","comment_count":"0","filter":"raw"}]},{"unidad":" APERITIVOS ","videos":[{"ID":4355,"post_author":"10","post_date":"2022-09-16 18:42:00","post_date_gmt":"2022-09-16 18:42:00","post_content":"","post_title":"Cono de calamares a la andaluza","post_excerpt":"","post_status":"publish","comment_status":"open","ping_status":"closed","post_password":"","post_name":"cono-de-calamares-a-la-andaluza","to_ping":"","pinged":"","post_modified":"2022-09-20 02:36:23","post_modified_gmt":"2022-09-20 02:36:23","post_content_filtered":"","post_parent":0,"guid":"https:\/\/www.escuelamasterchef.com\/?post_type=videos&#038;p=4355","menu_order":0,"post_type":"videos","post_mime_type":"","comment_count":"0","filter":"raw"},{"ID":3206,"post_author":"9","post_date":"2022-09-13 13:12:06","post_date_gmt":"2022-09-13 13:12:06","post_content":"","post_title":"Lomo de at\u00fan y sand\u00eda marinados","post_excerpt":"","post_status":"publish","comment_status":"open","ping_status":"closed","post_password":"","post_name":"lomo-de-atun-y-sandia-marinados","to_ping":"","pinged":"","post_modified":"2022-09-15 18:12:04","post_modified_gmt":"2022-09-15 18:12:04","post_content_filtered":"","post_parent":0,"guid":"https:\/\/www.escuelamasterchef.com\/?post_type=videos&#038;p=3206","menu_order":0,"post_type":"videos","post_mime_type":"","comment_count":"0","filter":"raw"},{"ID":3218,"post_author":"9","post_date":"2022-09-13 13:15:14","post_date_gmt":"2022-09-13 13:15:14","post_content":"","post_title":"Fritura de Caz\u00f3n","post_excerpt":"","post_status":"publish","comment_status":"open","ping_status":"closed","post_password":"","post_name":"fritura-de-cazon","to_ping":"","pinged":"","post_modified":"2022-09-15 18:13:08","post_modified_gmt":"2022-09-15 18:13:08","post_content_filtered":"","post_parent":0,"guid":"https:\/\/www.escuelamasterchef.com\/?post_type=videos&#038;p=3218","menu_order":0,"post_type":"videos","post_mime_type":"","comment_count":"0","filter":"raw"},{"ID":3291,"post_author":"9","post_date":"2022-09-13 13:59:16","post_date_gmt":"2022-09-13 13:59:16","post_content":"","post_title":"Patatas bravas con alioli espumoso","post_excerpt":"","post_status":"publish","comment_status":"open","ping_status":"closed","post_password":"","post_name":"patatas-bravas-con-alioli-espumoso","to_ping":"","pinged":"","post_modified":"2022-09-15 18:14:49","post_modified_gmt":"2022-09-15 18:14:49","post_content_filtered":"","post_parent":0,"guid":"https:\/\/www.escuelamasterchef.com\/?post_type=videos&#038;p=3291","menu_order":0,"post_type":"videos","post_mime_type":"","comment_count":"0","filter":"raw"},{"ID":3300,"post_author":"9","post_date":"2022-09-13 14:03:47","post_date_gmt":"2022-09-13 14:03:47","post_content":"","post_title":"Mantequilla de froie gras","post_excerpt":"","post_status":"publish","comment_status":"open","ping_status":"closed","post_password":"","post_name":"mantequilla-de-froie-gras","to_ping":"","pinged":"","post_modified":"2022-09-16 03:18:18","post_modified_gmt":"2022-09-16 03:18:18","post_content_filtered":"","post_parent":0,"guid":"https:\/\/www.escuelamasterchef.com\/?post_type=videos&#038;p=3300","menu_order":0,"post_type":"videos","post_mime_type":"","comment_count":"0","filter":"raw"},{"ID":3316,"post_author":"9","post_date":"2022-09-13 14:08:00","post_date_gmt":"2022-09-13 14:08:00","post_content":"","post_title":"Merengue c\u00edtrico deshidratado con cremoso de queso de cabra, miel, pi\u00f1ones y flores","post_excerpt":"","post_status":"publish","comment_status":"open","ping_status":"closed","post_password":"","post_name":"merengue-citrico-deshidratado-con-cremoso-de-queso-de-cabra-miel-pinones-y-flores","to_ping":"","pinged":"","post_modified":"2022-09-20 02:38:24","post_modified_gmt":"2022-09-20 02:38:24","post_content_filtered":"","post_parent":0,"guid":"https:\/\/www.escuelamasterchef.com\/?post_type=videos&#038;p=3316","menu_order":0,"post_type":"videos","post_mime_type":"","comment_count":"0","filter":"raw"},{"ID":5117,"post_author":"8","post_date":"2023-08-04 13:26:29","post_date_gmt":"2023-08-04 13:26:29","post_content":"","post_title":"Ninyoyaki de pisto con \u201chuevo frito\u201d y caviar de trucha","post_excerpt":"","post_status":"publish","comment_status":"open","ping_status":"closed","post_password":"","post_name":"ninyoyaki-de-pisto-con-huevo-frito-y-caviar-de-trucha","to_ping":"","pinged":"","post_modified":"2023-08-15 14:51:01","post_modified_gmt":"2023-08-15 14:51:01","post_content_filtered":"","post_parent":0,"guid":"https:\/\/www.escuelamasterchef.com\/?post_type=videos&#038;p=5117","menu_order":0,"post_type":"videos","post_mime_type":"","comment_count":"0","filter":"raw"},{"ID":5123,"post_author":"8","post_date":"2023-08-04 14:17:58","post_date_gmt":"2023-08-04 14:17:58","post_content":"","post_title":"Tortilla vaga de patatas fritas, trufa, champi\u00f1ones y mayonesa trufada de ajo","post_excerpt":"","post_status":"publish","comment_status":"open","ping_status":"closed","post_password":"","post_name":"tortilla-vaga-de-patatas-fritas-trufa-champinones-y-mayonesa-trufada-de-ajo","to_ping":"","pinged":"","post_modified":"2023-08-15 14:50:52","post_modified_gmt":"2023-08-15 14:50:52","post_content_filtered":"","post_parent":0,"guid":"https:\/\/www.escuelamasterchef.com\/?post_type=videos&#038;p=5123","menu_order":0,"post_type":"videos","post_mime_type":"","comment_count":"0","filter":"raw"}]}],"activar_nuevos_banners":false,"mostrar_banner_1":false,"crear_banner_1":{"utilizar_imagen_unica_para_banner":false,"asignar_imagen_unica_para_banner":false,"mostrar_titulo_banner":false,"titulo_para_banner":"","mostrar_subtitulo_banner":false,"subtitulo_del_banner":"","mostrar_cta_banner":false,"texto_cta_banner":"","url_cta_banner":"","fondo_de_color_banner":"","fondo_de_imagen_banner":false,"mostrar_imagen_izquierda_banner":false,"asignar_imagen_izquierda_banner":false},"mostrar_banner_2":false,"crear_banner_2":{"utilizar_imagen_unica_para_banner":false,"asignar_imagen_unica_para_banner":false,"mostrar_titulo_banner":false,"titulo_para_banner":"","mostrar_subtitulo_banner":false,"subtitulo_del_banner":"","mostrar_cta_banner":false,"texto_cta_banner":"","url_cta_banner":"","fondo_de_color_banner":"","fondo_de_imagen_banner":false,"mostrar_imagen_izquierda_banner":false,"asignar_imagen_izquierda_banner":false},"mostrar_banner_3":false,"crear_banner_3":{"utilizar_imagen_unica_para_banner":false,"asignar_imagen_unica_para_banner":false,"mostrar_titulo_banner":false,"titulo_para_banner":"","mostrar_subtitulo_banner":false,"subtitulo_del_banner":"","mostrar_cta_banner":false,"texto_cta_banner":"","url_cta_banner":"","fondo_de_color_banner":"","fondo_de_imagen_banner":false,"mostrar_imagen_izquierda_banner":false,"asignar_imagen_izquierda_banner":false}},"yoast_head":"<!-- This site is optimized with the Yoast SEO plugin v23.0 - https:\/\/yoast.com\/wordpress\/plugins\/seo\/ -->\n<title>TAPAS - Capabilia<\/title>\n<meta name=\"description\" content=\"Le damos una vuelta de tuerca a la tapa para que puedas crear un efecto sorpresa con nuevas recetas, de f\u00e1cil preparaci\u00f3n.\" \/>\n<meta name=\"robots\" content=\"index, follow, max-snippet:-1, max-image-preview:large, max-video-preview:-1\" \/>\n<link rel=\"canonical\" href=\"https:\/\/www.escuelamasterchef.com\/en\/product\/tapas\/\" \/>\n<meta property=\"og:locale\" content=\"en_US\" \/>\n<meta property=\"og:type\" content=\"article\" \/>\n<meta property=\"og:title\" content=\"TAPAS - Capabilia\" \/>\n<meta property=\"og:description\" content=\"Le damos una vuelta de tuerca a la tapa para que puedas crear un efecto sorpresa con nuevas recetas, de f\u00e1cil preparaci\u00f3n.\" \/>\n<meta property=\"og:url\" content=\"https:\/\/www.escuelamasterchef.com\/en\/product\/tapas\/\" \/>\n<meta property=\"og:site_name\" content=\"Capabilia\" \/>\n<meta property=\"article:modified_time\" content=\"2023-08-04T14:25:00+00:00\" \/>\n<meta name=\"twitter:card\" content=\"summary_large_image\" \/>\n<meta name=\"twitter:label1\" content=\"Est. reading time\" \/>\n\t<meta name=\"twitter:data1\" content=\"1 minute\" \/>\n<script type=\"application\/ld+json\" class=\"yoast-schema-graph\">{\"@context\":\"https:\/\/schema.org\",\"@graph\":[{\"@type\":\"WebPage\",\"@id\":\"https:\/\/www.escuelamasterchef.com\/en\/product\/tapas\/\",\"url\":\"https:\/\/www.escuelamasterchef.com\/en\/product\/tapas\/\",\"name\":\"TAPAS - Capabilia\",\"isPartOf\":{\"@id\":\"https:\/\/www.escuelamasterchef.com\/#website\"},\"datePublished\":\"2022-09-14T01:42:30+00:00\",\"dateModified\":\"2023-08-04T14:25:00+00:00\",\"description\":\"Le damos una vuelta de tuerca a la tapa para que puedas crear un efecto sorpresa con nuevas recetas, de f\u00e1cil preparaci\u00f3n.\",\"breadcrumb\":{\"@id\":\"https:\/\/www.escuelamasterchef.com\/en\/product\/tapas\/#breadcrumb\"},\"inLanguage\":\"en-US\",\"potentialAction\":[{\"@type\":\"ReadAction\",\"target\":[\"https:\/\/www.escuelamasterchef.com\/en\/product\/tapas\/\"]}]},{\"@type\":\"BreadcrumbList\",\"@id\":\"https:\/\/www.escuelamasterchef.com\/en\/product\/tapas\/#breadcrumb\",\"itemListElement\":[{\"@type\":\"ListItem\",\"position\":1,\"name\":\"Productos\",\"item\":\"https:\/\/www.escuelamasterchef.com\/product\/\"},{\"@type\":\"ListItem\",\"position\":2,\"name\":\"TAPAS\"}]},{\"@type\":\"WebSite\",\"@id\":\"https:\/\/www.escuelamasterchef.com\/#website\",\"url\":\"https:\/\/www.escuelamasterchef.com\/\",\"name\":\"Capabilia\",\"description\":\"\",\"potentialAction\":[{\"@type\":\"SearchAction\",\"target\":{\"@type\":\"EntryPoint\",\"urlTemplate\":\"https:\/\/www.escuelamasterchef.com\/?s={search_term_string}\"},\"query-input\":\"required name=search_term_string\"}],\"inLanguage\":\"en-US\"}]}<\/script>\n<!-- \/ Yoast SEO plugin. -->","yoast_head_json":{"title":"TAPAS - Capabilia","description":"Le damos una vuelta de tuerca a la tapa para que puedas crear un efecto sorpresa con nuevas recetas, de f\u00e1cil preparaci\u00f3n.","robots":{"index":"index","follow":"follow","max-snippet":"max-snippet:-1","max-image-preview":"max-image-preview:large","max-video-preview":"max-video-preview:-1"},"canonical":"https:\/\/www.escuelamasterchef.com\/en\/product\/tapas\/","og_locale":"en_US","og_type":"article","og_title":"TAPAS - Capabilia","og_description":"Le damos una vuelta de tuerca a la tapa para que puedas crear un efecto sorpresa con nuevas recetas, de f\u00e1cil preparaci\u00f3n.","og_url":"https:\/\/www.escuelamasterchef.com\/en\/product\/tapas\/","og_site_name":"Capabilia","article_modified_time":"2023-08-04T14:25:00+00:00","twitter_card":"summary_large_image","twitter_misc":{"Est. reading time":"1 minute"},"schema":{"@context":"https:\/\/schema.org","@graph":[{"@type":"WebPage","@id":"https:\/\/www.escuelamasterchef.com\/en\/product\/tapas\/","url":"https:\/\/www.escuelamasterchef.com\/en\/product\/tapas\/","name":"TAPAS - Capabilia","isPartOf":{"@id":"https:\/\/www.escuelamasterchef.com\/#website"},"datePublished":"2022-09-14T01:42:30+00:00","dateModified":"2023-08-04T14:25:00+00:00","description":"Le damos una vuelta de tuerca a la tapa para que puedas crear un efecto sorpresa con nuevas recetas, de f\u00e1cil preparaci\u00f3n.","breadcrumb":{"@id":"https:\/\/www.escuelamasterchef.com\/en\/product\/tapas\/#breadcrumb"},"inLanguage":"en-US","potentialAction":[{"@type":"ReadAction","target":["https:\/\/www.escuelamasterchef.com\/en\/product\/tapas\/"]}]},{"@type":"BreadcrumbList","@id":"https:\/\/www.escuelamasterchef.com\/en\/product\/tapas\/#breadcrumb","itemListElement":[{"@type":"ListItem","position":1,"name":"Productos","item":"https:\/\/www.escuelamasterchef.com\/product\/"},{"@type":"ListItem","position":2,"name":"TAPAS"}]},{"@type":"WebSite","@id":"https:\/\/www.escuelamasterchef.com\/#website","url":"https:\/\/www.escuelamasterchef.com\/","name":"Capabilia","description":"","potentialAction":[{"@type":"SearchAction","target":{"@type":"EntryPoint","urlTemplate":"https:\/\/www.escuelamasterchef.com\/?s={search_term_string}"},"query-input":"required name=search_term_string"}],"inLanguage":"en-US"}]}},"idiomas":{"en":2231,"es":2230},"_links":{"self":[{"href":"https:\/\/www.escuelamasterchef.com\/en\/wp-json\/wp\/v2\/products\/2231"}],"collection":[{"href":"https:\/\/www.escuelamasterchef.com\/en\/wp-json\/wp\/v2\/products"}],"about":[{"href":"https:\/\/www.escuelamasterchef.com\/en\/wp-json\/wp\/v2\/types\/product"}],"author":[{"embeddable":true,"href":"https:\/\/www.escuelamasterchef.com\/en\/wp-json\/wp\/v2\/users\/3"}],"replies":[{"embeddable":true,"href":"https:\/\/www.escuelamasterchef.com\/en\/wp-json\/wp\/v2\/comments?post=2231"}],"version-history":[{"count":5,"href":"https:\/\/www.escuelamasterchef.com\/en\/wp-json\/wp\/v2\/products\/2231\/revisions"}],"predecessor-version":[{"id":5127,"href":"https:\/\/www.escuelamasterchef.com\/en\/wp-json\/wp\/v2\/products\/2231\/revisions\/5127"}],"wp:attachment":[{"href":"https:\/\/www.escuelamasterchef.com\/en\/wp-json\/wp\/v2\/media?parent=2231"}],"wp:term":[{"taxonomy":"category","embeddable":true,"href":"https:\/\/www.escuelamasterchef.com\/en\/wp-json\/wp\/v2\/categories?post=2231"}],"curies":[{"name":"wp","href":"https:\/\/api.w.org\/{rel}","templated":true}]}}