{"id":2229,"date":"2022-09-13T02:59:58","date_gmt":"2022-09-13T02:59:58","guid":{"rendered":"https:\/\/www.escuelamasterchef.com\/?post_type=product&#038;p=2229"},"modified":"2022-09-16T17:42:06","modified_gmt":"2022-09-16T17:42:06","slug":"cocina-en-30-minutos","status":"publish","type":"product","link":"https:\/\/www.escuelamasterchef.com\/en\/product\/cocina-en-30-minutos\/","title":{"rendered":"COCINA EN 30 MINUTOS"},"content":{"rendered":"<p>contenido<\/p>\n","protected":false},"excerpt":{"rendered":"<p>Si no tienes mucho tiempo para estar en la cocina, este curso es para ti. <\/p>\n","protected":false},"author":3,"featured_media":0,"comment_status":"open","ping_status":"closed","template":"","meta":{"_acf_changed":false,"footnotes":""},"categories":[24],"class_list":["post-2229","product","type-product","status-publish","hentry","category-mastercheff-en"],"acf":{"external_id":"1416","titulo_curso":"COCINA EN 30 MINUTOS","precio":"1","impartido_en":"es","id_magento":"656","hubspot_product_id":"","id_octavio":"1809","novedad":false,"imagen_destacada":"https:\/\/static.capabiliaserver.com\/frontend\/clients\/masterchef\/wp_dev\/wp-content\/uploads\/2022\/09\/a805aad0-cocina-30-minutos.jpg","header_image":"https:\/\/static.capabiliaserver.com\/frontend\/clients\/masterchef\/wp_dev\/wp-content\/uploads\/2022\/09\/a805aad0-cocina-30-minutos.jpg","mostrar_patrocinador":true,"patrocinador_imagen":"https:\/\/static.capabiliaserver.com\/frontend\/clients\/masterchef\/wp_dev\/wp-content\/uploads\/2022\/09\/382d74ef-bosch-big.png","titulo":"COCINA EN 30 MINUTOS","introduccion":"Si no tienes mucho tiempo para estar en la cocina, este curso es para ti. ","descripcion":"Si no tienes mucho tiempo para estar en la cocina, este curso es para ti. Carlos Maldonado, ganador de la tercera edici\u00f3n de MasterChef, te demostrar\u00e1 que cocinar un buen plato en 30 minutos es posible y, adem\u00e1s, f\u00e1cil. ","videos_del_producto":[{"unidad":" COCINA EN 30 MINUTOS ","videos":[{"ID":2842,"post_author":"9","post_date":"2022-09-12 21:40:18","post_date_gmt":"2022-09-12 21:40:18","post_content":"","post_title":"Dashi con tartar de cigala","post_excerpt":"","post_status":"publish","comment_status":"open","ping_status":"closed","post_password":"","post_name":"dashi-con-tartar-de-cigala","to_ping":"","pinged":"","post_modified":"2022-09-15 14:56:47","post_modified_gmt":"2022-09-15 14:56:47","post_content_filtered":"","post_parent":0,"guid":"https:\/\/www.escuelamasterchef.com\/?post_type=videos&#038;p=2842","menu_order":0,"post_type":"videos","post_mime_type":"","comment_count":"0","filter":"raw"},{"ID":2845,"post_author":"9","post_date":"2022-09-12 21:50:32","post_date_gmt":"2022-09-12 21:50:32","post_content":"","post_title":"Carpaccio de ciervo con 5 especias","post_excerpt":"","post_status":"publish","comment_status":"open","ping_status":"closed","post_password":"","post_name":"carpaccio-de-ciervo-con-5-especias","to_ping":"","pinged":"","post_modified":"2022-09-15 14:58:32","post_modified_gmt":"2022-09-15 14:58:32","post_content_filtered":"","post_parent":0,"guid":"https:\/\/www.escuelamasterchef.com\/?post_type=videos&#038;p=2845","menu_order":0,"post_type":"videos","post_mime_type":"","comment_count":"0","filter":"raw"},{"ID":2848,"post_author":"9","post_date":"2022-09-12 21:54:38","post_date_gmt":"2022-09-12 21:54:38","post_content":"","post_title":"Langostinos al cava y almendras","post_excerpt":"","post_status":"publish","comment_status":"open","ping_status":"closed","post_password":"","post_name":"langostinos-al-cava-y-almendras","to_ping":"","pinged":"","post_modified":"2023-04-17 18:21:52","post_modified_gmt":"2023-04-17 18:21:52","post_content_filtered":"","post_parent":0,"guid":"https:\/\/www.escuelamasterchef.com\/?post_type=videos&#038;p=2848","menu_order":0,"post_type":"videos","post_mime_type":"","comment_count":"0","filter":"raw"},{"ID":2851,"post_author":"9","post_date":"2022-09-12 21:58:43","post_date_gmt":"2022-09-12 21:58:43","post_content":"","post_title":"Rissoto verde de espinacas","post_excerpt":"","post_status":"publish","comment_status":"open","ping_status":"closed","post_password":"","post_name":"rissoto-verde-de-espinacas","to_ping":"","pinged":"","post_modified":"2022-09-15 15:01:03","post_modified_gmt":"2022-09-15 15:01:03","post_content_filtered":"","post_parent":0,"guid":"https:\/\/www.escuelamasterchef.com\/?post_type=videos&#038;p=2851","menu_order":0,"post_type":"videos","post_mime_type":"","comment_count":"0","filter":"raw"},{"ID":2854,"post_author":"9","post_date":"2022-09-12 22:01:22","post_date_gmt":"2022-09-12 22:01:22","post_content":"","post_title":"Merluza con sopa espumosa","post_excerpt":"","post_status":"publish","comment_status":"open","ping_status":"closed","post_password":"","post_name":"merluza-con-sopa-espumosa","to_ping":"","pinged":"","post_modified":"2022-09-15 22:45:19","post_modified_gmt":"2022-09-15 22:45:19","post_content_filtered":"","post_parent":0,"guid":"https:\/\/www.escuelamasterchef.com\/?post_type=videos&#038;p=2854","menu_order":0,"post_type":"videos","post_mime_type":"","comment_count":"0","filter":"raw"},{"ID":2857,"post_author":"9","post_date":"2022-09-12 22:03:33","post_date_gmt":"2022-09-12 22:03:33","post_content":"","post_title":"Crema de ma\u00edz y coco, anguila ahumada y encurtidos","post_excerpt":"","post_status":"publish","comment_status":"open","ping_status":"closed","post_password":"","post_name":"crema-de-maiz-y-coco-anguila-ahumada-y-encurtidos","to_ping":"","pinged":"","post_modified":"2022-09-15 15:05:29","post_modified_gmt":"2022-09-15 15:05:29","post_content_filtered":"","post_parent":0,"guid":"https:\/\/www.escuelamasterchef.com\/?post_type=videos&#038;p=2857","menu_order":0,"post_type":"videos","post_mime_type":"","comment_count":"0","filter":"raw"},{"ID":2860,"post_author":"9","post_date":"2022-09-12 22:07:16","post_date_gmt":"2022-09-12 22:07:16","post_content":"","post_title":"Mejillones al curry rojo","post_excerpt":"","post_status":"publish","comment_status":"open","ping_status":"closed","post_password":"","post_name":"mejillones-al-curry-rojo","to_ping":"","pinged":"","post_modified":"2022-09-15 15:07:22","post_modified_gmt":"2022-09-15 15:07:22","post_content_filtered":"","post_parent":0,"guid":"https:\/\/www.escuelamasterchef.com\/?post_type=videos&#038;p=2860","menu_order":0,"post_type":"videos","post_mime_type":"","comment_count":"0","filter":"raw"},{"ID":2863,"post_author":"9","post_date":"2022-09-12 22:09:29","post_date_gmt":"2022-09-12 22:09:29","post_content":"","post_title":"Roast Beef de presa de cerdo ib\u00e9rico, crema de remolacha y queso de oveja","post_excerpt":"","post_status":"publish","comment_status":"open","ping_status":"closed","post_password":"","post_name":"roast-beef-de-presa-de-cerdo-iberico-crema-de-remolacha-y-queso-de-oveja","to_ping":"","pinged":"","post_modified":"2022-09-15 15:09:01","post_modified_gmt":"2022-09-15 15:09:01","post_content_filtered":"","post_parent":0,"guid":"https:\/\/www.escuelamasterchef.com\/?post_type=videos&#038;p=2863","menu_order":0,"post_type":"videos","post_mime_type":"","comment_count":"0","filter":"raw"},{"ID":2866,"post_author":"9","post_date":"2022-09-12 22:11:22","post_date_gmt":"2022-09-12 22:11:22","post_content":"","post_title":"Tiradito de dorada, salsa oriental, aguacate y brotes de soja","post_excerpt":"","post_status":"publish","comment_status":"open","ping_status":"closed","post_password":"","post_name":"tiradito-de-dorada-salsa-oriental-aguacate-y-brotes-de-soja","to_ping":"","pinged":"","post_modified":"2022-09-15 15:10:44","post_modified_gmt":"2022-09-15 15:10:44","post_content_filtered":"","post_parent":0,"guid":"https:\/\/www.escuelamasterchef.com\/?post_type=videos&#038;p=2866","menu_order":0,"post_type":"videos","post_mime_type":"","comment_count":"0","filter":"raw"},{"ID":2869,"post_author":"9","post_date":"2022-09-12 22:13:55","post_date_gmt":"2022-09-12 22:13:55","post_content":"","post_title":"Spaguettis de tinta de calamar, setas, gambas y chips de ajos","post_excerpt":"","post_status":"publish","comment_status":"open","ping_status":"closed","post_password":"","post_name":"spaguettis-de-tinta-de-calamar-setas-gambas-y-chips-de-ajos","to_ping":"","pinged":"","post_modified":"2022-09-15 15:12:17","post_modified_gmt":"2022-09-15 15:12:17","post_content_filtered":"","post_parent":0,"guid":"https:\/\/www.escuelamasterchef.com\/?post_type=videos&#038;p=2869","menu_order":0,"post_type":"videos","post_mime_type":"","comment_count":"0","filter":"raw"}]}],"activar_nuevos_banners":false,"mostrar_banner_1":false,"crear_banner_1":{"utilizar_imagen_unica_para_banner":false,"asignar_imagen_unica_para_banner":false,"mostrar_titulo_banner":false,"titulo_para_banner":"","mostrar_subtitulo_banner":false,"subtitulo_del_banner":"","mostrar_cta_banner":false,"texto_cta_banner":"","url_cta_banner":"","fondo_de_color_banner":"","fondo_de_imagen_banner":false,"mostrar_imagen_izquierda_banner":false,"asignar_imagen_izquierda_banner":false},"mostrar_banner_2":false,"crear_banner_2":{"utilizar_imagen_unica_para_banner":false,"asignar_imagen_unica_para_banner":false,"mostrar_titulo_banner":false,"titulo_para_banner":"","mostrar_subtitulo_banner":false,"subtitulo_del_banner":"","mostrar_cta_banner":false,"texto_cta_banner":"","url_cta_banner":"","fondo_de_color_banner":"","fondo_de_imagen_banner":false,"mostrar_imagen_izquierda_banner":false,"asignar_imagen_izquierda_banner":false},"mostrar_banner_3":false,"crear_banner_3":{"utilizar_imagen_unica_para_banner":false,"asignar_imagen_unica_para_banner":false,"mostrar_titulo_banner":false,"titulo_para_banner":"","mostrar_subtitulo_banner":false,"subtitulo_del_banner":"","mostrar_cta_banner":false,"texto_cta_banner":"","url_cta_banner":"","fondo_de_color_banner":"","fondo_de_imagen_banner":false,"mostrar_imagen_izquierda_banner":false,"asignar_imagen_izquierda_banner":false}},"yoast_head":"<!-- This site is optimized with the Yoast SEO plugin v23.0 - https:\/\/yoast.com\/wordpress\/plugins\/seo\/ -->\n<title>COCINA EN 30 MINUTOS - Capabilia<\/title>\n<meta name=\"robots\" content=\"index, follow, max-snippet:-1, max-image-preview:large, max-video-preview:-1\" \/>\n<link rel=\"canonical\" href=\"https:\/\/www.escuelamasterchef.com\/en\/product\/cocina-en-30-minutos\/\" \/>\n<meta property=\"og:locale\" content=\"en_US\" \/>\n<meta property=\"og:type\" content=\"article\" \/>\n<meta property=\"og:title\" content=\"COCINA EN 30 MINUTOS - Capabilia\" \/>\n<meta property=\"og:description\" content=\"Si no tienes mucho tiempo para estar en la cocina, este curso es para ti.\" \/>\n<meta property=\"og:url\" content=\"https:\/\/www.escuelamasterchef.com\/en\/product\/cocina-en-30-minutos\/\" \/>\n<meta property=\"og:site_name\" content=\"Capabilia\" \/>\n<meta property=\"article:modified_time\" content=\"2022-09-16T17:42:06+00:00\" \/>\n<meta name=\"twitter:card\" content=\"summary_large_image\" \/>\n<meta name=\"twitter:label1\" content=\"Est. reading time\" \/>\n\t<meta name=\"twitter:data1\" content=\"1 minute\" \/>\n<script type=\"application\/ld+json\" class=\"yoast-schema-graph\">{\"@context\":\"https:\/\/schema.org\",\"@graph\":[{\"@type\":\"WebPage\",\"@id\":\"https:\/\/www.escuelamasterchef.com\/en\/product\/cocina-en-30-minutos\/\",\"url\":\"https:\/\/www.escuelamasterchef.com\/en\/product\/cocina-en-30-minutos\/\",\"name\":\"COCINA EN 30 MINUTOS - Capabilia\",\"isPartOf\":{\"@id\":\"https:\/\/www.escuelamasterchef.com\/#website\"},\"datePublished\":\"2022-09-13T02:59:58+00:00\",\"dateModified\":\"2022-09-16T17:42:06+00:00\",\"breadcrumb\":{\"@id\":\"https:\/\/www.escuelamasterchef.com\/en\/product\/cocina-en-30-minutos\/#breadcrumb\"},\"inLanguage\":\"en-US\",\"potentialAction\":[{\"@type\":\"ReadAction\",\"target\":[\"https:\/\/www.escuelamasterchef.com\/en\/product\/cocina-en-30-minutos\/\"]}]},{\"@type\":\"BreadcrumbList\",\"@id\":\"https:\/\/www.escuelamasterchef.com\/en\/product\/cocina-en-30-minutos\/#breadcrumb\",\"itemListElement\":[{\"@type\":\"ListItem\",\"position\":1,\"name\":\"Productos\",\"item\":\"https:\/\/www.escuelamasterchef.com\/product\/\"},{\"@type\":\"ListItem\",\"position\":2,\"name\":\"COCINA EN 30 MINUTOS\"}]},{\"@type\":\"WebSite\",\"@id\":\"https:\/\/www.escuelamasterchef.com\/#website\",\"url\":\"https:\/\/www.escuelamasterchef.com\/\",\"name\":\"Capabilia\",\"description\":\"\",\"potentialAction\":[{\"@type\":\"SearchAction\",\"target\":{\"@type\":\"EntryPoint\",\"urlTemplate\":\"https:\/\/www.escuelamasterchef.com\/?s={search_term_string}\"},\"query-input\":\"required name=search_term_string\"}],\"inLanguage\":\"en-US\"}]}<\/script>\n<!-- \/ Yoast SEO plugin. -->","yoast_head_json":{"title":"COCINA EN 30 MINUTOS - Capabilia","robots":{"index":"index","follow":"follow","max-snippet":"max-snippet:-1","max-image-preview":"max-image-preview:large","max-video-preview":"max-video-preview:-1"},"canonical":"https:\/\/www.escuelamasterchef.com\/en\/product\/cocina-en-30-minutos\/","og_locale":"en_US","og_type":"article","og_title":"COCINA EN 30 MINUTOS - Capabilia","og_description":"Si no tienes mucho tiempo para estar en la cocina, este curso es para ti.","og_url":"https:\/\/www.escuelamasterchef.com\/en\/product\/cocina-en-30-minutos\/","og_site_name":"Capabilia","article_modified_time":"2022-09-16T17:42:06+00:00","twitter_card":"summary_large_image","twitter_misc":{"Est. reading time":"1 minute"},"schema":{"@context":"https:\/\/schema.org","@graph":[{"@type":"WebPage","@id":"https:\/\/www.escuelamasterchef.com\/en\/product\/cocina-en-30-minutos\/","url":"https:\/\/www.escuelamasterchef.com\/en\/product\/cocina-en-30-minutos\/","name":"COCINA EN 30 MINUTOS - Capabilia","isPartOf":{"@id":"https:\/\/www.escuelamasterchef.com\/#website"},"datePublished":"2022-09-13T02:59:58+00:00","dateModified":"2022-09-16T17:42:06+00:00","breadcrumb":{"@id":"https:\/\/www.escuelamasterchef.com\/en\/product\/cocina-en-30-minutos\/#breadcrumb"},"inLanguage":"en-US","potentialAction":[{"@type":"ReadAction","target":["https:\/\/www.escuelamasterchef.com\/en\/product\/cocina-en-30-minutos\/"]}]},{"@type":"BreadcrumbList","@id":"https:\/\/www.escuelamasterchef.com\/en\/product\/cocina-en-30-minutos\/#breadcrumb","itemListElement":[{"@type":"ListItem","position":1,"name":"Productos","item":"https:\/\/www.escuelamasterchef.com\/product\/"},{"@type":"ListItem","position":2,"name":"COCINA EN 30 MINUTOS"}]},{"@type":"WebSite","@id":"https:\/\/www.escuelamasterchef.com\/#website","url":"https:\/\/www.escuelamasterchef.com\/","name":"Capabilia","description":"","potentialAction":[{"@type":"SearchAction","target":{"@type":"EntryPoint","urlTemplate":"https:\/\/www.escuelamasterchef.com\/?s={search_term_string}"},"query-input":"required name=search_term_string"}],"inLanguage":"en-US"}]}},"idiomas":{"en":2229,"es":2228},"_links":{"self":[{"href":"https:\/\/www.escuelamasterchef.com\/en\/wp-json\/wp\/v2\/products\/2229"}],"collection":[{"href":"https:\/\/www.escuelamasterchef.com\/en\/wp-json\/wp\/v2\/products"}],"about":[{"href":"https:\/\/www.escuelamasterchef.com\/en\/wp-json\/wp\/v2\/types\/product"}],"author":[{"embeddable":true,"href":"https:\/\/www.escuelamasterchef.com\/en\/wp-json\/wp\/v2\/users\/3"}],"replies":[{"embeddable":true,"href":"https:\/\/www.escuelamasterchef.com\/en\/wp-json\/wp\/v2\/comments?post=2229"}],"version-history":[{"count":4,"href":"https:\/\/www.escuelamasterchef.com\/en\/wp-json\/wp\/v2\/products\/2229\/revisions"}],"predecessor-version":[{"id":4299,"href":"https:\/\/www.escuelamasterchef.com\/en\/wp-json\/wp\/v2\/products\/2229\/revisions\/4299"}],"wp:attachment":[{"href":"https:\/\/www.escuelamasterchef.com\/en\/wp-json\/wp\/v2\/media?parent=2229"}],"wp:term":[{"taxonomy":"category","embeddable":true,"href":"https:\/\/www.escuelamasterchef.com\/en\/wp-json\/wp\/v2\/categories?post=2229"}],"curies":[{"name":"wp","href":"https:\/\/api.w.org\/{rel}","templated":true}]}}