{"id":2219,"date":"2022-09-07T18:08:28","date_gmt":"2022-09-07T18:08:28","guid":{"rendered":"https:\/\/www.escuelamasterchef.com\/?post_type=product&#038;p=2219"},"modified":"2023-10-23T19:51:20","modified_gmt":"2023-10-23T19:51:20","slug":"cocina-con-bosch","status":"publish","type":"product","link":"https:\/\/www.escuelamasterchef.com\/en\/product\/cocina-con-bosch\/","title":{"rendered":"COCINA CON BOSCH"},"content":{"rendered":"<p>contenido<\/p>\n","protected":false},"excerpt":{"rendered":"<p>Conoce todo lo que puedes hacer con nuestros peque\u00f1os electrodom\u00e9sticos Bosch.<\/p>\n","protected":false},"author":3,"featured_media":0,"comment_status":"open","ping_status":"closed","template":"","meta":{"_acf_changed":false,"footnotes":""},"categories":[24],"class_list":["post-2219","product","type-product","status-publish","hentry","category-mastercheff-en"],"acf":{"external_id":"1411","titulo_curso":"COCINA CON BOSCH","precio":"1","impartido_en":"es","id_magento":"651","hubspot_product_id":"","id_octavio":"1804","imagen_destacada":"https:\/\/static.capabiliaserver.com\/frontend\/clients\/masterchef\/wp_dev\/wp-content\/uploads\/2022\/09\/55447b00-cocina-con-bosch.jpg","header_image":"https:\/\/static.capabiliaserver.com\/frontend\/clients\/masterchef\/wp_dev\/wp-content\/uploads\/2022\/09\/55447b00-cocina-con-bosch.jpg","titulo":"COCINA CON BOSCH","introduccion":"Conoce todo lo que puedes hacer con nuestros peque\u00f1os electrodom\u00e9sticos Bosch.","descripcion":"Aleix Puig y Luis Veira te ense\u00f1ar\u00e1n a sacar el m\u00e1ximo partido a tus electrodom\u00e9sticos para ahorrar tiempo en la cocina y lograr resultados profesionales en casa. ","videos_del_producto":[{"unidad":" ALEIX PUIG ","videos":[{"ID":2956,"post_author":"9","post_date":"2022-09-12 23:35:39","post_date_gmt":"2022-09-12 23:35:39","post_content":"","post_title":"Arroz seco de verduras con cocochas de bacalao al pil-pil","post_excerpt":"","post_status":"publish","comment_status":"open","ping_status":"closed","post_password":"","post_name":"arroz-seco-de-verduras-con-cocochas-de-bacalao-al-pil-pil","to_ping":"","pinged":"","post_modified":"2022-09-16 17:28:53","post_modified_gmt":"2022-09-16 17:28:53","post_content_filtered":"","post_parent":0,"guid":"https:\/\/www.escuelamasterchef.com\/?post_type=videos&#038;p=2956","menu_order":0,"post_type":"videos","post_mime_type":"","comment_count":"0","filter":"raw"},{"ID":2959,"post_author":"9","post_date":"2022-09-12 23:38:16","post_date_gmt":"2022-09-12 23:38:16","post_content":"","post_title":"Bizcocho de naranja con s\u00e9samo negro, chocolate ruby y aire de fresas y flor de violeta","post_excerpt":"","post_status":"publish","comment_status":"open","ping_status":"closed","post_password":"","post_name":"bizcocho-de-naranja-con-sesamo-negro-chocolate-ruby-y-aire-de-fresas-y-flor-de-violeta","to_ping":"","pinged":"","post_modified":"2022-09-16 17:31:13","post_modified_gmt":"2022-09-16 17:31:13","post_content_filtered":"","post_parent":0,"guid":"https:\/\/www.escuelamasterchef.com\/?post_type=videos&#038;p=2959","menu_order":0,"post_type":"videos","post_mime_type":"","comment_count":"0","filter":"raw"},{"ID":2962,"post_author":"9","post_date":"2022-09-12 23:41:40","post_date_gmt":"2022-09-12 23:41:40","post_content":"","post_title":"Medall\u00f3n de rape alangostado con veloute de su cabeza y setas de temporada","post_excerpt":"","post_status":"publish","comment_status":"open","ping_status":"closed","post_password":"","post_name":"medallon-de-rape-alangostado-con-veloute-de-su-cabeza-y-setas-de-temporada","to_ping":"","pinged":"","post_modified":"2022-09-19 13:03:59","post_modified_gmt":"2022-09-19 13:03:59","post_content_filtered":"","post_parent":0,"guid":"https:\/\/www.escuelamasterchef.com\/?post_type=videos&#038;p=2962","menu_order":0,"post_type":"videos","post_mime_type":"","comment_count":"0","filter":"raw"},{"ID":2965,"post_author":"9","post_date":"2022-09-12 23:43:46","post_date_gmt":"2022-09-12 23:43:46","post_content":"","post_title":"Cabracho frito entero con su carne macerada en ponzu, mayo de sus interiores, botarga y flor de ajo","post_excerpt":"","post_status":"publish","comment_status":"open","ping_status":"closed","post_password":"","post_name":"cabracho-frito-entero-con-su-carne-macerada-en-ponzu-mayo-de-sus-interiores-botarga-y-flor-de-ajo","to_ping":"","pinged":"","post_modified":"2022-09-16 17:34:57","post_modified_gmt":"2022-09-16 17:34:57","post_content_filtered":"","post_parent":0,"guid":"https:\/\/www.escuelamasterchef.com\/?post_type=videos&#038;p=2965","menu_order":0,"post_type":"videos","post_mime_type":"","comment_count":"0","filter":"raw"},{"ID":2968,"post_author":"9","post_date":"2022-09-12 23:46:00","post_date_gmt":"2022-09-12 23:46:00","post_content":"","post_title":"Carr\u00e9 de cordero con demi glac\u00e9 del mismo, pure dulce de lombarda y chips de platano macho","post_excerpt":"","post_status":"publish","comment_status":"open","ping_status":"closed","post_password":"","post_name":"carre-de-cordero-con-demi-glace-del-mismo-pure-dulce-de-lombarda-y-chips-de-platano-macho","to_ping":"","pinged":"","post_modified":"2022-09-16 17:42:36","post_modified_gmt":"2022-09-16 17:42:36","post_content_filtered":"","post_parent":0,"guid":"https:\/\/www.escuelamasterchef.com\/?post_type=videos&#038;p=2968","menu_order":0,"post_type":"videos","post_mime_type":"","comment_count":"0","filter":"raw"}]},{"unidad":" LUIS VEIRA ","videos":[{"ID":2971,"post_author":"9","post_date":"2022-09-12 23:49:05","post_date_gmt":"2022-09-12 23:49:05","post_content":"","post_title":"Cigala a la Sal","post_excerpt":"","post_status":"publish","comment_status":"open","ping_status":"closed","post_password":"","post_name":"cigala-a-la-sal","to_ping":"","pinged":"","post_modified":"2022-09-16 17:43:58","post_modified_gmt":"2022-09-16 17:43:58","post_content_filtered":"","post_parent":0,"guid":"https:\/\/www.escuelamasterchef.com\/?post_type=videos&#038;p=2971","menu_order":0,"post_type":"videos","post_mime_type":"","comment_count":"0","filter":"raw"},{"ID":2974,"post_author":"9","post_date":"2022-09-12 23:53:18","post_date_gmt":"2022-09-12 23:53:18","post_content":"","post_title":"Mollete de cordero lechal, guiso de percebes, minchas y gambas","post_excerpt":"","post_status":"publish","comment_status":"open","ping_status":"closed","post_password":"","post_name":"mollete-de-cordero-lechal-guiso-de-percebes-minchas-y-gambas","to_ping":"","pinged":"","post_modified":"2022-09-16 17:45:35","post_modified_gmt":"2022-09-16 17:45:35","post_content_filtered":"","post_parent":0,"guid":"https:\/\/www.escuelamasterchef.com\/?post_type=videos&#038;p=2974","menu_order":0,"post_type":"videos","post_mime_type":"","comment_count":"0","filter":"raw"},{"ID":2977,"post_author":"9","post_date":"2022-09-12 23:55:32","post_date_gmt":"2022-09-12 23:55:32","post_content":"","post_title":"Costilla de porc con lentejas guisadas","post_excerpt":"","post_status":"publish","comment_status":"open","ping_status":"closed","post_password":"","post_name":"costilla-de-porc-con-lentejas-guisadas","to_ping":"","pinged":"","post_modified":"2022-09-16 17:46:49","post_modified_gmt":"2022-09-16 17:46:49","post_content_filtered":"","post_parent":0,"guid":"https:\/\/www.escuelamasterchef.com\/?post_type=videos&#038;p=2977","menu_order":0,"post_type":"videos","post_mime_type":"","comment_count":"0","filter":"raw"},{"ID":2980,"post_author":"9","post_date":"2022-09-13 00:00:55","post_date_gmt":"2022-09-13 00:00:55","post_content":"","post_title":"Tomate licuado con sardinas, ma\u00edz y huevas de trucha","post_excerpt":"","post_status":"publish","comment_status":"open","ping_status":"closed","post_password":"","post_name":"tomate-licuado-con-sardinas-maiz-y-huevas-de-trucha","to_ping":"","pinged":"","post_modified":"2022-09-16 17:48:43","post_modified_gmt":"2022-09-16 17:48:43","post_content_filtered":"","post_parent":0,"guid":"https:\/\/www.escuelamasterchef.com\/?post_type=videos&#038;p=2980","menu_order":0,"post_type":"videos","post_mime_type":"","comment_count":"0","filter":"raw"},{"ID":2983,"post_author":"9","post_date":"2022-09-13 00:05:01","post_date_gmt":"2022-09-13 00:05:01","post_content":"","post_title":"Jugo de tu\u00e9tano con zamburi\u00f1as y perlas de aceite","post_excerpt":"","post_status":"publish","comment_status":"open","ping_status":"closed","post_password":"","post_name":"jugo-de-tuetano-con-zamburinas-y-perlas-de-aceite","to_ping":"","pinged":"","post_modified":"2022-09-16 17:50:26","post_modified_gmt":"2022-09-16 17:50:26","post_content_filtered":"","post_parent":0,"guid":"https:\/\/www.escuelamasterchef.com\/?post_type=videos&#038;p=2983","menu_order":0,"post_type":"videos","post_mime_type":"","comment_count":"0","filter":"raw"}]},{"unidad":"ANA IGLESIAS","videos":[{"ID":2986,"post_author":"9","post_date":"2022-09-13 00:09:26","post_date_gmt":"2022-09-13 00:09:26","post_content":"","post_title":"Pich\u00f3n, cremoso de sus interiores, jugo de cerezas y setas salteadas","post_excerpt":"","post_status":"publish","comment_status":"open","ping_status":"closed","post_password":"","post_name":"pichon-cremoso-de-sus-interiores-jugo-de-cerezas-y-setas-salteadas","to_ping":"","pinged":"","post_modified":"2023-04-19 18:05:48","post_modified_gmt":"2023-04-19 18:05:48","post_content_filtered":"","post_parent":0,"guid":"https:\/\/www.escuelamasterchef.com\/?post_type=videos&#038;p=2986","menu_order":0,"post_type":"videos","post_mime_type":"","comment_count":"0","filter":"raw"},{"ID":4935,"post_author":"8","post_date":"2023-02-08 17:11:30","post_date_gmt":"2023-02-08 17:11:30","post_content":"","post_title":"Rabo de Toro al Oporto con Setas","post_excerpt":"","post_status":"publish","comment_status":"open","ping_status":"closed","post_password":"","post_name":"rabo-de-toro-al-oporto-con-setas","to_ping":"","pinged":"","post_modified":"2023-08-07 15:08:37","post_modified_gmt":"2023-08-07 15:08:37","post_content_filtered":"","post_parent":0,"guid":"https:\/\/www.escuelamasterchef.com\/?post_type=videos&#038;p=4935","menu_order":0,"post_type":"videos","post_mime_type":"","comment_count":"0","filter":"raw"},{"ID":5202,"post_author":"8","post_date":"2023-10-23 19:50:27","post_date_gmt":"2023-10-23 19:50:27","post_content":"","post_title":"Chuletillas de cordero con pistachos y toque c\u00edtrico","post_excerpt":"","post_status":"publish","comment_status":"open","ping_status":"closed","post_password":"","post_name":"chuletillas-de-cordero-con-pistachos-y-toque-citrico","to_ping":"","pinged":"","post_modified":"2023-10-23 19:50:29","post_modified_gmt":"2023-10-23 19:50:29","post_content_filtered":"","post_parent":0,"guid":"https:\/\/www.escuelamasterchef.com\/?post_type=videos&#038;p=5202","menu_order":0,"post_type":"videos","post_mime_type":"","comment_count":"0","filter":"raw"}]}],"activar_nuevos_banners":false,"mostrar_banner_1":false,"crear_banner_1":{"utilizar_imagen_unica_para_banner":false,"asignar_imagen_unica_para_banner":false,"mostrar_titulo_banner":false,"titulo_para_banner":"","mostrar_subtitulo_banner":false,"subtitulo_del_banner":"","mostrar_cta_banner":false,"texto_cta_banner":"","url_cta_banner":"","fondo_de_color_banner":"","fondo_de_imagen_banner":false,"mostrar_imagen_izquierda_banner":false,"asignar_imagen_izquierda_banner":false},"mostrar_banner_2":false,"crear_banner_2":{"utilizar_imagen_unica_para_banner":false,"asignar_imagen_unica_para_banner":false,"mostrar_titulo_banner":false,"titulo_para_banner":"","mostrar_subtitulo_banner":false,"subtitulo_del_banner":"","mostrar_cta_banner":false,"texto_cta_banner":"","url_cta_banner":"","fondo_de_color_banner":"","fondo_de_imagen_banner":false,"mostrar_imagen_izquierda_banner":false,"asignar_imagen_izquierda_banner":false},"mostrar_banner_3":false,"crear_banner_3":{"utilizar_imagen_unica_para_banner":false,"asignar_imagen_unica_para_banner":false,"mostrar_titulo_banner":false,"titulo_para_banner":"","mostrar_subtitulo_banner":false,"subtitulo_del_banner":"","mostrar_cta_banner":false,"texto_cta_banner":"","url_cta_banner":"","fondo_de_color_banner":"","fondo_de_imagen_banner":false,"mostrar_imagen_izquierda_banner":false,"asignar_imagen_izquierda_banner":false},"novedad":true,"mostrar_patrocinador":true,"patrocinador_imagen":"https:\/\/static.capabiliaserver.com\/frontend\/clients\/masterchef\/wp_dev\/wp-content\/uploads\/2022\/09\/382d74ef-bosch-big.png"},"yoast_head":"<!-- This site is optimized with the Yoast SEO plugin v23.0 - https:\/\/yoast.com\/wordpress\/plugins\/seo\/ -->\n<title>COCINA CON BOSCH - Capabilia<\/title>\n<meta name=\"description\" content=\"Conoce todo lo que puedes hacer con nuestros peque\u00f1os electrodom\u00e9sticos Bosch.\" \/>\n<meta name=\"robots\" content=\"index, follow, max-snippet:-1, max-image-preview:large, max-video-preview:-1\" \/>\n<link rel=\"canonical\" href=\"https:\/\/www.escuelamasterchef.com\/en\/product\/cocina-con-bosch\/\" \/>\n<meta property=\"og:locale\" content=\"en_US\" \/>\n<meta property=\"og:type\" content=\"article\" \/>\n<meta property=\"og:title\" content=\"COCINA CON BOSCH - Capabilia\" \/>\n<meta property=\"og:description\" content=\"Conoce todo lo que puedes hacer con nuestros peque\u00f1os electrodom\u00e9sticos Bosch.\" \/>\n<meta property=\"og:url\" content=\"https:\/\/www.escuelamasterchef.com\/en\/product\/cocina-con-bosch\/\" \/>\n<meta property=\"og:site_name\" content=\"Capabilia\" \/>\n<meta property=\"article:modified_time\" content=\"2023-10-23T19:51:20+00:00\" \/>\n<meta name=\"twitter:card\" content=\"summary_large_image\" \/>\n<meta name=\"twitter:label1\" content=\"Est. reading time\" \/>\n\t<meta name=\"twitter:data1\" content=\"1 minute\" \/>\n<script type=\"application\/ld+json\" class=\"yoast-schema-graph\">{\"@context\":\"https:\/\/schema.org\",\"@graph\":[{\"@type\":\"WebPage\",\"@id\":\"https:\/\/www.escuelamasterchef.com\/en\/product\/cocina-con-bosch\/\",\"url\":\"https:\/\/www.escuelamasterchef.com\/en\/product\/cocina-con-bosch\/\",\"name\":\"COCINA CON BOSCH - Capabilia\",\"isPartOf\":{\"@id\":\"https:\/\/www.escuelamasterchef.com\/#website\"},\"datePublished\":\"2022-09-07T18:08:28+00:00\",\"dateModified\":\"2023-10-23T19:51:20+00:00\",\"description\":\"Conoce todo lo que puedes hacer con nuestros peque\u00f1os electrodom\u00e9sticos Bosch.\",\"breadcrumb\":{\"@id\":\"https:\/\/www.escuelamasterchef.com\/en\/product\/cocina-con-bosch\/#breadcrumb\"},\"inLanguage\":\"en-US\",\"potentialAction\":[{\"@type\":\"ReadAction\",\"target\":[\"https:\/\/www.escuelamasterchef.com\/en\/product\/cocina-con-bosch\/\"]}]},{\"@type\":\"BreadcrumbList\",\"@id\":\"https:\/\/www.escuelamasterchef.com\/en\/product\/cocina-con-bosch\/#breadcrumb\",\"itemListElement\":[{\"@type\":\"ListItem\",\"position\":1,\"name\":\"Productos\",\"item\":\"https:\/\/www.escuelamasterchef.com\/product\/\"},{\"@type\":\"ListItem\",\"position\":2,\"name\":\"COCINA CON BOSCH\"}]},{\"@type\":\"WebSite\",\"@id\":\"https:\/\/www.escuelamasterchef.com\/#website\",\"url\":\"https:\/\/www.escuelamasterchef.com\/\",\"name\":\"Capabilia\",\"description\":\"\",\"potentialAction\":[{\"@type\":\"SearchAction\",\"target\":{\"@type\":\"EntryPoint\",\"urlTemplate\":\"https:\/\/www.escuelamasterchef.com\/?s={search_term_string}\"},\"query-input\":\"required name=search_term_string\"}],\"inLanguage\":\"en-US\"}]}<\/script>\n<!-- \/ Yoast SEO plugin. -->","yoast_head_json":{"title":"COCINA CON BOSCH - Capabilia","description":"Conoce todo lo que puedes hacer con nuestros peque\u00f1os electrodom\u00e9sticos Bosch.","robots":{"index":"index","follow":"follow","max-snippet":"max-snippet:-1","max-image-preview":"max-image-preview:large","max-video-preview":"max-video-preview:-1"},"canonical":"https:\/\/www.escuelamasterchef.com\/en\/product\/cocina-con-bosch\/","og_locale":"en_US","og_type":"article","og_title":"COCINA CON BOSCH - Capabilia","og_description":"Conoce todo lo que puedes hacer con nuestros peque\u00f1os electrodom\u00e9sticos Bosch.","og_url":"https:\/\/www.escuelamasterchef.com\/en\/product\/cocina-con-bosch\/","og_site_name":"Capabilia","article_modified_time":"2023-10-23T19:51:20+00:00","twitter_card":"summary_large_image","twitter_misc":{"Est. reading time":"1 minute"},"schema":{"@context":"https:\/\/schema.org","@graph":[{"@type":"WebPage","@id":"https:\/\/www.escuelamasterchef.com\/en\/product\/cocina-con-bosch\/","url":"https:\/\/www.escuelamasterchef.com\/en\/product\/cocina-con-bosch\/","name":"COCINA CON BOSCH - Capabilia","isPartOf":{"@id":"https:\/\/www.escuelamasterchef.com\/#website"},"datePublished":"2022-09-07T18:08:28+00:00","dateModified":"2023-10-23T19:51:20+00:00","description":"Conoce todo lo que puedes hacer con nuestros peque\u00f1os electrodom\u00e9sticos Bosch.","breadcrumb":{"@id":"https:\/\/www.escuelamasterchef.com\/en\/product\/cocina-con-bosch\/#breadcrumb"},"inLanguage":"en-US","potentialAction":[{"@type":"ReadAction","target":["https:\/\/www.escuelamasterchef.com\/en\/product\/cocina-con-bosch\/"]}]},{"@type":"BreadcrumbList","@id":"https:\/\/www.escuelamasterchef.com\/en\/product\/cocina-con-bosch\/#breadcrumb","itemListElement":[{"@type":"ListItem","position":1,"name":"Productos","item":"https:\/\/www.escuelamasterchef.com\/product\/"},{"@type":"ListItem","position":2,"name":"COCINA CON BOSCH"}]},{"@type":"WebSite","@id":"https:\/\/www.escuelamasterchef.com\/#website","url":"https:\/\/www.escuelamasterchef.com\/","name":"Capabilia","description":"","potentialAction":[{"@type":"SearchAction","target":{"@type":"EntryPoint","urlTemplate":"https:\/\/www.escuelamasterchef.com\/?s={search_term_string}"},"query-input":"required name=search_term_string"}],"inLanguage":"en-US"}]}},"idiomas":{"en":2219,"es":2218},"_links":{"self":[{"href":"https:\/\/www.escuelamasterchef.com\/en\/wp-json\/wp\/v2\/products\/2219"}],"collection":[{"href":"https:\/\/www.escuelamasterchef.com\/en\/wp-json\/wp\/v2\/products"}],"about":[{"href":"https:\/\/www.escuelamasterchef.com\/en\/wp-json\/wp\/v2\/types\/product"}],"author":[{"embeddable":true,"href":"https:\/\/www.escuelamasterchef.com\/en\/wp-json\/wp\/v2\/users\/3"}],"replies":[{"embeddable":true,"href":"https:\/\/www.escuelamasterchef.com\/en\/wp-json\/wp\/v2\/comments?post=2219"}],"version-history":[{"count":5,"href":"https:\/\/www.escuelamasterchef.com\/en\/wp-json\/wp\/v2\/products\/2219\/revisions"}],"predecessor-version":[{"id":5206,"href":"https:\/\/www.escuelamasterchef.com\/en\/wp-json\/wp\/v2\/products\/2219\/revisions\/5206"}],"wp:attachment":[{"href":"https:\/\/www.escuelamasterchef.com\/en\/wp-json\/wp\/v2\/media?parent=2219"}],"wp:term":[{"taxonomy":"category","embeddable":true,"href":"https:\/\/www.escuelamasterchef.com\/en\/wp-json\/wp\/v2\/categories?post=2219"}],"curies":[{"name":"wp","href":"https:\/\/api.w.org\/{rel}","templated":true}]}}