{"id":2209,"date":"2022-09-14T02:13:16","date_gmt":"2022-09-14T02:13:16","guid":{"rendered":"https:\/\/www.escuelamasterchef.com\/?post_type=product&#038;p=2209"},"modified":"2022-09-20T19:44:07","modified_gmt":"2022-09-20T19:44:07","slug":"cocina-para-ninos","status":"publish","type":"product","link":"https:\/\/www.escuelamasterchef.com\/en\/product\/cocina-para-ninos\/","title":{"rendered":"COCINA PARA NI\u00d1OS"},"content":{"rendered":"<p>contenido<\/p>\n","protected":false},"excerpt":{"rendered":"<p>\u00bfQuieres aprender a cocinar recetas f\u00e1ciles y sencillas que les encantan a los ni\u00f1os?<\/p>\n","protected":false},"author":3,"featured_media":0,"comment_status":"open","ping_status":"closed","template":"","meta":{"_acf_changed":false,"footnotes":""},"categories":[24],"class_list":["post-2209","product","type-product","status-publish","hentry","category-mastercheff-en"],"acf":{"external_id":"1404","titulo_curso":"COCINA PARA NI\u00d1OS","precio":"1","impartido_en":"es","id_magento":"644","hubspot_product_id":"","id_octavio":"1799","novedad":false,"imagen_destacada":"https:\/\/static.capabiliaserver.com\/frontend\/clients\/masterchef\/wp_dev\/wp-content\/uploads\/2022\/09\/99127acb-cocina-para-ninos.jpg","header_image":"https:\/\/static.capabiliaserver.com\/frontend\/clients\/masterchef\/wp_dev\/wp-content\/uploads\/2022\/09\/99127acb-cocina-para-ninos.jpg","mostrar_patrocinador":false,"patrocinador_imagen":"https:\/\/static.capabiliaserver.com\/frontend\/clients\/masterchef\/wp_dev\/wp-content\/uploads\/2022\/09\/a3c93e10-corteingles-big.png","titulo":"COCINA PARA NI\u00d1OS","introduccion":"\u00bfQuieres aprender a cocinar recetas f\u00e1ciles y sencillas que les encantan a los ni\u00f1os?","descripcion":"\u00bfQuieres aprender a cocinar recetas f\u00e1ciles y sencillas que les encantan a los ni\u00f1os? Tienes a tu disposici\u00f3n un gran n\u00famero de clases, impartidas por Lukas de MasterChef Junior 3 y Manuel de MasterChef Junior 2, para que los m\u00e1s peque\u00f1os de la casa se chupen los dedos con tus elaboraciones. ","videos_del_producto":[{"unidad":" COCINA PARA NI\u00d1OS - LUCAS ","videos":[{"ID":2757,"post_author":"9","post_date":"2022-09-12 19:40:15","post_date_gmt":"2022-09-12 19:40:15","post_content":"","post_title":"Carpaccio de gambas con foie mi-cuit y frutos secos","post_excerpt":"","post_status":"publish","comment_status":"open","ping_status":"closed","post_password":"","post_name":"carpaccio-de-gambas-con-foie-mi-cuit-y-frutos-secos","to_ping":"","pinged":"","post_modified":"2023-02-09 21:13:40","post_modified_gmt":"2023-02-09 21:13:40","post_content_filtered":"","post_parent":0,"guid":"https:\/\/www.escuelamasterchef.com\/?post_type=videos&#038;p=2757","menu_order":0,"post_type":"videos","post_mime_type":"","comment_count":"0","filter":"raw"},{"ID":3901,"post_author":"8","post_date":"2022-09-15 02:35:46","post_date_gmt":"2022-09-15 02:35:46","post_content":"","post_title":"Costillar de cerdo BBQ, patatas gajo y ensalada de col","post_excerpt":"","post_status":"publish","comment_status":"open","ping_status":"closed","post_password":"","post_name":"costillar-de-cerdo-bbq-patatas-gajo-y-ensalada-de-col","to_ping":"","pinged":"","post_modified":"2023-02-09 21:16:00","post_modified_gmt":"2023-02-09 21:16:00","post_content_filtered":"","post_parent":0,"guid":"https:\/\/www.escuelamasterchef.com\/?post_type=videos&#038;p=3901","menu_order":0,"post_type":"videos","post_mime_type":"","comment_count":"0","filter":"raw"},{"ID":3904,"post_author":"8","post_date":"2022-09-15 02:38:25","post_date_gmt":"2022-09-15 02:38:25","post_content":"","post_title":"Tournedo de pollo de corral con carabinero y boletus","post_excerpt":"","post_status":"publish","comment_status":"open","ping_status":"closed","post_password":"","post_name":"tournedo-de-pollo-de-corral-con-carabinero-y-boletus","to_ping":"","pinged":"","post_modified":"2023-02-09 21:16:39","post_modified_gmt":"2023-02-09 21:16:39","post_content_filtered":"","post_parent":0,"guid":"https:\/\/www.escuelamasterchef.com\/?post_type=videos&#038;p=3904","menu_order":0,"post_type":"videos","post_mime_type":"","comment_count":"0","filter":"raw"},{"ID":3908,"post_author":"8","post_date":"2022-09-15 02:41:48","post_date_gmt":"2022-09-15 02:41:48","post_content":"","post_title":"Croquetas de chocolate","post_excerpt":"","post_status":"publish","comment_status":"open","ping_status":"closed","post_password":"","post_name":"croquetas-de-chocolate","to_ping":"","pinged":"","post_modified":"2023-02-09 21:17:21","post_modified_gmt":"2023-02-09 21:17:21","post_content_filtered":"","post_parent":0,"guid":"https:\/\/www.escuelamasterchef.com\/?post_type=videos&#038;p=3908","menu_order":0,"post_type":"videos","post_mime_type":"","comment_count":"0","filter":"raw"},{"ID":3911,"post_author":"8","post_date":"2022-09-15 02:44:21","post_date_gmt":"2022-09-15 02:44:21","post_content":"","post_title":"Mini tarta Sacher","post_excerpt":"","post_status":"publish","comment_status":"open","ping_status":"closed","post_password":"","post_name":"mini-tarta-sacher","to_ping":"","pinged":"","post_modified":"2023-02-09 21:17:59","post_modified_gmt":"2023-02-09 21:17:59","post_content_filtered":"","post_parent":0,"guid":"https:\/\/www.escuelamasterchef.com\/?post_type=videos&#038;p=3911","menu_order":0,"post_type":"videos","post_mime_type":"","comment_count":"0","filter":"raw"}]},{"unidad":" COCINA PARA NI\u00d1OS - MANUEL ","videos":[{"ID":3294,"post_author":"8","post_date":"2022-09-13 14:00:34","post_date_gmt":"2022-09-13 14:00:34","post_content":"","post_title":"Samosa de cordero con salsa de yogurt y menta","post_excerpt":"","post_status":"publish","comment_status":"open","ping_status":"closed","post_password":"","post_name":"samosa-de-cordero-con-salsa-de-yogurt-y-menta","to_ping":"","pinged":"","post_modified":"2022-09-13 14:00:35","post_modified_gmt":"2022-09-13 14:00:35","post_content_filtered":"","post_parent":0,"guid":"https:\/\/www.escuelamasterchef.com\/?post_type=videos&#038;p=3294","menu_order":0,"post_type":"videos","post_mime_type":"","comment_count":"0","filter":"raw"},{"ID":3303,"post_author":"8","post_date":"2022-09-13 14:02:52","post_date_gmt":"2022-09-13 14:02:52","post_content":"","post_title":"Fingers de merluza con salsa t\u00e1rtara","post_excerpt":"","post_status":"publish","comment_status":"open","ping_status":"closed","post_password":"","post_name":"fingers-de-merluza-con-salsa-tartara","to_ping":"","pinged":"","post_modified":"2023-03-14 21:50:24","post_modified_gmt":"2023-03-14 21:50:24","post_content_filtered":"","post_parent":0,"guid":"https:\/\/www.escuelamasterchef.com\/?post_type=videos&#038;p=3303","menu_order":0,"post_type":"videos","post_mime_type":"","comment_count":"0","filter":"raw"},{"ID":3310,"post_author":"8","post_date":"2022-09-13 14:04:40","post_date_gmt":"2022-09-13 14:04:40","post_content":"","post_title":"Tallarines de calamar con curry verde y ensalada de verduras","post_excerpt":"","post_status":"publish","comment_status":"open","ping_status":"closed","post_password":"","post_name":"tallarines-de-calamar-con-curry-verde-y-ensalada-de-verduras","to_ping":"","pinged":"","post_modified":"2022-09-13 14:04:41","post_modified_gmt":"2022-09-13 14:04:41","post_content_filtered":"","post_parent":0,"guid":"https:\/\/www.escuelamasterchef.com\/?post_type=videos&#038;p=3310","menu_order":0,"post_type":"videos","post_mime_type":"","comment_count":"0","filter":"raw"},{"ID":3317,"post_author":"8","post_date":"2022-09-13 14:06:52","post_date_gmt":"2022-09-13 14:06:52","post_content":"","post_title":"Cupcakes con buttercream de chocolate","post_excerpt":"","post_status":"publish","comment_status":"open","ping_status":"closed","post_password":"","post_name":"cupcakes-con-buttercream-de-chocolate","to_ping":"","pinged":"","post_modified":"2022-09-13 14:06:53","post_modified_gmt":"2022-09-13 14:06:53","post_content_filtered":"","post_parent":0,"guid":"https:\/\/www.escuelamasterchef.com\/?post_type=videos&#038;p=3317","menu_order":0,"post_type":"videos","post_mime_type":"","comment_count":"0","filter":"raw"},{"ID":3321,"post_author":"8","post_date":"2022-09-13 14:08:44","post_date_gmt":"2022-09-13 14:08:44","post_content":"","post_title":"Torrija con crema de almendra caramelizada y sorbete de mango","post_excerpt":"","post_status":"publish","comment_status":"open","ping_status":"closed","post_password":"","post_name":"torrija-con-crema-de-almendra-caramelizada-y-sorbete-de-mango","to_ping":"","pinged":"","post_modified":"2022-09-16 16:10:11","post_modified_gmt":"2022-09-16 16:10:11","post_content_filtered":"","post_parent":0,"guid":"https:\/\/www.escuelamasterchef.com\/?post_type=videos&#038;p=3321","menu_order":0,"post_type":"videos","post_mime_type":"","comment_count":"0","filter":"raw"}]},{"unidad":" COCINA PARA NI\u00d1OS - PAULA ","videos":[{"ID":3327,"post_author":"8","post_date":"2022-09-13 14:13:09","post_date_gmt":"2022-09-13 14:13:09","post_content":"","post_title":"Ensalada de queso de cabra, higos y anacardos","post_excerpt":"","post_status":"publish","comment_status":"open","ping_status":"closed","post_password":"","post_name":"ensalada-de-queso-de-cabra-higos-y-anacardos","to_ping":"","pinged":"","post_modified":"2022-09-16 16:11:36","post_modified_gmt":"2022-09-16 16:11:36","post_content_filtered":"","post_parent":0,"guid":"https:\/\/www.escuelamasterchef.com\/?post_type=videos&#038;p=3327","menu_order":0,"post_type":"videos","post_mime_type":"","comment_count":"0","filter":"raw"},{"ID":3336,"post_author":"8","post_date":"2022-09-13 14:15:16","post_date_gmt":"2022-09-13 14:15:16","post_content":"","post_title":"Quiche Lorraine","post_excerpt":"","post_status":"publish","comment_status":"open","ping_status":"closed","post_password":"","post_name":"quiche-lorraine","to_ping":"","pinged":"","post_modified":"2022-09-13 14:15:18","post_modified_gmt":"2022-09-13 14:15:18","post_content_filtered":"","post_parent":0,"guid":"https:\/\/www.escuelamasterchef.com\/?post_type=videos&#038;p=3336","menu_order":0,"post_type":"videos","post_mime_type":"","comment_count":"0","filter":"raw"},{"ID":3341,"post_author":"8","post_date":"2022-09-13 14:17:50","post_date_gmt":"2022-09-13 14:17:50","post_content":"","post_title":"Canel\u00f3n de Aguacate, con tartar de at\u00fan y huevas de trucha","post_excerpt":"","post_status":"publish","comment_status":"open","ping_status":"closed","post_password":"","post_name":"canelon-de-aguacate-con-tartar-de-atun-y-huevas-de-trucha","to_ping":"","pinged":"","post_modified":"2022-09-13 14:17:51","post_modified_gmt":"2022-09-13 14:17:51","post_content_filtered":"","post_parent":0,"guid":"https:\/\/www.escuelamasterchef.com\/?post_type=videos&#038;p=3341","menu_order":0,"post_type":"videos","post_mime_type":"","comment_count":"0","filter":"raw"},{"ID":3355,"post_author":"8","post_date":"2022-09-13 14:40:23","post_date_gmt":"2022-09-13 14:40:23","post_content":"","post_title":"Gofres con crema ligera de chocolate blanco y vainilla","post_excerpt":"","post_status":"publish","comment_status":"open","ping_status":"closed","post_password":"","post_name":"gofres-con-crema-ligera-de-chocolate-blanco-y-vainilla","to_ping":"","pinged":"","post_modified":"2022-09-13 14:40:24","post_modified_gmt":"2022-09-13 14:40:24","post_content_filtered":"","post_parent":0,"guid":"https:\/\/www.escuelamasterchef.com\/?post_type=videos&#038;p=3355","menu_order":0,"post_type":"videos","post_mime_type":"","comment_count":"0","filter":"raw"}]},{"unidad":" COCINA PARA NI\u00d1OS - LU ","videos":[{"ID":3914,"post_author":"8","post_date":"2022-09-15 02:54:12","post_date_gmt":"2022-09-15 02:54:12","post_content":"","post_title":"Solomillo de cerdo ib\u00e9rico, albahaca, parmesano y patata mortero","post_excerpt":"","post_status":"publish","comment_status":"open","ping_status":"closed","post_password":"","post_name":"solomillo-de-cerdo-iberico-albahaca-parmesano-y-patata-mortero","to_ping":"","pinged":"","post_modified":"2022-09-15 02:54:14","post_modified_gmt":"2022-09-15 02:54:14","post_content_filtered":"","post_parent":0,"guid":"https:\/\/www.escuelamasterchef.com\/?post_type=videos&#038;p=3914","menu_order":0,"post_type":"videos","post_mime_type":"","comment_count":"0","filter":"raw"},{"ID":3919,"post_author":"8","post_date":"2022-09-15 02:58:15","post_date_gmt":"2022-09-15 02:58:15","post_content":"","post_title":"Tarta 3 chocolates","post_excerpt":"","post_status":"publish","comment_status":"open","ping_status":"closed","post_password":"","post_name":"tarta-3-chocolates","to_ping":"","pinged":"","post_modified":"2022-09-15 02:58:16","post_modified_gmt":"2022-09-15 02:58:16","post_content_filtered":"","post_parent":0,"guid":"https:\/\/www.escuelamasterchef.com\/?post_type=videos&#038;p=3919","menu_order":0,"post_type":"videos","post_mime_type":"","comment_count":"0","filter":"raw"},{"ID":3922,"post_author":"8","post_date":"2022-09-15 03:01:08","post_date_gmt":"2022-09-15 03:01:08","post_content":"","post_title":"Ensaladilla con ventresca de at\u00fan","post_excerpt":"","post_status":"publish","comment_status":"open","ping_status":"closed","post_password":"","post_name":"ensaladilla-con-ventresca-de-atun","to_ping":"","pinged":"","post_modified":"2022-09-15 03:01:09","post_modified_gmt":"2022-09-15 03:01:09","post_content_filtered":"","post_parent":0,"guid":"https:\/\/www.escuelamasterchef.com\/?post_type=videos&#038;p=3922","menu_order":0,"post_type":"videos","post_mime_type":"","comment_count":"0","filter":"raw"},{"ID":3925,"post_author":"8","post_date":"2022-09-15 03:04:10","post_date_gmt":"2022-09-15 03:04:10","post_content":"","post_title":"Huevos Villaroy con ensalada fresca de can\u00f3nigos, manzana verde y nueces","post_excerpt":"","post_status":"publish","comment_status":"open","ping_status":"closed","post_password":"","post_name":"huevos-villaroy-con-ensalada-fresca-de-canonigos-manzana-verde-y-nueces","to_ping":"","pinged":"","post_modified":"2022-09-15 03:04:11","post_modified_gmt":"2022-09-15 03:04:11","post_content_filtered":"","post_parent":0,"guid":"https:\/\/www.escuelamasterchef.com\/?post_type=videos&#038;p=3925","menu_order":0,"post_type":"videos","post_mime_type":"","comment_count":"0","filter":"raw"},{"ID":3358,"post_author":"8","post_date":"2022-09-13 14:49:11","post_date_gmt":"2022-09-13 14:49:11","post_content":"","post_title":"Tarta de Santiago","post_excerpt":"","post_status":"publish","comment_status":"open","ping_status":"closed","post_password":"","post_name":"tarta-de-santiago","to_ping":"","pinged":"","post_modified":"2022-09-13 14:49:13","post_modified_gmt":"2022-09-13 14:49:13","post_content_filtered":"","post_parent":0,"guid":"https:\/\/www.escuelamasterchef.com\/?post_type=videos&#038;p=3358","menu_order":0,"post_type":"videos","post_mime_type":"","comment_count":"0","filter":"raw"}]},{"unidad":" COCINA PARA NI\u00d1OS - JOSETXO ","videos":[{"ID":3372,"post_author":"8","post_date":"2022-09-13 14:51:58","post_date_gmt":"2022-09-13 14:51:58","post_content":"","post_title":"Merluza en salsa verde","post_excerpt":"","post_status":"publish","comment_status":"open","ping_status":"closed","post_password":"","post_name":"merluza-en-salsa-verde","to_ping":"","pinged":"","post_modified":"2022-09-13 14:51:59","post_modified_gmt":"2022-09-13 14:51:59","post_content_filtered":"","post_parent":0,"guid":"https:\/\/www.escuelamasterchef.com\/?post_type=videos&#038;p=3372","menu_order":0,"post_type":"videos","post_mime_type":"","comment_count":"0","filter":"raw"},{"ID":3382,"post_author":"8","post_date":"2022-09-13 14:54:14","post_date_gmt":"2022-09-13 14:54:14","post_content":"","post_title":"Croquetas de jam\u00f3n","post_excerpt":"","post_status":"publish","comment_status":"open","ping_status":"closed","post_password":"","post_name":"croquetas-de-jamon","to_ping":"","pinged":"","post_modified":"2022-09-13 14:54:15","post_modified_gmt":"2022-09-13 14:54:15","post_content_filtered":"","post_parent":0,"guid":"https:\/\/www.escuelamasterchef.com\/?post_type=videos&#038;p=3382","menu_order":0,"post_type":"videos","post_mime_type":"","comment_count":"0","filter":"raw"},{"ID":3389,"post_author":"8","post_date":"2022-09-13 14:56:20","post_date_gmt":"2022-09-13 14:56:20","post_content":"","post_title":"Pollo al curry con de arroz basmati","post_excerpt":"","post_status":"publish","comment_status":"open","ping_status":"closed","post_password":"","post_name":"pollo-al-curry-con-de-arroz-basmati","to_ping":"","pinged":"","post_modified":"2022-09-13 14:56:21","post_modified_gmt":"2022-09-13 14:56:21","post_content_filtered":"","post_parent":0,"guid":"https:\/\/www.escuelamasterchef.com\/?post_type=videos&#038;p=3389","menu_order":0,"post_type":"videos","post_mime_type":"","comment_count":"0","filter":"raw"},{"ID":3394,"post_author":"8","post_date":"2022-09-13 14:59:39","post_date_gmt":"2022-09-13 14:59:39","post_content":"","post_title":"Pudding de pi\u00f1a","post_excerpt":"","post_status":"publish","comment_status":"open","ping_status":"closed","post_password":"","post_name":"pudding-de-pina","to_ping":"","pinged":"","post_modified":"2022-09-13 14:59:40","post_modified_gmt":"2022-09-13 14:59:40","post_content_filtered":"","post_parent":0,"guid":"https:\/\/www.escuelamasterchef.com\/?post_type=videos&#038;p=3394","menu_order":0,"post_type":"videos","post_mime_type":"","comment_count":"0","filter":"raw"},{"ID":3405,"post_author":"8","post_date":"2022-09-15 03:09:13","post_date_gmt":"2022-09-15 03:09:13","post_content":"","post_title":"Pizza casera de bacon ahumado, champi\u00f1\u00f3n, queso de oveja y albahaca","post_excerpt":"","post_status":"publish","comment_status":"open","ping_status":"closed","post_password":"","post_name":"pizza-casera-de-bacon-ahumado-champinon-queso-de-oveja-y-albahaca","to_ping":"","pinged":"","post_modified":"2022-09-15 03:09:14","post_modified_gmt":"2022-09-15 03:09:14","post_content_filtered":"","post_parent":0,"guid":"https:\/\/www.escuelamasterchef.com\/?post_type=videos&#038;p=3405","menu_order":0,"post_type":"videos","post_mime_type":"","comment_count":"0","filter":"raw"}]}],"activar_nuevos_banners":false,"mostrar_banner_1":false,"crear_banner_1":{"utilizar_imagen_unica_para_banner":false,"asignar_imagen_unica_para_banner":false,"mostrar_titulo_banner":false,"titulo_para_banner":"","mostrar_subtitulo_banner":false,"subtitulo_del_banner":"","mostrar_cta_banner":false,"texto_cta_banner":"","url_cta_banner":"","fondo_de_color_banner":"","fondo_de_imagen_banner":false,"mostrar_imagen_izquierda_banner":false,"asignar_imagen_izquierda_banner":false},"mostrar_banner_2":false,"crear_banner_2":{"utilizar_imagen_unica_para_banner":false,"asignar_imagen_unica_para_banner":false,"mostrar_titulo_banner":false,"titulo_para_banner":"","mostrar_subtitulo_banner":false,"subtitulo_del_banner":"","mostrar_cta_banner":false,"texto_cta_banner":"","url_cta_banner":"","fondo_de_color_banner":"","fondo_de_imagen_banner":false,"mostrar_imagen_izquierda_banner":false,"asignar_imagen_izquierda_banner":false},"mostrar_banner_3":false,"crear_banner_3":{"utilizar_imagen_unica_para_banner":false,"asignar_imagen_unica_para_banner":false,"mostrar_titulo_banner":false,"titulo_para_banner":"","mostrar_subtitulo_banner":false,"subtitulo_del_banner":"","mostrar_cta_banner":false,"texto_cta_banner":"","url_cta_banner":"","fondo_de_color_banner":"","fondo_de_imagen_banner":false,"mostrar_imagen_izquierda_banner":false,"asignar_imagen_izquierda_banner":false}},"yoast_head":"<!-- This site is optimized with the Yoast SEO plugin v23.0 - https:\/\/yoast.com\/wordpress\/plugins\/seo\/ -->\n<title>COCINA PARA NI\u00d1OS - Capabilia<\/title>\n<meta name=\"robots\" content=\"index, follow, max-snippet:-1, max-image-preview:large, max-video-preview:-1\" \/>\n<link rel=\"canonical\" href=\"https:\/\/www.escuelamasterchef.com\/en\/product\/cocina-para-ninos\/\" \/>\n<meta property=\"og:locale\" content=\"en_US\" \/>\n<meta property=\"og:type\" content=\"article\" \/>\n<meta property=\"og:title\" content=\"COCINA PARA NI\u00d1OS - Capabilia\" \/>\n<meta property=\"og:description\" content=\"\u00bfQuieres aprender a cocinar recetas f\u00e1ciles y sencillas que les encantan a los ni\u00f1os?\" \/>\n<meta property=\"og:url\" content=\"https:\/\/www.escuelamasterchef.com\/en\/product\/cocina-para-ninos\/\" \/>\n<meta property=\"og:site_name\" content=\"Capabilia\" \/>\n<meta property=\"article:modified_time\" content=\"2022-09-20T19:44:07+00:00\" \/>\n<meta name=\"twitter:card\" content=\"summary_large_image\" \/>\n<meta name=\"twitter:label1\" content=\"Est. reading time\" \/>\n\t<meta name=\"twitter:data1\" content=\"1 minute\" \/>\n<script type=\"application\/ld+json\" class=\"yoast-schema-graph\">{\"@context\":\"https:\/\/schema.org\",\"@graph\":[{\"@type\":\"WebPage\",\"@id\":\"https:\/\/www.escuelamasterchef.com\/en\/product\/cocina-para-ninos\/\",\"url\":\"https:\/\/www.escuelamasterchef.com\/en\/product\/cocina-para-ninos\/\",\"name\":\"COCINA PARA NI\u00d1OS - Capabilia\",\"isPartOf\":{\"@id\":\"https:\/\/www.escuelamasterchef.com\/#website\"},\"datePublished\":\"2022-09-14T02:13:16+00:00\",\"dateModified\":\"2022-09-20T19:44:07+00:00\",\"breadcrumb\":{\"@id\":\"https:\/\/www.escuelamasterchef.com\/en\/product\/cocina-para-ninos\/#breadcrumb\"},\"inLanguage\":\"en-US\",\"potentialAction\":[{\"@type\":\"ReadAction\",\"target\":[\"https:\/\/www.escuelamasterchef.com\/en\/product\/cocina-para-ninos\/\"]}]},{\"@type\":\"BreadcrumbList\",\"@id\":\"https:\/\/www.escuelamasterchef.com\/en\/product\/cocina-para-ninos\/#breadcrumb\",\"itemListElement\":[{\"@type\":\"ListItem\",\"position\":1,\"name\":\"Productos\",\"item\":\"https:\/\/www.escuelamasterchef.com\/product\/\"},{\"@type\":\"ListItem\",\"position\":2,\"name\":\"COCINA PARA NI\u00d1OS\"}]},{\"@type\":\"WebSite\",\"@id\":\"https:\/\/www.escuelamasterchef.com\/#website\",\"url\":\"https:\/\/www.escuelamasterchef.com\/\",\"name\":\"Capabilia\",\"description\":\"\",\"potentialAction\":[{\"@type\":\"SearchAction\",\"target\":{\"@type\":\"EntryPoint\",\"urlTemplate\":\"https:\/\/www.escuelamasterchef.com\/?s={search_term_string}\"},\"query-input\":\"required name=search_term_string\"}],\"inLanguage\":\"en-US\"}]}<\/script>\n<!-- \/ Yoast SEO plugin. -->","yoast_head_json":{"title":"COCINA PARA NI\u00d1OS - Capabilia","robots":{"index":"index","follow":"follow","max-snippet":"max-snippet:-1","max-image-preview":"max-image-preview:large","max-video-preview":"max-video-preview:-1"},"canonical":"https:\/\/www.escuelamasterchef.com\/en\/product\/cocina-para-ninos\/","og_locale":"en_US","og_type":"article","og_title":"COCINA PARA NI\u00d1OS - Capabilia","og_description":"\u00bfQuieres aprender a cocinar recetas f\u00e1ciles y sencillas que les encantan a los ni\u00f1os?","og_url":"https:\/\/www.escuelamasterchef.com\/en\/product\/cocina-para-ninos\/","og_site_name":"Capabilia","article_modified_time":"2022-09-20T19:44:07+00:00","twitter_card":"summary_large_image","twitter_misc":{"Est. reading time":"1 minute"},"schema":{"@context":"https:\/\/schema.org","@graph":[{"@type":"WebPage","@id":"https:\/\/www.escuelamasterchef.com\/en\/product\/cocina-para-ninos\/","url":"https:\/\/www.escuelamasterchef.com\/en\/product\/cocina-para-ninos\/","name":"COCINA PARA NI\u00d1OS - Capabilia","isPartOf":{"@id":"https:\/\/www.escuelamasterchef.com\/#website"},"datePublished":"2022-09-14T02:13:16+00:00","dateModified":"2022-09-20T19:44:07+00:00","breadcrumb":{"@id":"https:\/\/www.escuelamasterchef.com\/en\/product\/cocina-para-ninos\/#breadcrumb"},"inLanguage":"en-US","potentialAction":[{"@type":"ReadAction","target":["https:\/\/www.escuelamasterchef.com\/en\/product\/cocina-para-ninos\/"]}]},{"@type":"BreadcrumbList","@id":"https:\/\/www.escuelamasterchef.com\/en\/product\/cocina-para-ninos\/#breadcrumb","itemListElement":[{"@type":"ListItem","position":1,"name":"Productos","item":"https:\/\/www.escuelamasterchef.com\/product\/"},{"@type":"ListItem","position":2,"name":"COCINA PARA NI\u00d1OS"}]},{"@type":"WebSite","@id":"https:\/\/www.escuelamasterchef.com\/#website","url":"https:\/\/www.escuelamasterchef.com\/","name":"Capabilia","description":"","potentialAction":[{"@type":"SearchAction","target":{"@type":"EntryPoint","urlTemplate":"https:\/\/www.escuelamasterchef.com\/?s={search_term_string}"},"query-input":"required name=search_term_string"}],"inLanguage":"en-US"}]}},"idiomas":{"en":2209,"es":2208},"_links":{"self":[{"href":"https:\/\/www.escuelamasterchef.com\/en\/wp-json\/wp\/v2\/products\/2209"}],"collection":[{"href":"https:\/\/www.escuelamasterchef.com\/en\/wp-json\/wp\/v2\/products"}],"about":[{"href":"https:\/\/www.escuelamasterchef.com\/en\/wp-json\/wp\/v2\/types\/product"}],"author":[{"embeddable":true,"href":"https:\/\/www.escuelamasterchef.com\/en\/wp-json\/wp\/v2\/users\/3"}],"replies":[{"embeddable":true,"href":"https:\/\/www.escuelamasterchef.com\/en\/wp-json\/wp\/v2\/comments?post=2209"}],"version-history":[{"count":5,"href":"https:\/\/www.escuelamasterchef.com\/en\/wp-json\/wp\/v2\/products\/2209\/revisions"}],"predecessor-version":[{"id":4594,"href":"https:\/\/www.escuelamasterchef.com\/en\/wp-json\/wp\/v2\/products\/2209\/revisions\/4594"}],"wp:attachment":[{"href":"https:\/\/www.escuelamasterchef.com\/en\/wp-json\/wp\/v2\/media?parent=2209"}],"wp:term":[{"taxonomy":"category","embeddable":true,"href":"https:\/\/www.escuelamasterchef.com\/en\/wp-json\/wp\/v2\/categories?post=2209"}],"curies":[{"name":"wp","href":"https:\/\/api.w.org\/{rel}","templated":true}]}}