{"id":2203,"date":"2022-09-13T02:17:36","date_gmt":"2022-09-13T02:17:36","guid":{"rendered":"https:\/\/www.escuelamasterchef.com\/?post_type=product&#038;p=2203"},"modified":"2022-09-20T15:17:07","modified_gmt":"2022-09-20T15:17:07","slug":"aves-y-huevos","status":"publish","type":"product","link":"https:\/\/www.escuelamasterchef.com\/en\/product\/aves-y-huevos\/","title":{"rendered":"AVES Y HUEVOS"},"content":{"rendered":"<p>contenido<\/p>\n","protected":false},"excerpt":{"rendered":"<p>Descubre las bondades de una carne tan sana como la de ave. Domina el huevo y trabaja ese manjar tan especial: el foie-gras.<\/p>\n","protected":false},"author":3,"featured_media":0,"comment_status":"open","ping_status":"closed","template":"","meta":{"_acf_changed":false,"footnotes":""},"categories":[24],"class_list":["post-2203","product","type-product","status-publish","hentry","category-mastercheff-en"],"acf":{"external_id":"1401","titulo_curso":"AVES Y HUEVOS","precio":"1","impartido_en":"es","id_magento":"641","hubspot_product_id":"","id_octavio":"1796","novedad":false,"imagen_destacada":"https:\/\/static.capabiliaserver.com\/frontend\/clients\/masterchef\/wp_dev\/wp-content\/uploads\/2022\/07\/564f6b6e-9.jpg","header_image":"https:\/\/static.capabiliaserver.com\/frontend\/clients\/masterchef\/wp_dev\/wp-content\/uploads\/2022\/07\/564f6b6e-9.jpg","mostrar_patrocinador":true,"patrocinador_imagen":"https:\/\/static.capabiliaserver.com\/frontend\/clients\/masterchef\/wp_dev\/wp-content\/uploads\/2022\/09\/211badf6-arcos-big.png","titulo":"AVES Y HUEVOS","introduccion":"Descubre las bondades de una carne tan sana como la de ave. Domina el huevo y trabaja ese manjar tan especial: el foie-gras.","descripcion":"Conocer\u00e1s las aves de corral en profundidad: desde el despiece de la carne hasta recetas de picant\u00f3n, codorniz o de una carne de uso tan com\u00fan como la del pollo. Aprender\u00e1s cu\u00e1les son las variedades de huevos m\u00e1s usadas en la cocina y todas las formas de cocci\u00f3n que les podemos dar. Y te acercaremos al foie-gras, un manjar que aprender\u00e1s a trabajar y con el que elaborar\u00e1s recetas muy sencillas y atractivas. ","videos_del_producto":[{"unidad":" AVES ","videos":[{"ID":2616,"post_author":"8","post_date":"2022-09-13 11:22:27","post_date_gmt":"2022-09-13 11:22:27","post_content":"","post_title":"Introducci\u00f3n, despiece","post_excerpt":"","post_status":"publish","comment_status":"open","ping_status":"closed","post_password":"","post_name":"introduccion-despiece","to_ping":"","pinged":"","post_modified":"2022-09-14 14:43:20","post_modified_gmt":"2022-09-14 14:43:20","post_content_filtered":"","post_parent":0,"guid":"https:\/\/www.escuelamasterchef.com\/?post_type=videos&#038;p=2616","menu_order":0,"post_type":"videos","post_mime_type":"","comment_count":"0","filter":"raw"},{"ID":4401,"post_author":"8","post_date":"2022-09-17 02:13:54","post_date_gmt":"2022-09-17 02:13:54","post_content":"","post_title":"Picant\u00f3n en salsa","post_excerpt":"","post_status":"publish","comment_status":"open","ping_status":"closed","post_password":"","post_name":"picanton-en-salsa","to_ping":"","pinged":"","post_modified":"2022-09-17 02:13:54","post_modified_gmt":"2022-09-17 02:13:54","post_content_filtered":"","post_parent":0,"guid":"https:\/\/www.escuelamasterchef.com\/?post_type=videos&#038;p=4401","menu_order":0,"post_type":"videos","post_mime_type":"","comment_count":"0","filter":"raw"},{"ID":4223,"post_author":"8","post_date":"2022-09-16 15:29:57","post_date_gmt":"2022-09-16 15:29:57","post_content":"","post_title":"Codornices escabechadas con arroz basmati en ensalada","post_excerpt":"","post_status":"publish","comment_status":"open","ping_status":"closed","post_password":"","post_name":"codornices-escabechadas-con-arroz-basmati-en-ensalada","to_ping":"","pinged":"","post_modified":"2022-11-09 21:50:47","post_modified_gmt":"2022-11-09 21:50:47","post_content_filtered":"","post_parent":0,"guid":"https:\/\/www.escuelamasterchef.com\/?post_type=videos&#038;p=4223","menu_order":0,"post_type":"videos","post_mime_type":"","comment_count":"0","filter":"raw"},{"ID":2619,"post_author":"8","post_date":"2022-09-13 11:22:54","post_date_gmt":"2022-09-13 11:22:54","post_content":"","post_title":"Pularda rellena","post_excerpt":"","post_status":"publish","comment_status":"open","ping_status":"closed","post_password":"","post_name":"pularda-rellena","to_ping":"","pinged":"","post_modified":"2022-09-20 13:07:28","post_modified_gmt":"2022-09-20 13:07:28","post_content_filtered":"","post_parent":0,"guid":"https:\/\/www.escuelamasterchef.com\/?post_type=videos&#038;p=2619","menu_order":0,"post_type":"videos","post_mime_type":"","comment_count":"0","filter":"raw"}]},{"unidad":" HUEVOS ","videos":[{"ID":2625,"post_author":"8","post_date":"2022-09-13 11:23:14","post_date_gmt":"2022-09-13 11:23:14","post_content":"","post_title":"Introducci\u00f3n: clasificaci\u00f3n, usos","post_excerpt":"","post_status":"publish","comment_status":"open","ping_status":"closed","post_password":"","post_name":"introduccion-clasificacion-usos","to_ping":"","pinged":"","post_modified":"2022-09-14 14:46:33","post_modified_gmt":"2022-09-14 14:46:33","post_content_filtered":"","post_parent":0,"guid":"https:\/\/www.escuelamasterchef.com\/?post_type=videos&#038;p=2625","menu_order":0,"post_type":"videos","post_mime_type":"","comment_count":"0","filter":"raw"},{"ID":4498,"post_author":"8","post_date":"2022-09-19 01:07:02","post_date_gmt":"2022-09-19 01:07:02","post_content":"","post_title":"La cocci\u00f3n del huevo: al plato, en bu\u00f1uelo, fritos, revueltos\u2026","post_excerpt":"","post_status":"publish","comment_status":"open","ping_status":"closed","post_password":"","post_name":"la-coccion-del-huevo-al-plato-en-bunuelo-fritos-revueltos","to_ping":"","pinged":"","post_modified":"2022-09-19 01:07:03","post_modified_gmt":"2022-09-19 01:07:03","post_content_filtered":"","post_parent":0,"guid":"https:\/\/www.escuelamasterchef.com\/?post_type=videos&#038;p=4498","menu_order":0,"post_type":"videos","post_mime_type":"","comment_count":"0","filter":"raw"},{"ID":4501,"post_author":"8","post_date":"2022-09-19 01:09:29","post_date_gmt":"2022-09-19 01:09:29","post_content":"","post_title":"Huevo poch\u00e9 con alcachofas confitadas y crujiente de jam\u00f3n","post_excerpt":"","post_status":"publish","comment_status":"open","ping_status":"closed","post_password":"","post_name":"huevo-poche-con-alcachofas-confitadas-y-crujiente-de-jamon","to_ping":"","pinged":"","post_modified":"2022-09-19 01:09:30","post_modified_gmt":"2022-09-19 01:09:30","post_content_filtered":"","post_parent":0,"guid":"https:\/\/www.escuelamasterchef.com\/?post_type=videos&#038;p=4501","menu_order":0,"post_type":"videos","post_mime_type":"","comment_count":"0","filter":"raw"}]},{"unidad":" EL FOIE ","videos":[{"ID":2628,"post_author":"8","post_date":"2022-09-13 11:23:34","post_date_gmt":"2022-09-13 11:23:34","post_content":"","post_title":"Introducci\u00f3n: mi-cuit","post_excerpt":"","post_status":"publish","comment_status":"open","ping_status":"closed","post_password":"","post_name":"introduccion-mi-cuit","to_ping":"","pinged":"","post_modified":"2022-09-20 13:27:08","post_modified_gmt":"2022-09-20 13:27:08","post_content_filtered":"","post_parent":0,"guid":"https:\/\/www.escuelamasterchef.com\/?post_type=videos&#038;p=2628","menu_order":0,"post_type":"videos","post_mime_type":"","comment_count":"0","filter":"raw"},{"ID":2632,"post_author":"8","post_date":"2022-09-13 11:24:31","post_date_gmt":"2022-09-13 11:24:31","post_content":"","post_title":"Foie gras asado con salsa de vainilla, naranja y melocot\u00f3n","post_excerpt":"","post_status":"publish","comment_status":"open","ping_status":"closed","post_password":"","post_name":"foie-gras-asado-con-salsa-de-vainilla-naranja-y-melocoton","to_ping":"","pinged":"","post_modified":"2022-09-19 01:18:17","post_modified_gmt":"2022-09-19 01:18:17","post_content_filtered":"","post_parent":0,"guid":"https:\/\/www.escuelamasterchef.com\/?post_type=videos&#038;p=2632","menu_order":0,"post_type":"videos","post_mime_type":"","comment_count":"0","filter":"raw"}]}],"activar_nuevos_banners":false,"mostrar_banner_1":false,"crear_banner_1":{"utilizar_imagen_unica_para_banner":false,"asignar_imagen_unica_para_banner":false,"mostrar_titulo_banner":false,"titulo_para_banner":"","mostrar_subtitulo_banner":false,"subtitulo_del_banner":"","mostrar_cta_banner":false,"texto_cta_banner":"","url_cta_banner":"","fondo_de_color_banner":"","fondo_de_imagen_banner":false,"mostrar_imagen_izquierda_banner":false,"asignar_imagen_izquierda_banner":false},"mostrar_banner_2":false,"crear_banner_2":{"utilizar_imagen_unica_para_banner":false,"asignar_imagen_unica_para_banner":false,"mostrar_titulo_banner":false,"titulo_para_banner":"","mostrar_subtitulo_banner":false,"subtitulo_del_banner":"","mostrar_cta_banner":false,"texto_cta_banner":"","url_cta_banner":"","fondo_de_color_banner":"","fondo_de_imagen_banner":false,"mostrar_imagen_izquierda_banner":false,"asignar_imagen_izquierda_banner":false},"mostrar_banner_3":false,"crear_banner_3":{"utilizar_imagen_unica_para_banner":false,"asignar_imagen_unica_para_banner":false,"mostrar_titulo_banner":false,"titulo_para_banner":"","mostrar_subtitulo_banner":false,"subtitulo_del_banner":"","mostrar_cta_banner":false,"texto_cta_banner":"","url_cta_banner":"","fondo_de_color_banner":"","fondo_de_imagen_banner":false,"mostrar_imagen_izquierda_banner":false,"asignar_imagen_izquierda_banner":false}},"yoast_head":"<!-- This site is optimized with the Yoast SEO plugin v23.0 - https:\/\/yoast.com\/wordpress\/plugins\/seo\/ -->\n<title>AVES Y HUEVOS - Capabilia<\/title>\n<meta name=\"description\" content=\"Descubre las bondades de una carne tan sana como la de ave. Domina el huevo y trabaja ese manjar tan especial: el foie-gras.\" \/>\n<meta name=\"robots\" content=\"index, follow, max-snippet:-1, max-image-preview:large, max-video-preview:-1\" \/>\n<link rel=\"canonical\" href=\"https:\/\/www.escuelamasterchef.com\/en\/product\/aves-y-huevos\/\" \/>\n<meta property=\"og:locale\" content=\"en_US\" \/>\n<meta property=\"og:type\" content=\"article\" \/>\n<meta property=\"og:title\" content=\"AVES Y HUEVOS - Capabilia\" \/>\n<meta property=\"og:description\" content=\"Descubre las bondades de una carne tan sana como la de ave. Domina el huevo y trabaja ese manjar tan especial: el foie-gras.\" \/>\n<meta property=\"og:url\" content=\"https:\/\/www.escuelamasterchef.com\/en\/product\/aves-y-huevos\/\" \/>\n<meta property=\"og:site_name\" content=\"Capabilia\" \/>\n<meta property=\"article:modified_time\" content=\"2022-09-20T15:17:07+00:00\" \/>\n<meta name=\"twitter:card\" content=\"summary_large_image\" \/>\n<meta name=\"twitter:label1\" content=\"Est. reading time\" \/>\n\t<meta name=\"twitter:data1\" content=\"1 minute\" \/>\n<script type=\"application\/ld+json\" class=\"yoast-schema-graph\">{\"@context\":\"https:\/\/schema.org\",\"@graph\":[{\"@type\":\"WebPage\",\"@id\":\"https:\/\/www.escuelamasterchef.com\/en\/product\/aves-y-huevos\/\",\"url\":\"https:\/\/www.escuelamasterchef.com\/en\/product\/aves-y-huevos\/\",\"name\":\"AVES Y HUEVOS - Capabilia\",\"isPartOf\":{\"@id\":\"https:\/\/www.escuelamasterchef.com\/#website\"},\"datePublished\":\"2022-09-13T02:17:36+00:00\",\"dateModified\":\"2022-09-20T15:17:07+00:00\",\"description\":\"Descubre las bondades de una carne tan sana como la de ave. Domina el huevo y trabaja ese manjar tan especial: el foie-gras.\",\"breadcrumb\":{\"@id\":\"https:\/\/www.escuelamasterchef.com\/en\/product\/aves-y-huevos\/#breadcrumb\"},\"inLanguage\":\"en-US\",\"potentialAction\":[{\"@type\":\"ReadAction\",\"target\":[\"https:\/\/www.escuelamasterchef.com\/en\/product\/aves-y-huevos\/\"]}]},{\"@type\":\"BreadcrumbList\",\"@id\":\"https:\/\/www.escuelamasterchef.com\/en\/product\/aves-y-huevos\/#breadcrumb\",\"itemListElement\":[{\"@type\":\"ListItem\",\"position\":1,\"name\":\"Productos\",\"item\":\"https:\/\/www.escuelamasterchef.com\/product\/\"},{\"@type\":\"ListItem\",\"position\":2,\"name\":\"AVES Y HUEVOS\"}]},{\"@type\":\"WebSite\",\"@id\":\"https:\/\/www.escuelamasterchef.com\/#website\",\"url\":\"https:\/\/www.escuelamasterchef.com\/\",\"name\":\"Capabilia\",\"description\":\"\",\"potentialAction\":[{\"@type\":\"SearchAction\",\"target\":{\"@type\":\"EntryPoint\",\"urlTemplate\":\"https:\/\/www.escuelamasterchef.com\/?s={search_term_string}\"},\"query-input\":\"required name=search_term_string\"}],\"inLanguage\":\"en-US\"}]}<\/script>\n<!-- \/ Yoast SEO plugin. -->","yoast_head_json":{"title":"AVES Y HUEVOS - Capabilia","description":"Descubre las bondades de una carne tan sana como la de ave. Domina el huevo y trabaja ese manjar tan especial: el foie-gras.","robots":{"index":"index","follow":"follow","max-snippet":"max-snippet:-1","max-image-preview":"max-image-preview:large","max-video-preview":"max-video-preview:-1"},"canonical":"https:\/\/www.escuelamasterchef.com\/en\/product\/aves-y-huevos\/","og_locale":"en_US","og_type":"article","og_title":"AVES Y HUEVOS - Capabilia","og_description":"Descubre las bondades de una carne tan sana como la de ave. Domina el huevo y trabaja ese manjar tan especial: el foie-gras.","og_url":"https:\/\/www.escuelamasterchef.com\/en\/product\/aves-y-huevos\/","og_site_name":"Capabilia","article_modified_time":"2022-09-20T15:17:07+00:00","twitter_card":"summary_large_image","twitter_misc":{"Est. reading time":"1 minute"},"schema":{"@context":"https:\/\/schema.org","@graph":[{"@type":"WebPage","@id":"https:\/\/www.escuelamasterchef.com\/en\/product\/aves-y-huevos\/","url":"https:\/\/www.escuelamasterchef.com\/en\/product\/aves-y-huevos\/","name":"AVES Y HUEVOS - Capabilia","isPartOf":{"@id":"https:\/\/www.escuelamasterchef.com\/#website"},"datePublished":"2022-09-13T02:17:36+00:00","dateModified":"2022-09-20T15:17:07+00:00","description":"Descubre las bondades de una carne tan sana como la de ave. Domina el huevo y trabaja ese manjar tan especial: el foie-gras.","breadcrumb":{"@id":"https:\/\/www.escuelamasterchef.com\/en\/product\/aves-y-huevos\/#breadcrumb"},"inLanguage":"en-US","potentialAction":[{"@type":"ReadAction","target":["https:\/\/www.escuelamasterchef.com\/en\/product\/aves-y-huevos\/"]}]},{"@type":"BreadcrumbList","@id":"https:\/\/www.escuelamasterchef.com\/en\/product\/aves-y-huevos\/#breadcrumb","itemListElement":[{"@type":"ListItem","position":1,"name":"Productos","item":"https:\/\/www.escuelamasterchef.com\/product\/"},{"@type":"ListItem","position":2,"name":"AVES Y HUEVOS"}]},{"@type":"WebSite","@id":"https:\/\/www.escuelamasterchef.com\/#website","url":"https:\/\/www.escuelamasterchef.com\/","name":"Capabilia","description":"","potentialAction":[{"@type":"SearchAction","target":{"@type":"EntryPoint","urlTemplate":"https:\/\/www.escuelamasterchef.com\/?s={search_term_string}"},"query-input":"required name=search_term_string"}],"inLanguage":"en-US"}]}},"idiomas":{"en":2203,"es":2202},"_links":{"self":[{"href":"https:\/\/www.escuelamasterchef.com\/en\/wp-json\/wp\/v2\/products\/2203"}],"collection":[{"href":"https:\/\/www.escuelamasterchef.com\/en\/wp-json\/wp\/v2\/products"}],"about":[{"href":"https:\/\/www.escuelamasterchef.com\/en\/wp-json\/wp\/v2\/types\/product"}],"author":[{"embeddable":true,"href":"https:\/\/www.escuelamasterchef.com\/en\/wp-json\/wp\/v2\/users\/3"}],"replies":[{"embeddable":true,"href":"https:\/\/www.escuelamasterchef.com\/en\/wp-json\/wp\/v2\/comments?post=2203"}],"version-history":[{"count":5,"href":"https:\/\/www.escuelamasterchef.com\/en\/wp-json\/wp\/v2\/products\/2203\/revisions"}],"predecessor-version":[{"id":4551,"href":"https:\/\/www.escuelamasterchef.com\/en\/wp-json\/wp\/v2\/products\/2203\/revisions\/4551"}],"wp:attachment":[{"href":"https:\/\/www.escuelamasterchef.com\/en\/wp-json\/wp\/v2\/media?parent=2203"}],"wp:term":[{"taxonomy":"category","embeddable":true,"href":"https:\/\/www.escuelamasterchef.com\/en\/wp-json\/wp\/v2\/categories?post=2203"}],"curies":[{"name":"wp","href":"https:\/\/api.w.org\/{rel}","templated":true}]}}