{"id":2201,"date":"2022-09-13T02:10:31","date_gmt":"2022-09-13T02:10:31","guid":{"rendered":"https:\/\/www.escuelamasterchef.com\/?post_type=product&#038;p=2201"},"modified":"2022-09-20T19:47:47","modified_gmt":"2022-09-20T19:47:47","slug":"carnes","status":"publish","type":"product","link":"https:\/\/www.escuelamasterchef.com\/en\/product\/carnes\/","title":{"rendered":"CARNES"},"content":{"rendered":"<p>contenido<\/p>\n","protected":false},"excerpt":{"rendered":"<p>Te acercamos la riqueza de este mundo en un completo recorrido que incluye carnes rojas, blancas, de cerdo, de caza y casquer\u00eda.<\/p>\n","protected":false},"author":3,"featured_media":0,"comment_status":"open","ping_status":"closed","template":"","meta":{"_acf_changed":false,"footnotes":""},"categories":[24],"class_list":["post-2201","product","type-product","status-publish","hentry","category-mastercheff-en"],"acf":{"external_id":"1400","titulo_curso":"CARNES","precio":"1","impartido_en":"es","id_magento":"640","hubspot_product_id":"","id_octavio":"1795","novedad":false,"imagen_destacada":"https:\/\/static.capabiliaserver.com\/frontend\/clients\/masterchef\/wp_dev\/wp-content\/uploads\/2022\/07\/39400293-8.jpg","header_image":"https:\/\/static.capabiliaserver.com\/frontend\/clients\/masterchef\/wp_dev\/wp-content\/uploads\/2022\/07\/39400293-8.jpg","mostrar_patrocinador":false,"patrocinador_imagen":"https:\/\/static.capabiliaserver.com\/frontend\/clients\/masterchef\/wp_dev\/wp-content\/uploads\/2022\/09\/a3c93e10-corteingles-big.png","titulo":"CARNES","introduccion":"Te acercamos la riqueza de este mundo en un completo recorrido que incluye carnes rojas, blancas, de cerdo, de caza y casquer\u00eda.","descripcion":"Aprender\u00e1s a preparar la carne roja para lograr el punto justo de cocci\u00f3n siempre. Ver\u00e1s como se prepara un estupendo tartar y c\u00f3mo lograr hamburguesa con un toque especial. Descubrir\u00e1s los secretos para cocinar carnes blancas como cordero y conejo, y ver\u00e1s c\u00f3mo trabajar el cerdo a fondo. Sin olvidarnos de las posibilidades que ofrecen las carnes de caza. Y por \u00faltimo, podr\u00e1s extraer lo m\u00e1ximo de la casquer\u00eda. ","videos_del_producto":[{"unidad":" ROJAS ","videos":[{"ID":2571,"post_author":"8","post_date":"2022-09-13 11:14:48","post_date_gmt":"2022-09-13 11:14:48","post_content":"","post_title":"Introducci\u00f3n, cortes, usos","post_excerpt":"","post_status":"publish","comment_status":"open","ping_status":"closed","post_password":"","post_name":"introduccion-cortes-usos","to_ping":"","pinged":"","post_modified":"2022-09-18 23:57:10","post_modified_gmt":"2022-09-18 23:57:10","post_content_filtered":"","post_parent":0,"guid":"https:\/\/www.escuelamasterchef.com\/?post_type=videos&#038;p=2571","menu_order":0,"post_type":"videos","post_mime_type":"","comment_count":"0","filter":"raw"},{"ID":2574,"post_author":"8","post_date":"2022-09-13 11:15:44","post_date_gmt":"2022-09-13 11:15:44","post_content":"","post_title":"Solomillo de ternera albardado con pimientos rojos, pur\u00e9 de patata y salteado de setas y chalotas","post_excerpt":"","post_status":"publish","comment_status":"open","ping_status":"closed","post_password":"","post_name":"solomillo-de-ternera-albardado-con-pimientos-rojos-pure-de-patata-y-salteado-de-setas-y-chalotas","to_ping":"","pinged":"","post_modified":"2022-09-14 14:24:48","post_modified_gmt":"2022-09-14 14:24:48","post_content_filtered":"","post_parent":0,"guid":"https:\/\/www.escuelamasterchef.com\/?post_type=videos&#038;p=2574","menu_order":0,"post_type":"videos","post_mime_type":"","comment_count":"0","filter":"raw"},{"ID":2577,"post_author":"8","post_date":"2022-09-13 11:16:11","post_date_gmt":"2022-09-13 11:16:11","post_content":"","post_title":"Roast Beef","post_excerpt":"","post_status":"publish","comment_status":"open","ping_status":"closed","post_password":"","post_name":"roast-beef","to_ping":"","pinged":"","post_modified":"2022-09-14 14:26:14","post_modified_gmt":"2022-09-14 14:26:14","post_content_filtered":"","post_parent":0,"guid":"https:\/\/www.escuelamasterchef.com\/?post_type=videos&#038;p=2577","menu_order":0,"post_type":"videos","post_mime_type":"","comment_count":"0","filter":"raw"},{"ID":2580,"post_author":"8","post_date":"2022-09-13 11:16:30","post_date_gmt":"2022-09-13 11:16:30","post_content":"","post_title":"Farsas de carne y hamburguesas","post_excerpt":"","post_status":"publish","comment_status":"open","ping_status":"closed","post_password":"","post_name":"farsas-de-carne-y-hamburguesas","to_ping":"","pinged":"","post_modified":"2022-09-14 14:26:57","post_modified_gmt":"2022-09-14 14:26:57","post_content_filtered":"","post_parent":0,"guid":"https:\/\/www.escuelamasterchef.com\/?post_type=videos&#038;p=2580","menu_order":0,"post_type":"videos","post_mime_type":"","comment_count":"0","filter":"raw"},{"ID":2584,"post_author":"8","post_date":"2022-09-13 11:16:44","post_date_gmt":"2022-09-13 11:16:44","post_content":"","post_title":"Tartar de potro","post_excerpt":"","post_status":"publish","comment_status":"open","ping_status":"closed","post_password":"","post_name":"tartar-de-potro","to_ping":"","pinged":"","post_modified":"2022-09-14 14:28:07","post_modified_gmt":"2022-09-14 14:28:07","post_content_filtered":"","post_parent":0,"guid":"https:\/\/www.escuelamasterchef.com\/?post_type=videos&#038;p=2584","menu_order":0,"post_type":"videos","post_mime_type":"","comment_count":"0","filter":"raw"}]},{"unidad":" BLANCAS ","videos":[{"ID":2587,"post_author":"8","post_date":"2022-09-13 11:17:49","post_date_gmt":"2022-09-13 11:17:49","post_content":"","post_title":"Introducci\u00f3n, cortes y usos","post_excerpt":"","post_status":"publish","comment_status":"open","ping_status":"closed","post_password":"","post_name":"introduccion-cortes-y-usos-2","to_ping":"","pinged":"","post_modified":"2022-09-14 14:31:37","post_modified_gmt":"2022-09-14 14:31:37","post_content_filtered":"","post_parent":0,"guid":"https:\/\/www.escuelamasterchef.com\/?post_type=videos&#038;p=2587","menu_order":0,"post_type":"videos","post_mime_type":"","comment_count":"0","filter":"raw"},{"ID":2590,"post_author":"8","post_date":"2022-09-13 11:18:11","post_date_gmt":"2022-09-13 11:18:11","post_content":"","post_title":"Lomo de cordero con patatas y alcachofas confitadas","post_excerpt":"","post_status":"publish","comment_status":"open","ping_status":"closed","post_password":"","post_name":"lomo-de-cordero-con-patatas-y-alcachofas-confitadas","to_ping":"","pinged":"","post_modified":"2022-09-14 14:33:22","post_modified_gmt":"2022-09-14 14:33:22","post_content_filtered":"","post_parent":0,"guid":"https:\/\/www.escuelamasterchef.com\/?post_type=videos&#038;p=2590","menu_order":0,"post_type":"videos","post_mime_type":"","comment_count":"0","filter":"raw"},{"ID":2593,"post_author":"8","post_date":"2022-09-13 11:18:31","post_date_gmt":"2022-09-13 11:18:31","post_content":"","post_title":"Corona de costillar de conejo con ajetes","post_excerpt":"","post_status":"publish","comment_status":"open","ping_status":"closed","post_password":"","post_name":"corona-de-costillar-de-conejo-con-ajetes","to_ping":"","pinged":"","post_modified":"2022-09-14 14:33:58","post_modified_gmt":"2022-09-14 14:33:58","post_content_filtered":"","post_parent":0,"guid":"https:\/\/www.escuelamasterchef.com\/?post_type=videos&#038;p=2593","menu_order":0,"post_type":"videos","post_mime_type":"","comment_count":"0","filter":"raw"}]},{"unidad":" CERDO ","videos":[{"ID":2596,"post_author":"8","post_date":"2022-09-13 11:14:38","post_date_gmt":"2022-09-13 11:14:38","post_content":"","post_title":"Introducci\u00f3n, cortes y usos","post_excerpt":"","post_status":"publish","comment_status":"open","ping_status":"closed","post_password":"","post_name":"introduccion-cortes-y-usos","to_ping":"","pinged":"","post_modified":"2022-09-14 14:34:52","post_modified_gmt":"2022-09-14 14:34:52","post_content_filtered":"","post_parent":0,"guid":"https:\/\/www.escuelamasterchef.com\/?post_type=videos&#038;p=2596","menu_order":0,"post_type":"videos","post_mime_type":"","comment_count":"0","filter":"raw"},{"ID":4491,"post_author":"8","post_date":"2022-09-18 23:51:30","post_date_gmt":"2022-09-18 23:51:30","post_content":"","post_title":"Cochinillo confitado con patatas deluxe","post_excerpt":"","post_status":"publish","comment_status":"open","ping_status":"closed","post_password":"","post_name":"cochinillo-confitado-con-patatas-deluxe","to_ping":"","pinged":"","post_modified":"2022-09-18 23:51:31","post_modified_gmt":"2022-09-18 23:51:31","post_content_filtered":"","post_parent":0,"guid":"https:\/\/www.escuelamasterchef.com\/?post_type=videos&#038;p=4491","menu_order":0,"post_type":"videos","post_mime_type":"","comment_count":"0","filter":"raw"},{"ID":2599,"post_author":"8","post_date":"2022-09-13 11:19:40","post_date_gmt":"2022-09-13 11:19:40","post_content":"","post_title":"Papada a baja temperatura con pur\u00e9 de patatas","post_excerpt":"","post_status":"publish","comment_status":"open","ping_status":"closed","post_password":"","post_name":"papada-a-baja-temperatura-con-pure-de-patatas","to_ping":"","pinged":"","post_modified":"2022-09-14 14:36:00","post_modified_gmt":"2022-09-14 14:36:00","post_content_filtered":"","post_parent":0,"guid":"https:\/\/www.escuelamasterchef.com\/?post_type=videos&#038;p=2599","menu_order":0,"post_type":"videos","post_mime_type":"","comment_count":"0","filter":"raw"},{"ID":4181,"post_author":"8","post_date":"2022-09-16 04:20:03","post_date_gmt":"2022-09-16 04:20:03","post_content":"","post_title":"Chuletas de cerdo empanadas con ensalada de cebolla morada","post_excerpt":"","post_status":"publish","comment_status":"open","ping_status":"closed","post_password":"","post_name":"chuletas-de-cerdo-empanadas-con-ensalada-de-cebolla-morada","to_ping":"","pinged":"","post_modified":"2022-09-16 04:20:03","post_modified_gmt":"2022-09-16 04:20:03","post_content_filtered":"","post_parent":0,"guid":"https:\/\/www.escuelamasterchef.com\/?post_type=videos&#038;p=4181","menu_order":0,"post_type":"videos","post_mime_type":"","comment_count":"0","filter":"raw"}]},{"unidad":" CASQUERIA ","videos":[{"ID":2604,"post_author":"8","post_date":"2022-09-13 11:20:07","post_date_gmt":"2022-09-13 11:20:07","post_content":"","post_title":"Variedades, usos, manipulaci\u00f3n","post_excerpt":"","post_status":"publish","comment_status":"open","ping_status":"closed","post_password":"","post_name":"variedades-usos-manipulacion","to_ping":"","pinged":"","post_modified":"2022-09-14 14:37:25","post_modified_gmt":"2022-09-14 14:37:25","post_content_filtered":"","post_parent":0,"guid":"https:\/\/www.escuelamasterchef.com\/?post_type=videos&#038;p=2604","menu_order":0,"post_type":"videos","post_mime_type":"","comment_count":"0","filter":"raw"},{"ID":3772,"post_author":"8","post_date":"2022-09-14 14:48:54","post_date_gmt":"2022-09-14 14:48:54","post_content":"","post_title":"Salteado de mollejas de cordero y breseado de mollejas de ternera","post_excerpt":"","post_status":"publish","comment_status":"open","ping_status":"closed","post_password":"","post_name":"salteado-de-mollejas-de-cordero-y-breseado-de-mollejas-de-ternera","to_ping":"","pinged":"","post_modified":"2022-09-20 15:16:33","post_modified_gmt":"2022-09-20 15:16:33","post_content_filtered":"","post_parent":0,"guid":"https:\/\/www.escuelamasterchef.com\/?post_type=videos&#038;p=3772","menu_order":0,"post_type":"videos","post_mime_type":"","comment_count":"0","filter":"raw"},{"ID":2607,"post_author":"8","post_date":"2022-09-13 11:20:39","post_date_gmt":"2022-09-13 11:20:39","post_content":"","post_title":"Callos a la madrile\u00f1a","post_excerpt":"","post_status":"publish","comment_status":"open","ping_status":"closed","post_password":"","post_name":"callos-a-la-madrilena","to_ping":"","pinged":"","post_modified":"2022-09-14 14:38:18","post_modified_gmt":"2022-09-14 14:38:18","post_content_filtered":"","post_parent":0,"guid":"https:\/\/www.escuelamasterchef.com\/?post_type=videos&#038;p=2607","menu_order":0,"post_type":"videos","post_mime_type":"","comment_count":"0","filter":"raw"},{"ID":2610,"post_author":"8","post_date":"2022-09-13 11:21:56","post_date_gmt":"2022-09-13 11:21:56","post_content":"","post_title":"Manitas de cerdo glaseadas con ratatouille de sepia","post_excerpt":"","post_status":"publish","comment_status":"open","ping_status":"closed","post_password":"","post_name":"manitas-de-cerdo-glaseadas-con-ratatouille-de-sepia","to_ping":"","pinged":"","post_modified":"2022-09-14 14:39:08","post_modified_gmt":"2022-09-14 14:39:08","post_content_filtered":"","post_parent":0,"guid":"https:\/\/www.escuelamasterchef.com\/?post_type=videos&#038;p=2610","menu_order":0,"post_type":"videos","post_mime_type":"","comment_count":"0","filter":"raw"}]},{"unidad":" CAZA ","videos":[{"ID":2613,"post_author":"8","post_date":"2022-09-13 11:21:54","post_date_gmt":"2022-09-13 11:21:54","post_content":"","post_title":"Introducci\u00f3n, clases, estacionalidad","post_excerpt":"","post_status":"publish","comment_status":"open","ping_status":"closed","post_password":"","post_name":"introduccion-clases-estacionalidad","to_ping":"","pinged":"","post_modified":"2022-09-14 14:40:00","post_modified_gmt":"2022-09-14 14:40:00","post_content_filtered":"","post_parent":0,"guid":"https:\/\/www.escuelamasterchef.com\/?post_type=videos&#038;p=2613","menu_order":0,"post_type":"videos","post_mime_type":"","comment_count":"0","filter":"raw"},{"ID":4404,"post_author":"8","post_date":"2022-09-17 02:17:45","post_date_gmt":"2022-09-17 02:17:45","post_content":"","post_title":"Estofado de ciervo con pur\u00e9 trufado","post_excerpt":"","post_status":"publish","comment_status":"open","ping_status":"closed","post_password":"","post_name":"estofado-de-ciervo-con-pure-trufado","to_ping":"","pinged":"","post_modified":"2022-09-17 02:17:45","post_modified_gmt":"2022-09-17 02:17:45","post_content_filtered":"","post_parent":0,"guid":"https:\/\/www.escuelamasterchef.com\/?post_type=videos&#038;p=4404","menu_order":0,"post_type":"videos","post_mime_type":"","comment_count":"0","filter":"raw"},{"ID":4359,"post_author":"8","post_date":"2022-09-16 18:47:38","post_date_gmt":"2022-09-16 18:47:38","post_content":"","post_title":"Solomillo de jabal\u00ed y corzo marinados y asados con verduritas y casta\u00f1as","post_excerpt":"","post_status":"publish","comment_status":"open","ping_status":"closed","post_password":"","post_name":"solomillo-de-jabali-y-corzo-marinados-y-asados-con-verduritas-y-castanas","to_ping":"","pinged":"","post_modified":"2022-09-16 18:47:40","post_modified_gmt":"2022-09-16 18:47:40","post_content_filtered":"","post_parent":0,"guid":"https:\/\/www.escuelamasterchef.com\/?post_type=videos&#038;p=4359","menu_order":0,"post_type":"videos","post_mime_type":"","comment_count":"0","filter":"raw"},{"ID":4512,"post_author":"8","post_date":"2022-09-19 01:26:29","post_date_gmt":"2022-09-19 01:26:29","post_content":"","post_title":"Liebre rellena","post_excerpt":"","post_status":"publish","comment_status":"open","ping_status":"closed","post_password":"","post_name":"liebre-rellena","to_ping":"","pinged":"","post_modified":"2022-09-19 01:26:30","post_modified_gmt":"2022-09-19 01:26:30","post_content_filtered":"","post_parent":0,"guid":"https:\/\/www.escuelamasterchef.com\/?post_type=videos&#038;p=4512","menu_order":0,"post_type":"videos","post_mime_type":"","comment_count":"0","filter":"raw"}]}],"activar_nuevos_banners":false,"mostrar_banner_1":false,"crear_banner_1":{"utilizar_imagen_unica_para_banner":false,"asignar_imagen_unica_para_banner":false,"mostrar_titulo_banner":false,"titulo_para_banner":"","mostrar_subtitulo_banner":false,"subtitulo_del_banner":"","mostrar_cta_banner":false,"texto_cta_banner":"","url_cta_banner":"","fondo_de_color_banner":"","fondo_de_imagen_banner":false,"mostrar_imagen_izquierda_banner":false,"asignar_imagen_izquierda_banner":false},"mostrar_banner_2":false,"crear_banner_2":{"utilizar_imagen_unica_para_banner":false,"asignar_imagen_unica_para_banner":false,"mostrar_titulo_banner":false,"titulo_para_banner":"","mostrar_subtitulo_banner":false,"subtitulo_del_banner":"","mostrar_cta_banner":false,"texto_cta_banner":"","url_cta_banner":"","fondo_de_color_banner":"","fondo_de_imagen_banner":false,"mostrar_imagen_izquierda_banner":false,"asignar_imagen_izquierda_banner":false},"mostrar_banner_3":false,"crear_banner_3":{"utilizar_imagen_unica_para_banner":false,"asignar_imagen_unica_para_banner":false,"mostrar_titulo_banner":false,"titulo_para_banner":"","mostrar_subtitulo_banner":false,"subtitulo_del_banner":"","mostrar_cta_banner":false,"texto_cta_banner":"","url_cta_banner":"","fondo_de_color_banner":"","fondo_de_imagen_banner":false,"mostrar_imagen_izquierda_banner":false,"asignar_imagen_izquierda_banner":false}},"yoast_head":"<!-- This site is optimized with the Yoast SEO plugin v23.0 - https:\/\/yoast.com\/wordpress\/plugins\/seo\/ -->\n<title>CARNES - Capabilia<\/title>\n<meta name=\"description\" content=\"Te acercamos la riqueza de este mundo en un completo recorrido que incluye carnes rojas, blancas, de cerdo, de caza y casquer\u00eda.\" \/>\n<meta name=\"robots\" content=\"index, follow, max-snippet:-1, max-image-preview:large, max-video-preview:-1\" \/>\n<link rel=\"canonical\" href=\"https:\/\/www.escuelamasterchef.com\/en\/product\/carnes\/\" \/>\n<meta property=\"og:locale\" content=\"en_US\" \/>\n<meta property=\"og:type\" content=\"article\" \/>\n<meta property=\"og:title\" content=\"CARNES - Capabilia\" \/>\n<meta property=\"og:description\" content=\"Te acercamos la riqueza de este mundo en un completo recorrido que incluye carnes rojas, blancas, de cerdo, de caza y casquer\u00eda.\" \/>\n<meta property=\"og:url\" content=\"https:\/\/www.escuelamasterchef.com\/en\/product\/carnes\/\" \/>\n<meta property=\"og:site_name\" content=\"Capabilia\" \/>\n<meta property=\"article:modified_time\" content=\"2022-09-20T19:47:47+00:00\" \/>\n<meta name=\"twitter:card\" content=\"summary_large_image\" \/>\n<meta name=\"twitter:label1\" content=\"Est. reading time\" \/>\n\t<meta name=\"twitter:data1\" content=\"1 minute\" \/>\n<script type=\"application\/ld+json\" class=\"yoast-schema-graph\">{\"@context\":\"https:\/\/schema.org\",\"@graph\":[{\"@type\":\"WebPage\",\"@id\":\"https:\/\/www.escuelamasterchef.com\/en\/product\/carnes\/\",\"url\":\"https:\/\/www.escuelamasterchef.com\/en\/product\/carnes\/\",\"name\":\"CARNES - Capabilia\",\"isPartOf\":{\"@id\":\"https:\/\/www.escuelamasterchef.com\/#website\"},\"datePublished\":\"2022-09-13T02:10:31+00:00\",\"dateModified\":\"2022-09-20T19:47:47+00:00\",\"description\":\"Te acercamos la riqueza de este mundo en un completo recorrido que incluye carnes rojas, blancas, de cerdo, de caza y casquer\u00eda.\",\"breadcrumb\":{\"@id\":\"https:\/\/www.escuelamasterchef.com\/en\/product\/carnes\/#breadcrumb\"},\"inLanguage\":\"en-US\",\"potentialAction\":[{\"@type\":\"ReadAction\",\"target\":[\"https:\/\/www.escuelamasterchef.com\/en\/product\/carnes\/\"]}]},{\"@type\":\"BreadcrumbList\",\"@id\":\"https:\/\/www.escuelamasterchef.com\/en\/product\/carnes\/#breadcrumb\",\"itemListElement\":[{\"@type\":\"ListItem\",\"position\":1,\"name\":\"Productos\",\"item\":\"https:\/\/www.escuelamasterchef.com\/product\/\"},{\"@type\":\"ListItem\",\"position\":2,\"name\":\"CARNES\"}]},{\"@type\":\"WebSite\",\"@id\":\"https:\/\/www.escuelamasterchef.com\/#website\",\"url\":\"https:\/\/www.escuelamasterchef.com\/\",\"name\":\"Capabilia\",\"description\":\"\",\"potentialAction\":[{\"@type\":\"SearchAction\",\"target\":{\"@type\":\"EntryPoint\",\"urlTemplate\":\"https:\/\/www.escuelamasterchef.com\/?s={search_term_string}\"},\"query-input\":\"required name=search_term_string\"}],\"inLanguage\":\"en-US\"}]}<\/script>\n<!-- \/ Yoast SEO plugin. -->","yoast_head_json":{"title":"CARNES - Capabilia","description":"Te acercamos la riqueza de este mundo en un completo recorrido que incluye carnes rojas, blancas, de cerdo, de caza y casquer\u00eda.","robots":{"index":"index","follow":"follow","max-snippet":"max-snippet:-1","max-image-preview":"max-image-preview:large","max-video-preview":"max-video-preview:-1"},"canonical":"https:\/\/www.escuelamasterchef.com\/en\/product\/carnes\/","og_locale":"en_US","og_type":"article","og_title":"CARNES - Capabilia","og_description":"Te acercamos la riqueza de este mundo en un completo recorrido que incluye carnes rojas, blancas, de cerdo, de caza y casquer\u00eda.","og_url":"https:\/\/www.escuelamasterchef.com\/en\/product\/carnes\/","og_site_name":"Capabilia","article_modified_time":"2022-09-20T19:47:47+00:00","twitter_card":"summary_large_image","twitter_misc":{"Est. reading time":"1 minute"},"schema":{"@context":"https:\/\/schema.org","@graph":[{"@type":"WebPage","@id":"https:\/\/www.escuelamasterchef.com\/en\/product\/carnes\/","url":"https:\/\/www.escuelamasterchef.com\/en\/product\/carnes\/","name":"CARNES - Capabilia","isPartOf":{"@id":"https:\/\/www.escuelamasterchef.com\/#website"},"datePublished":"2022-09-13T02:10:31+00:00","dateModified":"2022-09-20T19:47:47+00:00","description":"Te acercamos la riqueza de este mundo en un completo recorrido que incluye carnes rojas, blancas, de cerdo, de caza y casquer\u00eda.","breadcrumb":{"@id":"https:\/\/www.escuelamasterchef.com\/en\/product\/carnes\/#breadcrumb"},"inLanguage":"en-US","potentialAction":[{"@type":"ReadAction","target":["https:\/\/www.escuelamasterchef.com\/en\/product\/carnes\/"]}]},{"@type":"BreadcrumbList","@id":"https:\/\/www.escuelamasterchef.com\/en\/product\/carnes\/#breadcrumb","itemListElement":[{"@type":"ListItem","position":1,"name":"Productos","item":"https:\/\/www.escuelamasterchef.com\/product\/"},{"@type":"ListItem","position":2,"name":"CARNES"}]},{"@type":"WebSite","@id":"https:\/\/www.escuelamasterchef.com\/#website","url":"https:\/\/www.escuelamasterchef.com\/","name":"Capabilia","description":"","potentialAction":[{"@type":"SearchAction","target":{"@type":"EntryPoint","urlTemplate":"https:\/\/www.escuelamasterchef.com\/?s={search_term_string}"},"query-input":"required name=search_term_string"}],"inLanguage":"en-US"}]}},"idiomas":{"en":2201,"es":2200},"_links":{"self":[{"href":"https:\/\/www.escuelamasterchef.com\/en\/wp-json\/wp\/v2\/products\/2201"}],"collection":[{"href":"https:\/\/www.escuelamasterchef.com\/en\/wp-json\/wp\/v2\/products"}],"about":[{"href":"https:\/\/www.escuelamasterchef.com\/en\/wp-json\/wp\/v2\/types\/product"}],"author":[{"embeddable":true,"href":"https:\/\/www.escuelamasterchef.com\/en\/wp-json\/wp\/v2\/users\/3"}],"replies":[{"embeddable":true,"href":"https:\/\/www.escuelamasterchef.com\/en\/wp-json\/wp\/v2\/comments?post=2201"}],"version-history":[{"count":5,"href":"https:\/\/www.escuelamasterchef.com\/en\/wp-json\/wp\/v2\/products\/2201\/revisions"}],"predecessor-version":[{"id":4602,"href":"https:\/\/www.escuelamasterchef.com\/en\/wp-json\/wp\/v2\/products\/2201\/revisions\/4602"}],"wp:attachment":[{"href":"https:\/\/www.escuelamasterchef.com\/en\/wp-json\/wp\/v2\/media?parent=2201"}],"wp:term":[{"taxonomy":"category","embeddable":true,"href":"https:\/\/www.escuelamasterchef.com\/en\/wp-json\/wp\/v2\/categories?post=2201"}],"curies":[{"name":"wp","href":"https:\/\/api.w.org\/{rel}","templated":true}]}}