{"id":2195,"date":"2022-09-13T01:26:42","date_gmt":"2022-09-13T01:26:42","guid":{"rendered":"https:\/\/www.escuelamasterchef.com\/?post_type=product&#038;p=2195"},"modified":"2022-09-16T17:47:56","modified_gmt":"2022-09-16T17:47:56","slug":"sopas-cremas-y-potajes","status":"publish","type":"product","link":"https:\/\/www.escuelamasterchef.com\/en\/product\/sopas-cremas-y-potajes\/","title":{"rendered":"SOPAS, CREMAS Y POTAJES"},"content":{"rendered":"<p>contenido<\/p>\n","protected":false},"excerpt":{"rendered":"<p>Aprende desde las sopas fr\u00edas m\u00e1s refrescantes, hasta los m\u00e1s sustanciosos potajes para el fr\u00edo m\u00e1s riguroso del invierno.<\/p>\n","protected":false},"author":3,"featured_media":0,"comment_status":"open","ping_status":"closed","template":"","meta":{"_acf_changed":false,"footnotes":""},"categories":[24],"class_list":["post-2195","product","type-product","status-publish","hentry","category-mastercheff-en"],"acf":{"external_id":"1397","titulo_curso":"SOPAS, CREMAS Y POTAJES","precio":"1","impartido_en":"es","id_magento":"637","hubspot_product_id":"","id_octavio":"1792","novedad":false,"imagen_destacada":"https:\/\/static.capabiliaserver.com\/frontend\/clients\/masterchef\/wp_dev\/wp-content\/uploads\/2022\/07\/1c005c2f-4.jpg","header_image":"https:\/\/static.capabiliaserver.com\/frontend\/clients\/masterchef\/wp_dev\/wp-content\/uploads\/2022\/07\/1c005c2f-4.jpg","mostrar_patrocinador":true,"patrocinador_imagen":"https:\/\/static.capabiliaserver.com\/frontend\/clients\/masterchef\/wp_dev\/wp-content\/uploads\/2022\/09\/382d74ef-bosch-big.png","titulo":"SOPAS, CREMAS Y POTAJES","introduccion":"Aprende desde las sopas fr\u00edas m\u00e1s refrescantes, hasta los m\u00e1s sustanciosos potajes para el fr\u00edo m\u00e1s riguroso del invierno.","descripcion":"Es hora de preparar la cuchara para entrar en el universo de las texturas l\u00edquidas. \u00bfQu\u00e9 mejor que el fuego de la tradici\u00f3n para entrar en calor? \u00bfO las propuestas m\u00e1s refrescantes? Ad\u00e9ntrate en este maravilloso mundo de sopas fr\u00edas, calientes, cremas y potajes. T\u00fa prepara la cuchara que nosotros te mostramos c\u00f3mo combinar los ingredientes para obtener deliciosos manjares con los que os deleitar\u00e9is t\u00fa y los tuyos. ","videos_del_producto":[{"unidad":" SOPAS FR\u00cdAS ","videos":[{"ID":2319,"post_author":"8","post_date":"2022-09-07 18:14:31","post_date_gmt":"2022-09-07 18:14:31","post_content":"","post_title":"Gazpacho","post_excerpt":"","post_status":"publish","comment_status":"open","ping_status":"closed","post_password":"","post_name":"gazpacho","to_ping":"","pinged":"","post_modified":"2022-09-15 14:16:14","post_modified_gmt":"2022-09-15 14:16:14","post_content_filtered":"","post_parent":0,"guid":"https:\/\/www.escuelamasterchef.com\/?post_type=videos&#038;p=2319","menu_order":0,"post_type":"videos","post_mime_type":"","comment_count":"0","filter":"raw"},{"ID":2336,"post_author":"8","post_date":"2022-09-08 13:01:20","post_date_gmt":"2022-09-08 13:01:20","post_content":"","post_title":"Vichyssoise","post_excerpt":"","post_status":"publish","comment_status":"open","ping_status":"closed","post_password":"","post_name":"vichyssoise","to_ping":"","pinged":"","post_modified":"2022-09-17 03:36:31","post_modified_gmt":"2022-09-17 03:36:31","post_content_filtered":"","post_parent":0,"guid":"https:\/\/www.escuelamasterchef.com\/?post_type=videos&#038;p=2336","menu_order":0,"post_type":"videos","post_mime_type":"","comment_count":"0","filter":"raw"}]},{"unidad":" SOPAS CALIENTES ","videos":[{"ID":2359,"post_author":"8","post_date":"2022-09-13 10:45:12","post_date_gmt":"2022-09-13 10:45:12","post_content":"","post_title":"Sopa bullabesa","post_excerpt":"","post_status":"publish","comment_status":"open","ping_status":"closed","post_password":"","post_name":"sopa-bullabesa","to_ping":"","pinged":"","post_modified":"2022-09-15 14:17:06","post_modified_gmt":"2022-09-15 14:17:06","post_content_filtered":"","post_parent":0,"guid":"https:\/\/www.escuelamasterchef.com\/?post_type=videos&#038;p=2359","menu_order":0,"post_type":"videos","post_mime_type":"","comment_count":"0","filter":"raw"},{"ID":2384,"post_author":"8","post_date":"2022-09-13 10:47:25","post_date_gmt":"2022-09-13 10:47:25","post_content":"","post_title":"Sopa castellana","post_excerpt":"","post_status":"publish","comment_status":"open","ping_status":"closed","post_password":"","post_name":"sopa-castellana","to_ping":"","pinged":"","post_modified":"2022-09-14 12:40:40","post_modified_gmt":"2022-09-14 12:40:40","post_content_filtered":"","post_parent":0,"guid":"https:\/\/www.escuelamasterchef.com\/?post_type=videos&#038;p=2384","menu_order":0,"post_type":"videos","post_mime_type":"","comment_count":"0","filter":"raw"}]},{"unidad":" CREMAS ","videos":[{"ID":2389,"post_author":"8","post_date":"2022-09-13 10:48:52","post_date_gmt":"2022-09-13 10:48:52","post_content":"","post_title":"Crema de calabaza","post_excerpt":"","post_status":"publish","comment_status":"open","ping_status":"closed","post_password":"","post_name":"crema-de-calabaza","to_ping":"","pinged":"","post_modified":"2022-09-15 21:48:50","post_modified_gmt":"2022-09-15 21:48:50","post_content_filtered":"","post_parent":0,"guid":"https:\/\/www.escuelamasterchef.com\/?post_type=videos&#038;p=2389","menu_order":0,"post_type":"videos","post_mime_type":"","comment_count":"0","filter":"raw"},{"ID":2396,"post_author":"8","post_date":"2022-09-13 10:49:59","post_date_gmt":"2022-09-13 10:49:59","post_content":"","post_title":"Crema de setas","post_excerpt":"","post_status":"publish","comment_status":"open","ping_status":"closed","post_password":"","post_name":"crema-de-setas","to_ping":"","pinged":"","post_modified":"2022-09-14 12:44:27","post_modified_gmt":"2022-09-14 12:44:27","post_content_filtered":"","post_parent":0,"guid":"https:\/\/www.escuelamasterchef.com\/?post_type=videos&#038;p=2396","menu_order":0,"post_type":"videos","post_mime_type":"","comment_count":"0","filter":"raw"}]},{"unidad":" POTAJES ","videos":[{"ID":2399,"post_author":"8","post_date":"2022-09-13 10:50:51","post_date_gmt":"2022-09-13 10:50:51","post_content":"","post_title":"Potaje de Vigilia","post_excerpt":"","post_status":"publish","comment_status":"open","ping_status":"closed","post_password":"","post_name":"potaje-de-vigilia","to_ping":"","pinged":"","post_modified":"2022-09-14 12:46:34","post_modified_gmt":"2022-09-14 12:46:34","post_content_filtered":"","post_parent":0,"guid":"https:\/\/www.escuelamasterchef.com\/?post_type=videos&#038;p=2399","menu_order":0,"post_type":"videos","post_mime_type":"","comment_count":"0","filter":"raw"},{"ID":2406,"post_author":"8","post_date":"2022-09-13 10:51:46","post_date_gmt":"2022-09-13 10:51:46","post_content":"","post_title":"Olla gitana","post_excerpt":"","post_status":"publish","comment_status":"open","ping_status":"closed","post_password":"","post_name":"olla-gitana","to_ping":"","pinged":"","post_modified":"2022-09-14 12:47:41","post_modified_gmt":"2022-09-14 12:47:41","post_content_filtered":"","post_parent":0,"guid":"https:\/\/www.escuelamasterchef.com\/?post_type=videos&#038;p=2406","menu_order":0,"post_type":"videos","post_mime_type":"","comment_count":"0","filter":"raw"}]}],"activar_nuevos_banners":false,"mostrar_banner_1":false,"crear_banner_1":{"utilizar_imagen_unica_para_banner":false,"asignar_imagen_unica_para_banner":false,"mostrar_titulo_banner":false,"titulo_para_banner":"","mostrar_subtitulo_banner":false,"subtitulo_del_banner":"","mostrar_cta_banner":false,"texto_cta_banner":"","url_cta_banner":"","fondo_de_color_banner":"","fondo_de_imagen_banner":false,"mostrar_imagen_izquierda_banner":false,"asignar_imagen_izquierda_banner":false},"mostrar_banner_2":false,"crear_banner_2":{"utilizar_imagen_unica_para_banner":false,"asignar_imagen_unica_para_banner":false,"mostrar_titulo_banner":false,"titulo_para_banner":"","mostrar_subtitulo_banner":false,"subtitulo_del_banner":"","mostrar_cta_banner":false,"texto_cta_banner":"","url_cta_banner":"","fondo_de_color_banner":"","fondo_de_imagen_banner":false,"mostrar_imagen_izquierda_banner":false,"asignar_imagen_izquierda_banner":false},"mostrar_banner_3":false,"crear_banner_3":{"utilizar_imagen_unica_para_banner":false,"asignar_imagen_unica_para_banner":false,"mostrar_titulo_banner":false,"titulo_para_banner":"","mostrar_subtitulo_banner":false,"subtitulo_del_banner":"","mostrar_cta_banner":false,"texto_cta_banner":"","url_cta_banner":"","fondo_de_color_banner":"","fondo_de_imagen_banner":false,"mostrar_imagen_izquierda_banner":false,"asignar_imagen_izquierda_banner":false}},"yoast_head":"<!-- This site is optimized with the Yoast SEO plugin v23.0 - https:\/\/yoast.com\/wordpress\/plugins\/seo\/ -->\n<title>SOPAS, CREMAS Y POTAJES - Capabilia<\/title>\n<meta name=\"robots\" content=\"index, follow, max-snippet:-1, max-image-preview:large, max-video-preview:-1\" \/>\n<link rel=\"canonical\" href=\"https:\/\/www.escuelamasterchef.com\/en\/product\/sopas-cremas-y-potajes\/\" \/>\n<meta property=\"og:locale\" content=\"en_US\" \/>\n<meta property=\"og:type\" content=\"article\" \/>\n<meta property=\"og:title\" content=\"SOPAS, CREMAS Y POTAJES - Capabilia\" \/>\n<meta property=\"og:description\" content=\"Aprende desde las sopas fr\u00edas m\u00e1s refrescantes, hasta los m\u00e1s sustanciosos potajes para el fr\u00edo m\u00e1s riguroso del invierno.\" \/>\n<meta property=\"og:url\" content=\"https:\/\/www.escuelamasterchef.com\/en\/product\/sopas-cremas-y-potajes\/\" \/>\n<meta property=\"og:site_name\" content=\"Capabilia\" \/>\n<meta property=\"article:modified_time\" content=\"2022-09-16T17:47:56+00:00\" \/>\n<meta name=\"twitter:card\" content=\"summary_large_image\" \/>\n<meta name=\"twitter:label1\" content=\"Est. reading time\" \/>\n\t<meta name=\"twitter:data1\" content=\"1 minute\" \/>\n<script type=\"application\/ld+json\" class=\"yoast-schema-graph\">{\"@context\":\"https:\/\/schema.org\",\"@graph\":[{\"@type\":\"WebPage\",\"@id\":\"https:\/\/www.escuelamasterchef.com\/en\/product\/sopas-cremas-y-potajes\/\",\"url\":\"https:\/\/www.escuelamasterchef.com\/en\/product\/sopas-cremas-y-potajes\/\",\"name\":\"SOPAS, CREMAS Y POTAJES - Capabilia\",\"isPartOf\":{\"@id\":\"https:\/\/www.escuelamasterchef.com\/#website\"},\"datePublished\":\"2022-09-13T01:26:42+00:00\",\"dateModified\":\"2022-09-16T17:47:56+00:00\",\"breadcrumb\":{\"@id\":\"https:\/\/www.escuelamasterchef.com\/en\/product\/sopas-cremas-y-potajes\/#breadcrumb\"},\"inLanguage\":\"en-US\",\"potentialAction\":[{\"@type\":\"ReadAction\",\"target\":[\"https:\/\/www.escuelamasterchef.com\/en\/product\/sopas-cremas-y-potajes\/\"]}]},{\"@type\":\"BreadcrumbList\",\"@id\":\"https:\/\/www.escuelamasterchef.com\/en\/product\/sopas-cremas-y-potajes\/#breadcrumb\",\"itemListElement\":[{\"@type\":\"ListItem\",\"position\":1,\"name\":\"Productos\",\"item\":\"https:\/\/www.escuelamasterchef.com\/product\/\"},{\"@type\":\"ListItem\",\"position\":2,\"name\":\"SOPAS, CREMAS Y POTAJES\"}]},{\"@type\":\"WebSite\",\"@id\":\"https:\/\/www.escuelamasterchef.com\/#website\",\"url\":\"https:\/\/www.escuelamasterchef.com\/\",\"name\":\"Capabilia\",\"description\":\"\",\"potentialAction\":[{\"@type\":\"SearchAction\",\"target\":{\"@type\":\"EntryPoint\",\"urlTemplate\":\"https:\/\/www.escuelamasterchef.com\/?s={search_term_string}\"},\"query-input\":\"required name=search_term_string\"}],\"inLanguage\":\"en-US\"}]}<\/script>\n<!-- \/ Yoast SEO plugin. -->","yoast_head_json":{"title":"SOPAS, CREMAS Y POTAJES - Capabilia","robots":{"index":"index","follow":"follow","max-snippet":"max-snippet:-1","max-image-preview":"max-image-preview:large","max-video-preview":"max-video-preview:-1"},"canonical":"https:\/\/www.escuelamasterchef.com\/en\/product\/sopas-cremas-y-potajes\/","og_locale":"en_US","og_type":"article","og_title":"SOPAS, CREMAS Y POTAJES - Capabilia","og_description":"Aprende desde las sopas fr\u00edas m\u00e1s refrescantes, hasta los m\u00e1s sustanciosos potajes para el fr\u00edo m\u00e1s riguroso del invierno.","og_url":"https:\/\/www.escuelamasterchef.com\/en\/product\/sopas-cremas-y-potajes\/","og_site_name":"Capabilia","article_modified_time":"2022-09-16T17:47:56+00:00","twitter_card":"summary_large_image","twitter_misc":{"Est. reading time":"1 minute"},"schema":{"@context":"https:\/\/schema.org","@graph":[{"@type":"WebPage","@id":"https:\/\/www.escuelamasterchef.com\/en\/product\/sopas-cremas-y-potajes\/","url":"https:\/\/www.escuelamasterchef.com\/en\/product\/sopas-cremas-y-potajes\/","name":"SOPAS, CREMAS Y POTAJES - Capabilia","isPartOf":{"@id":"https:\/\/www.escuelamasterchef.com\/#website"},"datePublished":"2022-09-13T01:26:42+00:00","dateModified":"2022-09-16T17:47:56+00:00","breadcrumb":{"@id":"https:\/\/www.escuelamasterchef.com\/en\/product\/sopas-cremas-y-potajes\/#breadcrumb"},"inLanguage":"en-US","potentialAction":[{"@type":"ReadAction","target":["https:\/\/www.escuelamasterchef.com\/en\/product\/sopas-cremas-y-potajes\/"]}]},{"@type":"BreadcrumbList","@id":"https:\/\/www.escuelamasterchef.com\/en\/product\/sopas-cremas-y-potajes\/#breadcrumb","itemListElement":[{"@type":"ListItem","position":1,"name":"Productos","item":"https:\/\/www.escuelamasterchef.com\/product\/"},{"@type":"ListItem","position":2,"name":"SOPAS, CREMAS Y POTAJES"}]},{"@type":"WebSite","@id":"https:\/\/www.escuelamasterchef.com\/#website","url":"https:\/\/www.escuelamasterchef.com\/","name":"Capabilia","description":"","potentialAction":[{"@type":"SearchAction","target":{"@type":"EntryPoint","urlTemplate":"https:\/\/www.escuelamasterchef.com\/?s={search_term_string}"},"query-input":"required name=search_term_string"}],"inLanguage":"en-US"}]}},"idiomas":{"en":2195,"es":2194},"_links":{"self":[{"href":"https:\/\/www.escuelamasterchef.com\/en\/wp-json\/wp\/v2\/products\/2195"}],"collection":[{"href":"https:\/\/www.escuelamasterchef.com\/en\/wp-json\/wp\/v2\/products"}],"about":[{"href":"https:\/\/www.escuelamasterchef.com\/en\/wp-json\/wp\/v2\/types\/product"}],"author":[{"embeddable":true,"href":"https:\/\/www.escuelamasterchef.com\/en\/wp-json\/wp\/v2\/users\/3"}],"replies":[{"embeddable":true,"href":"https:\/\/www.escuelamasterchef.com\/en\/wp-json\/wp\/v2\/comments?post=2195"}],"version-history":[{"count":3,"href":"https:\/\/www.escuelamasterchef.com\/en\/wp-json\/wp\/v2\/products\/2195\/revisions"}],"predecessor-version":[{"id":4315,"href":"https:\/\/www.escuelamasterchef.com\/en\/wp-json\/wp\/v2\/products\/2195\/revisions\/4315"}],"wp:attachment":[{"href":"https:\/\/www.escuelamasterchef.com\/en\/wp-json\/wp\/v2\/media?parent=2195"}],"wp:term":[{"taxonomy":"category","embeddable":true,"href":"https:\/\/www.escuelamasterchef.com\/en\/wp-json\/wp\/v2\/categories?post=2195"}],"curies":[{"name":"wp","href":"https:\/\/api.w.org\/{rel}","templated":true}]}}