{"id":2193,"date":"2022-09-13T01:54:11","date_gmt":"2022-09-13T01:54:11","guid":{"rendered":"https:\/\/www.escuelamasterchef.com\/?post_type=product&#038;p=2193"},"modified":"2022-09-20T19:48:53","modified_gmt":"2022-09-20T19:48:53","slug":"lacteos-y-quesos","status":"publish","type":"product","link":"https:\/\/www.escuelamasterchef.com\/en\/product\/lacteos-y-quesos\/","title":{"rendered":"L\u00c1CTEOS Y QUESOS"},"content":{"rendered":"<p>contenido<\/p>\n","protected":false},"excerpt":{"rendered":"<p>Entra en el mundo de los quesos y los l\u00e1cteos: las variedades, sus cortes, o c\u00f3mo se hace mantequilla y yogurt.<\/p>\n","protected":false},"author":3,"featured_media":0,"comment_status":"open","ping_status":"closed","template":"","meta":{"_acf_changed":false,"footnotes":""},"categories":[24],"class_list":["post-2193","product","type-product","status-publish","hentry","category-mastercheff-en"],"acf":{"external_id":"1396","titulo_curso":"L\u00c1CTEOS Y QUESOS","precio":"1","impartido_en":"es","id_magento":"636","hubspot_product_id":"","id_octavio":"1791","novedad":false,"imagen_destacada":"https:\/\/static.capabiliaserver.com\/frontend\/clients\/masterchef\/wp_dev\/wp-content\/uploads\/2022\/07\/f1755f26-6.jpg","header_image":"https:\/\/static.capabiliaserver.com\/frontend\/clients\/masterchef\/wp_dev\/wp-content\/uploads\/2022\/07\/f1755f26-6.jpg","mostrar_patrocinador":false,"patrocinador_imagen":"https:\/\/static.capabiliaserver.com\/frontend\/clients\/masterchef\/wp_dev\/wp-content\/uploads\/2022\/09\/a3c93e10-corteingles-big.png","titulo":"L\u00c1CTEOS Y QUESOS","introduccion":"Entra en el mundo de los quesos y los l\u00e1cteos: las variedades, sus cortes, o c\u00f3mo se hace mantequilla y yogurt.","descripcion":"\u00bfCon qu\u00e9 acompa\u00f1o este queso? \u00bfC\u00f3mo s\u00e9 si es de vaca o de cabra? Sabr\u00e1s todo sobre el queso: la clasificaci\u00f3n seg\u00fan el origen de su leche o el tipo de tapa o corteza, su Denominaci\u00f3n de Origen, su conservaci\u00f3n y sus cortes. Conoce los l\u00e1cteos y sus derivados: la mantequilla, la nata, o el yogurt, alimentos indispensables que nos acompa\u00f1an a trav\u00e9s de los siglos y que no dejan de enriquecerse con renovadas recetas. ","videos_del_producto":[{"unidad":" QUESOS ","videos":[{"ID":2511,"post_author":"8","post_date":"2022-09-13 11:06:10","post_date_gmt":"2022-09-13 11:06:10","post_content":"","post_title":"Tipolog\u00eda, cortes, conservaci\u00f3n y presentaci\u00f3n","post_excerpt":"","post_status":"publish","comment_status":"open","ping_status":"closed","post_password":"","post_name":"tipologia-cortes-conservacion-y-presentacion","to_ping":"","pinged":"","post_modified":"2022-09-20 12:41:08","post_modified_gmt":"2022-09-20 12:41:08","post_content_filtered":"","post_parent":0,"guid":"https:\/\/www.escuelamasterchef.com\/?post_type=videos&#038;p=2511","menu_order":0,"post_type":"videos","post_mime_type":"","comment_count":"0","filter":"raw"},{"ID":2515,"post_author":"8","post_date":"2022-09-13 11:06:39","post_date_gmt":"2022-09-13 11:06:39","post_content":"","post_title":"Tres texturas de quesos ib\u00e9ricos","post_excerpt":"","post_status":"publish","comment_status":"open","ping_status":"closed","post_password":"","post_name":"tres-texturas-de-quesos-ibericos","to_ping":"","pinged":"","post_modified":"2022-09-14 14:05:14","post_modified_gmt":"2022-09-14 14:05:14","post_content_filtered":"","post_parent":0,"guid":"https:\/\/www.escuelamasterchef.com\/?post_type=videos&#038;p=2515","menu_order":0,"post_type":"videos","post_mime_type":"","comment_count":"0","filter":"raw"},{"ID":2518,"post_author":"8","post_date":"2022-09-13 11:06:59","post_date_gmt":"2022-09-13 11:06:59","post_content":"","post_title":"Milhojas de queso de cabra y membrillo","post_excerpt":"","post_status":"publish","comment_status":"open","ping_status":"closed","post_password":"","post_name":"milhojas-de-queso-de-cabra-y-membrillo","to_ping":"","pinged":"","post_modified":"2022-09-14 14:06:12","post_modified_gmt":"2022-09-14 14:06:12","post_content_filtered":"","post_parent":0,"guid":"https:\/\/www.escuelamasterchef.com\/?post_type=videos&#038;p=2518","menu_order":0,"post_type":"videos","post_mime_type":"","comment_count":"0","filter":"raw"}]},{"unidad":" L\u00c1CTEOS ","videos":[{"ID":2521,"post_author":"8","post_date":"2022-09-13 11:07:22","post_date_gmt":"2022-09-13 11:07:22","post_content":"","post_title":"Tipolog\u00eda, caracter\u00edsticas y usos","post_excerpt":"","post_status":"publish","comment_status":"open","ping_status":"closed","post_password":"","post_name":"tipologia-caracteristicas-y-usos","to_ping":"","pinged":"","post_modified":"2022-09-14 14:07:36","post_modified_gmt":"2022-09-14 14:07:36","post_content_filtered":"","post_parent":0,"guid":"https:\/\/www.escuelamasterchef.com\/?post_type=videos&#038;p=2521","menu_order":0,"post_type":"videos","post_mime_type":"","comment_count":"0","filter":"raw"},{"ID":2525,"post_author":"8","post_date":"2022-09-13 11:07:39","post_date_gmt":"2022-09-13 11:07:39","post_content":"","post_title":"Trabajando con mantequilla","post_excerpt":"","post_status":"publish","comment_status":"open","ping_status":"closed","post_password":"","post_name":"trabajando-con-mantequilla","to_ping":"","pinged":"","post_modified":"2022-09-14 14:08:47","post_modified_gmt":"2022-09-14 14:08:47","post_content_filtered":"","post_parent":0,"guid":"https:\/\/www.escuelamasterchef.com\/?post_type=videos&#038;p=2525","menu_order":0,"post_type":"videos","post_mime_type":"","comment_count":"0","filter":"raw"},{"ID":2528,"post_author":"8","post_date":"2022-09-13 11:08:02","post_date_gmt":"2022-09-13 11:08:02","post_content":"","post_title":"Trabajando con yogurt","post_excerpt":"","post_status":"publish","comment_status":"open","ping_status":"closed","post_password":"","post_name":"trabajando-con-yogurt","to_ping":"","pinged":"","post_modified":"2022-09-14 14:09:54","post_modified_gmt":"2022-09-14 14:09:54","post_content_filtered":"","post_parent":0,"guid":"https:\/\/www.escuelamasterchef.com\/?post_type=videos&#038;p=2528","menu_order":0,"post_type":"videos","post_mime_type":"","comment_count":"0","filter":"raw"}]}],"activar_nuevos_banners":false,"mostrar_banner_1":false,"crear_banner_1":{"utilizar_imagen_unica_para_banner":false,"asignar_imagen_unica_para_banner":false,"mostrar_titulo_banner":false,"titulo_para_banner":"","mostrar_subtitulo_banner":false,"subtitulo_del_banner":"","mostrar_cta_banner":false,"texto_cta_banner":"","url_cta_banner":"","fondo_de_color_banner":"","fondo_de_imagen_banner":false,"mostrar_imagen_izquierda_banner":false,"asignar_imagen_izquierda_banner":false},"mostrar_banner_2":false,"crear_banner_2":{"utilizar_imagen_unica_para_banner":false,"asignar_imagen_unica_para_banner":false,"mostrar_titulo_banner":false,"titulo_para_banner":"","mostrar_subtitulo_banner":false,"subtitulo_del_banner":"","mostrar_cta_banner":false,"texto_cta_banner":"","url_cta_banner":"","fondo_de_color_banner":"","fondo_de_imagen_banner":false,"mostrar_imagen_izquierda_banner":false,"asignar_imagen_izquierda_banner":false},"mostrar_banner_3":false,"crear_banner_3":{"utilizar_imagen_unica_para_banner":false,"asignar_imagen_unica_para_banner":false,"mostrar_titulo_banner":false,"titulo_para_banner":"","mostrar_subtitulo_banner":false,"subtitulo_del_banner":"","mostrar_cta_banner":false,"texto_cta_banner":"","url_cta_banner":"","fondo_de_color_banner":"","fondo_de_imagen_banner":false,"mostrar_imagen_izquierda_banner":false,"asignar_imagen_izquierda_banner":false}},"yoast_head":"<!-- This site is optimized with the Yoast SEO plugin v23.0 - https:\/\/yoast.com\/wordpress\/plugins\/seo\/ -->\n<title>L\u00c1CTEOS Y QUESOS - Capabilia<\/title>\n<meta name=\"description\" content=\"Entra en el mundo de los quesos y los l\u00e1cteos: las variedades, sus cortes, o c\u00f3mo se hace mantequilla y yogurt.\" \/>\n<meta name=\"robots\" content=\"index, follow, max-snippet:-1, max-image-preview:large, max-video-preview:-1\" \/>\n<link rel=\"canonical\" href=\"https:\/\/www.escuelamasterchef.com\/en\/product\/lacteos-y-quesos\/\" \/>\n<meta property=\"og:locale\" content=\"en_US\" \/>\n<meta property=\"og:type\" content=\"article\" \/>\n<meta property=\"og:title\" content=\"L\u00c1CTEOS Y QUESOS - Capabilia\" \/>\n<meta property=\"og:description\" content=\"Entra en el mundo de los quesos y los l\u00e1cteos: las variedades, sus cortes, o c\u00f3mo se hace mantequilla y yogurt.\" \/>\n<meta property=\"og:url\" content=\"https:\/\/www.escuelamasterchef.com\/en\/product\/lacteos-y-quesos\/\" \/>\n<meta property=\"og:site_name\" content=\"Capabilia\" \/>\n<meta property=\"article:modified_time\" content=\"2022-09-20T19:48:53+00:00\" \/>\n<meta name=\"twitter:card\" content=\"summary_large_image\" \/>\n<meta name=\"twitter:label1\" content=\"Est. reading time\" \/>\n\t<meta name=\"twitter:data1\" content=\"1 minute\" \/>\n<script type=\"application\/ld+json\" class=\"yoast-schema-graph\">{\"@context\":\"https:\/\/schema.org\",\"@graph\":[{\"@type\":\"WebPage\",\"@id\":\"https:\/\/www.escuelamasterchef.com\/en\/product\/lacteos-y-quesos\/\",\"url\":\"https:\/\/www.escuelamasterchef.com\/en\/product\/lacteos-y-quesos\/\",\"name\":\"L\u00c1CTEOS Y QUESOS - Capabilia\",\"isPartOf\":{\"@id\":\"https:\/\/www.escuelamasterchef.com\/#website\"},\"datePublished\":\"2022-09-13T01:54:11+00:00\",\"dateModified\":\"2022-09-20T19:48:53+00:00\",\"description\":\"Entra en el mundo de los quesos y los l\u00e1cteos: las variedades, sus cortes, o c\u00f3mo se hace mantequilla y yogurt.\",\"breadcrumb\":{\"@id\":\"https:\/\/www.escuelamasterchef.com\/en\/product\/lacteos-y-quesos\/#breadcrumb\"},\"inLanguage\":\"en-US\",\"potentialAction\":[{\"@type\":\"ReadAction\",\"target\":[\"https:\/\/www.escuelamasterchef.com\/en\/product\/lacteos-y-quesos\/\"]}]},{\"@type\":\"BreadcrumbList\",\"@id\":\"https:\/\/www.escuelamasterchef.com\/en\/product\/lacteos-y-quesos\/#breadcrumb\",\"itemListElement\":[{\"@type\":\"ListItem\",\"position\":1,\"name\":\"Productos\",\"item\":\"https:\/\/www.escuelamasterchef.com\/product\/\"},{\"@type\":\"ListItem\",\"position\":2,\"name\":\"L\u00c1CTEOS Y QUESOS\"}]},{\"@type\":\"WebSite\",\"@id\":\"https:\/\/www.escuelamasterchef.com\/#website\",\"url\":\"https:\/\/www.escuelamasterchef.com\/\",\"name\":\"Capabilia\",\"description\":\"\",\"potentialAction\":[{\"@type\":\"SearchAction\",\"target\":{\"@type\":\"EntryPoint\",\"urlTemplate\":\"https:\/\/www.escuelamasterchef.com\/?s={search_term_string}\"},\"query-input\":\"required name=search_term_string\"}],\"inLanguage\":\"en-US\"}]}<\/script>\n<!-- \/ Yoast SEO plugin. -->","yoast_head_json":{"title":"L\u00c1CTEOS Y QUESOS - Capabilia","description":"Entra en el mundo de los quesos y los l\u00e1cteos: las variedades, sus cortes, o c\u00f3mo se hace mantequilla y yogurt.","robots":{"index":"index","follow":"follow","max-snippet":"max-snippet:-1","max-image-preview":"max-image-preview:large","max-video-preview":"max-video-preview:-1"},"canonical":"https:\/\/www.escuelamasterchef.com\/en\/product\/lacteos-y-quesos\/","og_locale":"en_US","og_type":"article","og_title":"L\u00c1CTEOS Y QUESOS - Capabilia","og_description":"Entra en el mundo de los quesos y los l\u00e1cteos: las variedades, sus cortes, o c\u00f3mo se hace mantequilla y yogurt.","og_url":"https:\/\/www.escuelamasterchef.com\/en\/product\/lacteos-y-quesos\/","og_site_name":"Capabilia","article_modified_time":"2022-09-20T19:48:53+00:00","twitter_card":"summary_large_image","twitter_misc":{"Est. reading time":"1 minute"},"schema":{"@context":"https:\/\/schema.org","@graph":[{"@type":"WebPage","@id":"https:\/\/www.escuelamasterchef.com\/en\/product\/lacteos-y-quesos\/","url":"https:\/\/www.escuelamasterchef.com\/en\/product\/lacteos-y-quesos\/","name":"L\u00c1CTEOS Y QUESOS - Capabilia","isPartOf":{"@id":"https:\/\/www.escuelamasterchef.com\/#website"},"datePublished":"2022-09-13T01:54:11+00:00","dateModified":"2022-09-20T19:48:53+00:00","description":"Entra en el mundo de los quesos y los l\u00e1cteos: las variedades, sus cortes, o c\u00f3mo se hace mantequilla y yogurt.","breadcrumb":{"@id":"https:\/\/www.escuelamasterchef.com\/en\/product\/lacteos-y-quesos\/#breadcrumb"},"inLanguage":"en-US","potentialAction":[{"@type":"ReadAction","target":["https:\/\/www.escuelamasterchef.com\/en\/product\/lacteos-y-quesos\/"]}]},{"@type":"BreadcrumbList","@id":"https:\/\/www.escuelamasterchef.com\/en\/product\/lacteos-y-quesos\/#breadcrumb","itemListElement":[{"@type":"ListItem","position":1,"name":"Productos","item":"https:\/\/www.escuelamasterchef.com\/product\/"},{"@type":"ListItem","position":2,"name":"L\u00c1CTEOS Y QUESOS"}]},{"@type":"WebSite","@id":"https:\/\/www.escuelamasterchef.com\/#website","url":"https:\/\/www.escuelamasterchef.com\/","name":"Capabilia","description":"","potentialAction":[{"@type":"SearchAction","target":{"@type":"EntryPoint","urlTemplate":"https:\/\/www.escuelamasterchef.com\/?s={search_term_string}"},"query-input":"required name=search_term_string"}],"inLanguage":"en-US"}]}},"idiomas":{"en":2193,"es":2192},"_links":{"self":[{"href":"https:\/\/www.escuelamasterchef.com\/en\/wp-json\/wp\/v2\/products\/2193"}],"collection":[{"href":"https:\/\/www.escuelamasterchef.com\/en\/wp-json\/wp\/v2\/products"}],"about":[{"href":"https:\/\/www.escuelamasterchef.com\/en\/wp-json\/wp\/v2\/types\/product"}],"author":[{"embeddable":true,"href":"https:\/\/www.escuelamasterchef.com\/en\/wp-json\/wp\/v2\/users\/3"}],"replies":[{"embeddable":true,"href":"https:\/\/www.escuelamasterchef.com\/en\/wp-json\/wp\/v2\/comments?post=2193"}],"version-history":[{"count":4,"href":"https:\/\/www.escuelamasterchef.com\/en\/wp-json\/wp\/v2\/products\/2193\/revisions"}],"predecessor-version":[{"id":4604,"href":"https:\/\/www.escuelamasterchef.com\/en\/wp-json\/wp\/v2\/products\/2193\/revisions\/4604"}],"wp:attachment":[{"href":"https:\/\/www.escuelamasterchef.com\/en\/wp-json\/wp\/v2\/media?parent=2193"}],"wp:term":[{"taxonomy":"category","embeddable":true,"href":"https:\/\/www.escuelamasterchef.com\/en\/wp-json\/wp\/v2\/categories?post=2193"}],"curies":[{"name":"wp","href":"https:\/\/api.w.org\/{rel}","templated":true}]}}