{"id":2189,"date":"2022-09-07T17:33:45","date_gmt":"2022-09-07T17:33:45","guid":{"rendered":"https:\/\/www.escuelamasterchef.com\/?post_type=product&#038;p=2189"},"modified":"2024-12-05T13:15:36","modified_gmt":"2024-12-05T13:15:36","slug":"introduccion-a-la-cocina","status":"publish","type":"product","link":"https:\/\/www.escuelamasterchef.com\/en\/product\/introduccion-a-la-cocina\/","title":{"rendered":"INTRODUCCI\u00d3N A LA COCINA"},"content":{"rendered":"<p>contenido<\/p>\n\n\n<p><\/p>\n","protected":false},"excerpt":{"rendered":"<p>Conoce el menaje indispensable y los electrodom\u00e9sticos b\u00e1sicos, los distintos cuchillos y c\u00f3mo hacer los principales cortes.<\/p>\n","protected":false},"author":3,"featured_media":0,"comment_status":"open","ping_status":"closed","template":"","meta":{"_acf_changed":false,"footnotes":""},"categories":[24],"class_list":["post-2189","product","type-product","status-publish","hentry","category-mastercheff-en"],"acf":{"external_id":"1394","titulo_curso":"INTRODUCCI\u00d3N A LA COCINA","precio":"1","impartido_en":"es","id_magento":"634","hubspot_product_id":"","id_octavio":"1789","imagen_destacada":"https:\/\/static.capabiliaserver.com\/frontend\/clients\/masterchef\/wp_dev\/wp-content\/uploads\/2022\/07\/04b9e552-1.jpg","header_image":"https:\/\/static.capabiliaserver.com\/frontend\/clients\/masterchef\/wp_dev\/wp-content\/uploads\/2022\/07\/04b9e552-1.jpg","titulo":" INTRODUCCI\u00d3N A LA COCINA ","introduccion":"Conoce el menaje indispensable y los electrodom\u00e9sticos b\u00e1sicos, los distintos cuchillos y c\u00f3mo hacer los principales cortes.","descripcion":"\u00bfTienes todo listo para cocinar? Este curso te ense\u00f1ar\u00e1 c\u00f3mo preparar tu cocina antes de empezar a cocinar y c\u00f3mo organizar la despensa. Aprender\u00e1s cu\u00e1l es el menaje indispensable y los electrodom\u00e9sticos b\u00e1sicos, adem\u00e1s de los tipos de cuchillos y los principales cortes que podemos hacer con ellos. ","videos_del_producto":[{"unidad":" ORGANIZACI\u00d3N E HIGIENE ","videos":[{"ID":1945,"post_author":"11","post_date":"2022-09-05 11:46:01","post_date_gmt":"2022-09-05 11:46:01","post_content":"","post_title":"Planificaci\u00f3n de recetas y mise en plase","post_excerpt":"","post_status":"publish","comment_status":"open","ping_status":"closed","post_password":"","post_name":"planificacion-de-recetas-y-mise-en-plase","to_ping":"","pinged":"","post_modified":"2023-01-23 13:44:27","post_modified_gmt":"2023-01-23 13:44:27","post_content_filtered":"","post_parent":0,"guid":"https:\/\/www.escuelamasterchef.com\/?post_type=videos&#038;p=1945","menu_order":0,"post_type":"videos","post_mime_type":"","comment_count":"0","filter":"raw"},{"ID":1948,"post_author":"11","post_date":"2022-09-05 11:47:59","post_date_gmt":"2022-09-05 11:47:59","post_content":"","post_title":"La higiene en la cocina y en los alimentos","post_excerpt":"","post_status":"publish","comment_status":"open","ping_status":"closed","post_password":"","post_name":"la-higiene-en-la-cocina-y-en-los-alimentos","to_ping":"","pinged":"","post_modified":"2022-09-16 02:00:32","post_modified_gmt":"2022-09-16 02:00:32","post_content_filtered":"","post_parent":0,"guid":"https:\/\/www.escuelamasterchef.com\/?post_type=videos&#038;p=1948","menu_order":0,"post_type":"videos","post_mime_type":"","comment_count":"0","filter":"raw"}]},{"unidad":" MENAJE B\u00c1SICO Y MAQUINARIA ","videos":[{"ID":1951,"post_author":"11","post_date":"2022-09-05 11:51:26","post_date_gmt":"2022-09-05 11:51:26","post_content":"","post_title":"Menaje b\u00e1sico I: utensilios, bandejas \u2026","post_excerpt":"","post_status":"publish","comment_status":"open","ping_status":"closed","post_password":"","post_name":"menaje-basico-i-utensilios-bandejas","to_ping":"","pinged":"","post_modified":"2022-10-05 21:06:35","post_modified_gmt":"2022-10-05 21:06:35","post_content_filtered":"","post_parent":0,"guid":"https:\/\/www.escuelamasterchef.com\/?post_type=videos&#038;p=1951","menu_order":0,"post_type":"videos","post_mime_type":"","comment_count":"0","filter":"raw"},{"ID":1954,"post_author":"11","post_date":"2022-09-05 11:52:59","post_date_gmt":"2022-09-05 11:52:59","post_content":"","post_title":"Menaje b\u00e1sico II: ollas, cazos, sartenes\u2026","post_excerpt":"","post_status":"publish","comment_status":"open","ping_status":"closed","post_password":"","post_name":"menaje-basico-ii-ollas-cazos-sartenes","to_ping":"","pinged":"","post_modified":"2022-10-05 21:09:50","post_modified_gmt":"2022-10-05 21:09:50","post_content_filtered":"","post_parent":0,"guid":"https:\/\/www.escuelamasterchef.com\/?post_type=videos&#038;p=1954","menu_order":0,"post_type":"videos","post_mime_type":"","comment_count":"0","filter":"raw"},{"ID":1957,"post_author":"11","post_date":"2022-09-05 11:54:37","post_date_gmt":"2022-09-05 11:54:37","post_content":"","post_title":"Electrodom\u00e9sticos y maquinaria","post_excerpt":"","post_status":"publish","comment_status":"open","ping_status":"closed","post_password":"","post_name":"electrodomesticos-y-maquinaria","to_ping":"","pinged":"","post_modified":"2022-09-16 02:12:08","post_modified_gmt":"2022-09-16 02:12:08","post_content_filtered":"","post_parent":0,"guid":"https:\/\/www.escuelamasterchef.com\/?post_type=videos&#038;p=1957","menu_order":0,"post_type":"videos","post_mime_type":"","comment_count":"0","filter":"raw"}]},{"unidad":" CUCHILLOS ","videos":[{"ID":1960,"post_author":"11","post_date":"2022-09-05 11:56:16","post_date_gmt":"2022-09-05 11:56:16","post_content":"","post_title":"Cuchillos: tipolog\u00eda, usos, afilado y mantenimiento","post_excerpt":"","post_status":"publish","comment_status":"open","ping_status":"closed","post_password":"","post_name":"cuchillos-tipologia-usos-afilado-y-mantenimiento","to_ping":"","pinged":"","post_modified":"2022-09-16 02:13:06","post_modified_gmt":"2022-09-16 02:13:06","post_content_filtered":"","post_parent":0,"guid":"https:\/\/www.escuelamasterchef.com\/?post_type=videos&#038;p=1960","menu_order":0,"post_type":"videos","post_mime_type":"","comment_count":"0","filter":"raw"},{"ID":1963,"post_author":"11","post_date":"2022-09-05 11:57:44","post_date_gmt":"2022-09-05 11:57:44","post_content":"","post_title":"Tipos de cortes (juliana, brunoise, groso modo, ...)","post_excerpt":"","post_status":"publish","comment_status":"open","ping_status":"closed","post_password":"","post_name":"tipos-de-cortes-juliana-brunoise-groso-modo","to_ping":"","pinged":"","post_modified":"2022-09-07 17:06:42","post_modified_gmt":"2022-09-07 17:06:42","post_content_filtered":"","post_parent":0,"guid":"https:\/\/www.escuelamasterchef.com\/?post_type=videos&#038;p=1963","menu_order":0,"post_type":"videos","post_mime_type":"","comment_count":"0","filter":"raw"}]},{"unidad":" ESPACIOS DE CONSERVACI\u00d3N ","videos":[{"ID":1966,"post_author":"11","post_date":"2022-09-05 11:59:42","post_date_gmt":"2022-09-05 11:59:42","post_content":"","post_title":"Despensa, nevera y congelador: organizaci\u00f3n y almacenamiento","post_excerpt":"","post_status":"publish","comment_status":"open","ping_status":"closed","post_password":"","post_name":"despensa-nevera-y-congelador-organizacion-y-almacenamiento","to_ping":"","pinged":"","post_modified":"2022-09-07 17:07:28","post_modified_gmt":"2022-09-07 17:07:28","post_content_filtered":"","post_parent":0,"guid":"https:\/\/www.escuelamasterchef.com\/?post_type=videos&#038;p=1966","menu_order":0,"post_type":"videos","post_mime_type":"","comment_count":"0","filter":"raw"}]}],"activar_nuevos_banners":false,"mostrar_banner_1":false,"crear_banner_1":{"utilizar_imagen_unica_para_banner":false,"asignar_imagen_unica_para_banner":false,"mostrar_titulo_banner":false,"titulo_para_banner":"","mostrar_subtitulo_banner":false,"subtitulo_del_banner":"","mostrar_cta_banner":false,"texto_cta_banner":"","url_cta_banner":"","fondo_de_color_banner":"","fondo_de_imagen_banner":false,"mostrar_imagen_izquierda_banner":false,"asignar_imagen_izquierda_banner":false},"mostrar_banner_2":false,"crear_banner_2":{"utilizar_imagen_unica_para_banner":false,"asignar_imagen_unica_para_banner":false,"mostrar_titulo_banner":false,"titulo_para_banner":"","mostrar_subtitulo_banner":false,"subtitulo_del_banner":"","mostrar_cta_banner":false,"texto_cta_banner":"","url_cta_banner":"","fondo_de_color_banner":"","fondo_de_imagen_banner":false,"mostrar_imagen_izquierda_banner":false,"asignar_imagen_izquierda_banner":false},"mostrar_banner_3":false,"crear_banner_3":{"utilizar_imagen_unica_para_banner":false,"asignar_imagen_unica_para_banner":false,"mostrar_titulo_banner":false,"titulo_para_banner":"","mostrar_subtitulo_banner":false,"subtitulo_del_banner":"","mostrar_cta_banner":false,"texto_cta_banner":"","url_cta_banner":"","fondo_de_color_banner":"","fondo_de_imagen_banner":false,"mostrar_imagen_izquierda_banner":false,"asignar_imagen_izquierda_banner":false},"novedad":false,"mostrar_patrocinador":true,"patrocinador_imagen":"https:\/\/static.capabiliaserver.com\/frontend\/clients\/masterchef\/wp_dev\/wp-content\/uploads\/2022\/09\/382d74ef-bosch-big.png","url_cursado_masterclass":""},"yoast_head":"<!-- This site is optimized with the Yoast SEO plugin v23.0 - https:\/\/yoast.com\/wordpress\/plugins\/seo\/ -->\n<title>INTRODUCCI\u00d3N A LA COCINA - Capabilia<\/title>\n<meta name=\"description\" content=\"Conoce el menaje indispensable y los electrodom\u00e9sticos b\u00e1sicos, los distintos cuchillos y c\u00f3mo hacer los principales cortes.\" \/>\n<meta name=\"robots\" content=\"index, follow, max-snippet:-1, max-image-preview:large, max-video-preview:-1\" \/>\n<link rel=\"canonical\" href=\"https:\/\/www.escuelamasterchef.com\/en\/product\/introduccion-a-la-cocina\/\" \/>\n<meta property=\"og:locale\" content=\"en_US\" \/>\n<meta property=\"og:type\" content=\"article\" \/>\n<meta property=\"og:title\" content=\"INTRODUCCI\u00d3N A LA COCINA - Capabilia\" \/>\n<meta property=\"og:description\" content=\"Conoce el menaje indispensable y los electrodom\u00e9sticos b\u00e1sicos, los distintos cuchillos y c\u00f3mo hacer los principales cortes.\" \/>\n<meta property=\"og:url\" content=\"https:\/\/www.escuelamasterchef.com\/en\/product\/introduccion-a-la-cocina\/\" \/>\n<meta property=\"og:site_name\" content=\"Capabilia\" \/>\n<meta property=\"article:modified_time\" content=\"2024-12-05T13:15:36+00:00\" \/>\n<meta name=\"twitter:card\" content=\"summary_large_image\" \/>\n<meta name=\"twitter:label1\" content=\"Est. reading time\" \/>\n\t<meta name=\"twitter:data1\" content=\"1 minute\" \/>\n<script type=\"application\/ld+json\" class=\"yoast-schema-graph\">{\"@context\":\"https:\/\/schema.org\",\"@graph\":[{\"@type\":\"WebPage\",\"@id\":\"https:\/\/www.escuelamasterchef.com\/en\/product\/introduccion-a-la-cocina\/\",\"url\":\"https:\/\/www.escuelamasterchef.com\/en\/product\/introduccion-a-la-cocina\/\",\"name\":\"INTRODUCCI\u00d3N A LA COCINA - Capabilia\",\"isPartOf\":{\"@id\":\"https:\/\/www.escuelamasterchef.com\/#website\"},\"datePublished\":\"2022-09-07T17:33:45+00:00\",\"dateModified\":\"2024-12-05T13:15:36+00:00\",\"description\":\"Conoce el menaje indispensable y los electrodom\u00e9sticos b\u00e1sicos, los distintos cuchillos y c\u00f3mo hacer los principales cortes.\",\"breadcrumb\":{\"@id\":\"https:\/\/www.escuelamasterchef.com\/en\/product\/introduccion-a-la-cocina\/#breadcrumb\"},\"inLanguage\":\"en-US\",\"potentialAction\":[{\"@type\":\"ReadAction\",\"target\":[\"https:\/\/www.escuelamasterchef.com\/en\/product\/introduccion-a-la-cocina\/\"]}]},{\"@type\":\"BreadcrumbList\",\"@id\":\"https:\/\/www.escuelamasterchef.com\/en\/product\/introduccion-a-la-cocina\/#breadcrumb\",\"itemListElement\":[{\"@type\":\"ListItem\",\"position\":1,\"name\":\"Productos\",\"item\":\"https:\/\/www.escuelamasterchef.com\/product\/\"},{\"@type\":\"ListItem\",\"position\":2,\"name\":\"INTRODUCCI\u00d3N A LA COCINA\"}]},{\"@type\":\"WebSite\",\"@id\":\"https:\/\/www.escuelamasterchef.com\/#website\",\"url\":\"https:\/\/www.escuelamasterchef.com\/\",\"name\":\"Capabilia\",\"description\":\"\",\"potentialAction\":[{\"@type\":\"SearchAction\",\"target\":{\"@type\":\"EntryPoint\",\"urlTemplate\":\"https:\/\/www.escuelamasterchef.com\/?s={search_term_string}\"},\"query-input\":\"required name=search_term_string\"}],\"inLanguage\":\"en-US\"}]}<\/script>\n<!-- \/ Yoast SEO plugin. -->","yoast_head_json":{"title":"INTRODUCCI\u00d3N A LA COCINA - Capabilia","description":"Conoce el menaje indispensable y los electrodom\u00e9sticos b\u00e1sicos, los distintos cuchillos y c\u00f3mo hacer los principales cortes.","robots":{"index":"index","follow":"follow","max-snippet":"max-snippet:-1","max-image-preview":"max-image-preview:large","max-video-preview":"max-video-preview:-1"},"canonical":"https:\/\/www.escuelamasterchef.com\/en\/product\/introduccion-a-la-cocina\/","og_locale":"en_US","og_type":"article","og_title":"INTRODUCCI\u00d3N A LA COCINA - Capabilia","og_description":"Conoce el menaje indispensable y los electrodom\u00e9sticos b\u00e1sicos, los distintos cuchillos y c\u00f3mo hacer los principales cortes.","og_url":"https:\/\/www.escuelamasterchef.com\/en\/product\/introduccion-a-la-cocina\/","og_site_name":"Capabilia","article_modified_time":"2024-12-05T13:15:36+00:00","twitter_card":"summary_large_image","twitter_misc":{"Est. reading time":"1 minute"},"schema":{"@context":"https:\/\/schema.org","@graph":[{"@type":"WebPage","@id":"https:\/\/www.escuelamasterchef.com\/en\/product\/introduccion-a-la-cocina\/","url":"https:\/\/www.escuelamasterchef.com\/en\/product\/introduccion-a-la-cocina\/","name":"INTRODUCCI\u00d3N A LA COCINA - Capabilia","isPartOf":{"@id":"https:\/\/www.escuelamasterchef.com\/#website"},"datePublished":"2022-09-07T17:33:45+00:00","dateModified":"2024-12-05T13:15:36+00:00","description":"Conoce el menaje indispensable y los electrodom\u00e9sticos b\u00e1sicos, los distintos cuchillos y c\u00f3mo hacer los principales cortes.","breadcrumb":{"@id":"https:\/\/www.escuelamasterchef.com\/en\/product\/introduccion-a-la-cocina\/#breadcrumb"},"inLanguage":"en-US","potentialAction":[{"@type":"ReadAction","target":["https:\/\/www.escuelamasterchef.com\/en\/product\/introduccion-a-la-cocina\/"]}]},{"@type":"BreadcrumbList","@id":"https:\/\/www.escuelamasterchef.com\/en\/product\/introduccion-a-la-cocina\/#breadcrumb","itemListElement":[{"@type":"ListItem","position":1,"name":"Productos","item":"https:\/\/www.escuelamasterchef.com\/product\/"},{"@type":"ListItem","position":2,"name":"INTRODUCCI\u00d3N A LA COCINA"}]},{"@type":"WebSite","@id":"https:\/\/www.escuelamasterchef.com\/#website","url":"https:\/\/www.escuelamasterchef.com\/","name":"Capabilia","description":"","potentialAction":[{"@type":"SearchAction","target":{"@type":"EntryPoint","urlTemplate":"https:\/\/www.escuelamasterchef.com\/?s={search_term_string}"},"query-input":"required name=search_term_string"}],"inLanguage":"en-US"}]}},"idiomas":{"en":2189,"es":2188},"_links":{"self":[{"href":"https:\/\/www.escuelamasterchef.com\/en\/wp-json\/wp\/v2\/products\/2189"}],"collection":[{"href":"https:\/\/www.escuelamasterchef.com\/en\/wp-json\/wp\/v2\/products"}],"about":[{"href":"https:\/\/www.escuelamasterchef.com\/en\/wp-json\/wp\/v2\/types\/product"}],"author":[{"embeddable":true,"href":"https:\/\/www.escuelamasterchef.com\/en\/wp-json\/wp\/v2\/users\/3"}],"replies":[{"embeddable":true,"href":"https:\/\/www.escuelamasterchef.com\/en\/wp-json\/wp\/v2\/comments?post=2189"}],"version-history":[{"count":5,"href":"https:\/\/www.escuelamasterchef.com\/en\/wp-json\/wp\/v2\/products\/2189\/revisions"}],"predecessor-version":[{"id":4452,"href":"https:\/\/www.escuelamasterchef.com\/en\/wp-json\/wp\/v2\/products\/2189\/revisions\/4452"}],"wp:attachment":[{"href":"https:\/\/www.escuelamasterchef.com\/en\/wp-json\/wp\/v2\/media?parent=2189"}],"wp:term":[{"taxonomy":"category","embeddable":true,"href":"https:\/\/www.escuelamasterchef.com\/en\/wp-json\/wp\/v2\/categories?post=2189"}],"curies":[{"name":"wp","href":"https:\/\/api.w.org\/{rel}","templated":true}]}}