{"id":2187,"date":"2022-09-08T13:28:15","date_gmt":"2022-09-08T13:28:15","guid":{"rendered":"https:\/\/www.escuelamasterchef.com\/?post_type=product&#038;p=2187"},"modified":"2022-09-17T02:39:17","modified_gmt":"2022-09-17T02:39:17","slug":"tecnicas-de-coccion-y-conservacion","status":"publish","type":"product","link":"https:\/\/www.escuelamasterchef.com\/en\/product\/tecnicas-de-coccion-y-conservacion\/","title":{"rendered":"T\u00c9CNICAS DE COCCI\u00d3N Y CONSERVACI\u00d3N"},"content":{"rendered":"<p>contenido<\/p>\n","protected":false},"excerpt":{"rendered":"<p>Aqu\u00ed aprender\u00e1s lo que necesitas para saber c\u00f3mo tratar los alimentos, c\u00f3mo conservarlos y distintas formas de cocinarlos.<\/p>\n","protected":false},"author":3,"featured_media":0,"comment_status":"open","ping_status":"closed","template":"","meta":{"_acf_changed":false,"footnotes":""},"categories":[24],"class_list":["post-2187","product","type-product","status-publish","hentry","category-mastercheff-en"],"acf":{"external_id":"1393","titulo_curso":"T\u00c9CNICAS DE COCCI\u00d3N Y CONSERVACI\u00d3N","precio":"1","impartido_en":"es","id_magento":"633","hubspot_product_id":"","id_octavio":"1788","novedad":false,"imagen_destacada":"https:\/\/static.capabiliaserver.com\/frontend\/clients\/masterchef\/wp_dev\/wp-content\/uploads\/2022\/07\/1ef7d234-2.jpg","header_image":"https:\/\/static.capabiliaserver.com\/frontend\/clients\/masterchef\/wp_dev\/wp-content\/uploads\/2022\/07\/1ef7d234-2.jpg","mostrar_patrocinador":false,"titulo":"T\u00c9CNICAS DE COCCI\u00d3N Y CONSERVACI\u00d3N","introduccion":"Aqu\u00ed aprender\u00e1s lo que necesitas para saber c\u00f3mo tratar los alimentos, c\u00f3mo conservarlos y distintas formas de cocinarlos.","descripcion":"\u00bfQu\u00e9 hacer para que los alimentos se conserven en buen estado? Conoce las principales t\u00e9cnicas de conservaci\u00f3n: pasteurizaci\u00f3n, refrigeraci\u00f3n, conservaci\u00f3n al vac\u00edo, deshidrataci\u00f3n o salaz\u00f3n, entre otras, que no te puedes perder. Descubre con recetas muy pr\u00e1cticas los secretos de las principales t\u00e9cnicas de cocci\u00f3n y aprende a asar, brasear, confitar, fre\u00edr, saltear, gratinar o cocinar a baja temperatura y mucho m\u00e1s. ","videos_del_producto":[{"unidad":" T\u00c9CNICAS DE CONSERVACI\u00d3N ","videos":[{"ID":1976,"post_author":"11","post_date":"2022-09-05 12:12:24","post_date_gmt":"2022-09-05 12:12:24","post_content":"","post_title":"Pasteurizaci\u00f3n","post_excerpt":"","post_status":"publish","comment_status":"open","ping_status":"closed","post_password":"","post_name":"pasteurizacion","to_ping":"","pinged":"","post_modified":"2022-09-16 02:15:10","post_modified_gmt":"2022-09-16 02:15:10","post_content_filtered":"","post_parent":0,"guid":"https:\/\/www.escuelamasterchef.com\/?post_type=videos&#038;p=1976","menu_order":0,"post_type":"videos","post_mime_type":"","comment_count":"0","filter":"raw"},{"ID":1979,"post_author":"11","post_date":"2022-09-05 12:13:47","post_date_gmt":"2022-09-05 12:13:47","post_content":"","post_title":"Refrigeraci\u00f3n y congelaci\u00f3n","post_excerpt":"","post_status":"publish","comment_status":"open","ping_status":"closed","post_password":"","post_name":"refrigeracion-y-congelacion","to_ping":"","pinged":"","post_modified":"2022-09-07 17:09:29","post_modified_gmt":"2022-09-07 17:09:29","post_content_filtered":"","post_parent":0,"guid":"https:\/\/www.escuelamasterchef.com\/?post_type=videos&#038;p=1979","menu_order":0,"post_type":"videos","post_mime_type":"","comment_count":"0","filter":"raw"},{"ID":1982,"post_author":"11","post_date":"2022-09-05 12:15:07","post_date_gmt":"2022-09-05 12:15:07","post_content":"","post_title":"Vac\u00edo","post_excerpt":"","post_status":"publish","comment_status":"open","ping_status":"closed","post_password":"","post_name":"vacio","to_ping":"","pinged":"","post_modified":"2022-09-07 17:10:47","post_modified_gmt":"2022-09-07 17:10:47","post_content_filtered":"","post_parent":0,"guid":"https:\/\/www.escuelamasterchef.com\/?post_type=videos&#038;p=1982","menu_order":0,"post_type":"videos","post_mime_type":"","comment_count":"0","filter":"raw"},{"ID":1985,"post_author":"11","post_date":"2022-09-05 12:16:22","post_date_gmt":"2022-09-05 12:16:22","post_content":"","post_title":"Deshidrataci\u00f3n: secado y liofilizaci\u00f3n","post_excerpt":"","post_status":"publish","comment_status":"open","ping_status":"closed","post_password":"","post_name":"deshidratacion-secado-y-liofilizacion","to_ping":"","pinged":"","post_modified":"2022-09-07 17:11:28","post_modified_gmt":"2022-09-07 17:11:28","post_content_filtered":"","post_parent":0,"guid":"https:\/\/www.escuelamasterchef.com\/?post_type=videos&#038;p=1985","menu_order":0,"post_type":"videos","post_mime_type":"","comment_count":"0","filter":"raw"},{"ID":1988,"post_author":"11","post_date":"2022-09-05 12:17:51","post_date_gmt":"2022-09-05 12:17:51","post_content":"","post_title":"Salaz\u00f3n","post_excerpt":"","post_status":"publish","comment_status":"open","ping_status":"closed","post_password":"","post_name":"salazon","to_ping":"","pinged":"","post_modified":"2022-09-07 17:12:24","post_modified_gmt":"2022-09-07 17:12:24","post_content_filtered":"","post_parent":0,"guid":"https:\/\/www.escuelamasterchef.com\/?post_type=videos&#038;p=1988","menu_order":0,"post_type":"videos","post_mime_type":"","comment_count":"0","filter":"raw"},{"ID":1991,"post_author":"11","post_date":"2022-09-05 12:19:22","post_date_gmt":"2022-09-05 12:19:22","post_content":"","post_title":"Adici\u00f3n de az\u00facar","post_excerpt":"","post_status":"publish","comment_status":"open","ping_status":"closed","post_password":"","post_name":"adicion-de-azucar","to_ping":"","pinged":"","post_modified":"2022-09-07 17:12:59","post_modified_gmt":"2022-09-07 17:12:59","post_content_filtered":"","post_parent":0,"guid":"https:\/\/www.escuelamasterchef.com\/?post_type=videos&#038;p=1991","menu_order":0,"post_type":"videos","post_mime_type":"","comment_count":"0","filter":"raw"},{"ID":1994,"post_author":"11","post_date":"2022-09-05 12:20:58","post_date_gmt":"2022-09-05 12:20:58","post_content":"","post_title":"Ahumados","post_excerpt":"","post_status":"publish","comment_status":"open","ping_status":"closed","post_password":"","post_name":"ahumados","to_ping":"","pinged":"","post_modified":"2022-09-07 17:13:36","post_modified_gmt":"2022-09-07 17:13:36","post_content_filtered":"","post_parent":0,"guid":"https:\/\/www.escuelamasterchef.com\/?post_type=videos&#038;p=1994","menu_order":0,"post_type":"videos","post_mime_type":"","comment_count":"0","filter":"raw"},{"ID":1997,"post_author":"11","post_date":"2022-09-05 12:22:31","post_date_gmt":"2022-09-05 12:22:31","post_content":"","post_title":"Acidificaci\u00f3n","post_excerpt":"","post_status":"publish","comment_status":"open","ping_status":"closed","post_password":"","post_name":"acidificacion","to_ping":"","pinged":"","post_modified":"2022-09-15 14:10:33","post_modified_gmt":"2022-09-15 14:10:33","post_content_filtered":"","post_parent":0,"guid":"https:\/\/www.escuelamasterchef.com\/?post_type=videos&#038;p=1997","menu_order":0,"post_type":"videos","post_mime_type":"","comment_count":"0","filter":"raw"}]},{"unidad":" T\u00c9CNICAS DE COCCI\u00d3N ","videos":[{"ID":2000,"post_author":"11","post_date":"2022-09-05 12:24:41","post_date_gmt":"2022-09-05 12:24:41","post_content":"","post_title":"Asar","post_excerpt":"","post_status":"publish","comment_status":"open","ping_status":"closed","post_password":"","post_name":"asar","to_ping":"","pinged":"","post_modified":"2022-09-07 17:14:42","post_modified_gmt":"2022-09-07 17:14:42","post_content_filtered":"","post_parent":0,"guid":"https:\/\/www.escuelamasterchef.com\/?post_type=videos&#038;p=2000","menu_order":0,"post_type":"videos","post_mime_type":"","comment_count":"0","filter":"raw"},{"ID":2004,"post_author":"11","post_date":"2022-09-05 12:25:52","post_date_gmt":"2022-09-05 12:25:52","post_content":"","post_title":"Breseado o braseado","post_excerpt":"","post_status":"publish","comment_status":"open","ping_status":"closed","post_password":"","post_name":"breseado-o-braseado","to_ping":"","pinged":"","post_modified":"2022-09-07 17:15:11","post_modified_gmt":"2022-09-07 17:15:11","post_content_filtered":"","post_parent":0,"guid":"https:\/\/www.escuelamasterchef.com\/?post_type=videos&#038;p=2004","menu_order":0,"post_type":"videos","post_mime_type":"","comment_count":"0","filter":"raw"},{"ID":2007,"post_author":"11","post_date":"2022-09-05 12:27:12","post_date_gmt":"2022-09-05 12:27:12","post_content":"","post_title":"Confitar","post_excerpt":"","post_status":"publish","comment_status":"open","ping_status":"closed","post_password":"","post_name":"confitar","to_ping":"","pinged":"","post_modified":"2022-09-07 17:15:34","post_modified_gmt":"2022-09-07 17:15:34","post_content_filtered":"","post_parent":0,"guid":"https:\/\/www.escuelamasterchef.com\/?post_type=videos&#038;p=2007","menu_order":0,"post_type":"videos","post_mime_type":"","comment_count":"0","filter":"raw"},{"ID":2010,"post_author":"11","post_date":"2022-09-05 12:28:33","post_date_gmt":"2022-09-05 12:28:33","post_content":"","post_title":"Gratinar","post_excerpt":"","post_status":"publish","comment_status":"open","ping_status":"closed","post_password":"","post_name":"gratinar","to_ping":"","pinged":"","post_modified":"2022-09-07 17:16:03","post_modified_gmt":"2022-09-07 17:16:03","post_content_filtered":"","post_parent":0,"guid":"https:\/\/www.escuelamasterchef.com\/?post_type=videos&#038;p=2010","menu_order":0,"post_type":"videos","post_mime_type":"","comment_count":"0","filter":"raw"},{"ID":2013,"post_author":"11","post_date":"2022-09-05 12:30:12","post_date_gmt":"2022-09-05 12:30:12","post_content":"","post_title":"Baja temperatura","post_excerpt":"","post_status":"publish","comment_status":"open","ping_status":"closed","post_password":"","post_name":"baja-temperatura","to_ping":"","pinged":"","post_modified":"2022-09-15 14:22:35","post_modified_gmt":"2022-09-15 14:22:35","post_content_filtered":"","post_parent":0,"guid":"https:\/\/www.escuelamasterchef.com\/?post_type=videos&#038;p=2013","menu_order":0,"post_type":"videos","post_mime_type":"","comment_count":"0","filter":"raw"},{"ID":2016,"post_author":"11","post_date":"2022-09-05 12:32:44","post_date_gmt":"2022-09-05 12:32:44","post_content":"","post_title":"Guisar o estofar","post_excerpt":"","post_status":"publish","comment_status":"open","ping_status":"closed","post_password":"","post_name":"guisar-o-estofar","to_ping":"","pinged":"","post_modified":"2023-02-07 12:10:57","post_modified_gmt":"2023-02-07 12:10:57","post_content_filtered":"","post_parent":0,"guid":"https:\/\/www.escuelamasterchef.com\/?post_type=videos&#038;p=2016","menu_order":0,"post_type":"videos","post_mime_type":"","comment_count":"0","filter":"raw"},{"ID":2019,"post_author":"11","post_date":"2022-09-05 12:36:07","post_date_gmt":"2022-09-05 12:36:07","post_content":"","post_title":"Vapor","post_excerpt":"","post_status":"publish","comment_status":"open","ping_status":"closed","post_password":"","post_name":"vapor","to_ping":"","pinged":"","post_modified":"2022-09-07 17:19:27","post_modified_gmt":"2022-09-07 17:19:27","post_content_filtered":"","post_parent":0,"guid":"https:\/\/www.escuelamasterchef.com\/?post_type=videos&#038;p=2019","menu_order":0,"post_type":"videos","post_mime_type":"","comment_count":"0","filter":"raw"},{"ID":2030,"post_author":"11","post_date":"2022-09-05 16:12:42","post_date_gmt":"2022-09-05 16:12:42","post_content":"","post_title":"Saltear","post_excerpt":"","post_status":"publish","comment_status":"open","ping_status":"closed","post_password":"","post_name":"saltear","to_ping":"","pinged":"","post_modified":"2022-09-16 02:17:10","post_modified_gmt":"2022-09-16 02:17:10","post_content_filtered":"","post_parent":0,"guid":"https:\/\/www.escuelamasterchef.com\/?post_type=videos&#038;p=2030","menu_order":0,"post_type":"videos","post_mime_type":"","comment_count":"0","filter":"raw"},{"ID":2034,"post_author":"11","post_date":"2022-09-05 16:14:59","post_date_gmt":"2022-09-05 16:14:59","post_content":"","post_title":"Escalfar","post_excerpt":"","post_status":"publish","comment_status":"open","ping_status":"closed","post_password":"","post_name":"escalfar","to_ping":"","pinged":"","post_modified":"2022-09-16 02:18:58","post_modified_gmt":"2022-09-16 02:18:58","post_content_filtered":"","post_parent":0,"guid":"https:\/\/www.escuelamasterchef.com\/?post_type=videos&#038;p=2034","menu_order":0,"post_type":"videos","post_mime_type":"","comment_count":"0","filter":"raw"},{"ID":2037,"post_author":"11","post_date":"2022-09-05 16:16:59","post_date_gmt":"2022-09-05 16:16:59","post_content":"","post_title":"Parrilla","post_excerpt":"","post_status":"publish","comment_status":"open","ping_status":"closed","post_password":"","post_name":"parrilla","to_ping":"","pinged":"","post_modified":"2022-09-07 17:57:13","post_modified_gmt":"2022-09-07 17:57:13","post_content_filtered":"","post_parent":0,"guid":"https:\/\/www.escuelamasterchef.com\/?post_type=videos&#038;p=2037","menu_order":0,"post_type":"videos","post_mime_type":"","comment_count":"0","filter":"raw"},{"ID":2044,"post_author":"11","post_date":"2022-09-05 18:21:37","post_date_gmt":"2022-09-05 18:21:37","post_content":"","post_title":"Fre\u00edr","post_excerpt":"","post_status":"publish","comment_status":"open","ping_status":"closed","post_password":"","post_name":"freir","to_ping":"","pinged":"","post_modified":"2022-09-07 17:57:46","post_modified_gmt":"2022-09-07 17:57:46","post_content_filtered":"","post_parent":0,"guid":"https:\/\/www.escuelamasterchef.com\/?post_type=videos&#038;p=2044","menu_order":0,"post_type":"videos","post_mime_type":"","comment_count":"0","filter":"raw"}]}],"activar_nuevos_banners":false,"mostrar_banner_1":false,"crear_banner_1":{"utilizar_imagen_unica_para_banner":false,"asignar_imagen_unica_para_banner":false,"mostrar_titulo_banner":false,"titulo_para_banner":"","mostrar_subtitulo_banner":false,"subtitulo_del_banner":"","mostrar_cta_banner":false,"texto_cta_banner":"","url_cta_banner":"","fondo_de_color_banner":"","fondo_de_imagen_banner":false,"mostrar_imagen_izquierda_banner":false,"asignar_imagen_izquierda_banner":false},"mostrar_banner_2":false,"crear_banner_2":{"utilizar_imagen_unica_para_banner":false,"asignar_imagen_unica_para_banner":false,"mostrar_titulo_banner":false,"titulo_para_banner":"","mostrar_subtitulo_banner":false,"subtitulo_del_banner":"","mostrar_cta_banner":false,"texto_cta_banner":"","url_cta_banner":"","fondo_de_color_banner":"","fondo_de_imagen_banner":false,"mostrar_imagen_izquierda_banner":false,"asignar_imagen_izquierda_banner":false},"mostrar_banner_3":false,"crear_banner_3":{"utilizar_imagen_unica_para_banner":false,"asignar_imagen_unica_para_banner":false,"mostrar_titulo_banner":false,"titulo_para_banner":"","mostrar_subtitulo_banner":false,"subtitulo_del_banner":"","mostrar_cta_banner":false,"texto_cta_banner":"","url_cta_banner":"","fondo_de_color_banner":"","fondo_de_imagen_banner":false,"mostrar_imagen_izquierda_banner":false,"asignar_imagen_izquierda_banner":false}},"yoast_head":"<!-- This site is optimized with the Yoast SEO plugin v23.0 - https:\/\/yoast.com\/wordpress\/plugins\/seo\/ -->\n<title>T\u00c9CNICAS DE COCCI\u00d3N Y CONSERVACI\u00d3N - Capabilia<\/title>\n<meta name=\"description\" content=\"Aqu\u00ed aprender\u00e1s lo que necesitas para saber c\u00f3mo tratar los alimentos, c\u00f3mo conservarlos y distintas formas de cocinarlos.\" \/>\n<meta name=\"robots\" content=\"index, follow, max-snippet:-1, max-image-preview:large, max-video-preview:-1\" \/>\n<link rel=\"canonical\" href=\"https:\/\/www.escuelamasterchef.com\/en\/product\/tecnicas-de-coccion-y-conservacion\/\" \/>\n<meta property=\"og:locale\" content=\"en_US\" \/>\n<meta property=\"og:type\" content=\"article\" \/>\n<meta property=\"og:title\" content=\"T\u00c9CNICAS DE COCCI\u00d3N Y CONSERVACI\u00d3N - Capabilia\" \/>\n<meta property=\"og:description\" content=\"Aqu\u00ed aprender\u00e1s lo que necesitas para saber c\u00f3mo tratar los alimentos, c\u00f3mo conservarlos y distintas formas de cocinarlos.\" \/>\n<meta property=\"og:url\" content=\"https:\/\/www.escuelamasterchef.com\/en\/product\/tecnicas-de-coccion-y-conservacion\/\" \/>\n<meta property=\"og:site_name\" content=\"Capabilia\" \/>\n<meta property=\"article:modified_time\" content=\"2022-09-17T02:39:17+00:00\" \/>\n<meta name=\"twitter:card\" content=\"summary_large_image\" \/>\n<meta name=\"twitter:label1\" content=\"Est. reading time\" \/>\n\t<meta name=\"twitter:data1\" content=\"1 minute\" \/>\n<script type=\"application\/ld+json\" class=\"yoast-schema-graph\">{\"@context\":\"https:\/\/schema.org\",\"@graph\":[{\"@type\":\"WebPage\",\"@id\":\"https:\/\/www.escuelamasterchef.com\/en\/product\/tecnicas-de-coccion-y-conservacion\/\",\"url\":\"https:\/\/www.escuelamasterchef.com\/en\/product\/tecnicas-de-coccion-y-conservacion\/\",\"name\":\"T\u00c9CNICAS DE COCCI\u00d3N Y CONSERVACI\u00d3N - Capabilia\",\"isPartOf\":{\"@id\":\"https:\/\/www.escuelamasterchef.com\/#website\"},\"datePublished\":\"2022-09-08T13:28:15+00:00\",\"dateModified\":\"2022-09-17T02:39:17+00:00\",\"description\":\"Aqu\u00ed aprender\u00e1s lo que necesitas para saber c\u00f3mo tratar los alimentos, c\u00f3mo conservarlos y distintas formas de cocinarlos.\",\"breadcrumb\":{\"@id\":\"https:\/\/www.escuelamasterchef.com\/en\/product\/tecnicas-de-coccion-y-conservacion\/#breadcrumb\"},\"inLanguage\":\"en-US\",\"potentialAction\":[{\"@type\":\"ReadAction\",\"target\":[\"https:\/\/www.escuelamasterchef.com\/en\/product\/tecnicas-de-coccion-y-conservacion\/\"]}]},{\"@type\":\"BreadcrumbList\",\"@id\":\"https:\/\/www.escuelamasterchef.com\/en\/product\/tecnicas-de-coccion-y-conservacion\/#breadcrumb\",\"itemListElement\":[{\"@type\":\"ListItem\",\"position\":1,\"name\":\"Productos\",\"item\":\"https:\/\/www.escuelamasterchef.com\/product\/\"},{\"@type\":\"ListItem\",\"position\":2,\"name\":\"T\u00c9CNICAS DE COCCI\u00d3N Y CONSERVACI\u00d3N\"}]},{\"@type\":\"WebSite\",\"@id\":\"https:\/\/www.escuelamasterchef.com\/#website\",\"url\":\"https:\/\/www.escuelamasterchef.com\/\",\"name\":\"Capabilia\",\"description\":\"\",\"potentialAction\":[{\"@type\":\"SearchAction\",\"target\":{\"@type\":\"EntryPoint\",\"urlTemplate\":\"https:\/\/www.escuelamasterchef.com\/?s={search_term_string}\"},\"query-input\":\"required name=search_term_string\"}],\"inLanguage\":\"en-US\"}]}<\/script>\n<!-- \/ Yoast SEO plugin. -->","yoast_head_json":{"title":"T\u00c9CNICAS DE COCCI\u00d3N Y CONSERVACI\u00d3N - Capabilia","description":"Aqu\u00ed aprender\u00e1s lo que necesitas para saber c\u00f3mo tratar los alimentos, c\u00f3mo conservarlos y distintas formas de cocinarlos.","robots":{"index":"index","follow":"follow","max-snippet":"max-snippet:-1","max-image-preview":"max-image-preview:large","max-video-preview":"max-video-preview:-1"},"canonical":"https:\/\/www.escuelamasterchef.com\/en\/product\/tecnicas-de-coccion-y-conservacion\/","og_locale":"en_US","og_type":"article","og_title":"T\u00c9CNICAS DE COCCI\u00d3N Y CONSERVACI\u00d3N - Capabilia","og_description":"Aqu\u00ed aprender\u00e1s lo que necesitas para saber c\u00f3mo tratar los alimentos, c\u00f3mo conservarlos y distintas formas de cocinarlos.","og_url":"https:\/\/www.escuelamasterchef.com\/en\/product\/tecnicas-de-coccion-y-conservacion\/","og_site_name":"Capabilia","article_modified_time":"2022-09-17T02:39:17+00:00","twitter_card":"summary_large_image","twitter_misc":{"Est. reading time":"1 minute"},"schema":{"@context":"https:\/\/schema.org","@graph":[{"@type":"WebPage","@id":"https:\/\/www.escuelamasterchef.com\/en\/product\/tecnicas-de-coccion-y-conservacion\/","url":"https:\/\/www.escuelamasterchef.com\/en\/product\/tecnicas-de-coccion-y-conservacion\/","name":"T\u00c9CNICAS DE COCCI\u00d3N Y CONSERVACI\u00d3N - Capabilia","isPartOf":{"@id":"https:\/\/www.escuelamasterchef.com\/#website"},"datePublished":"2022-09-08T13:28:15+00:00","dateModified":"2022-09-17T02:39:17+00:00","description":"Aqu\u00ed aprender\u00e1s lo que necesitas para saber c\u00f3mo tratar los alimentos, c\u00f3mo conservarlos y distintas formas de cocinarlos.","breadcrumb":{"@id":"https:\/\/www.escuelamasterchef.com\/en\/product\/tecnicas-de-coccion-y-conservacion\/#breadcrumb"},"inLanguage":"en-US","potentialAction":[{"@type":"ReadAction","target":["https:\/\/www.escuelamasterchef.com\/en\/product\/tecnicas-de-coccion-y-conservacion\/"]}]},{"@type":"BreadcrumbList","@id":"https:\/\/www.escuelamasterchef.com\/en\/product\/tecnicas-de-coccion-y-conservacion\/#breadcrumb","itemListElement":[{"@type":"ListItem","position":1,"name":"Productos","item":"https:\/\/www.escuelamasterchef.com\/product\/"},{"@type":"ListItem","position":2,"name":"T\u00c9CNICAS DE COCCI\u00d3N Y CONSERVACI\u00d3N"}]},{"@type":"WebSite","@id":"https:\/\/www.escuelamasterchef.com\/#website","url":"https:\/\/www.escuelamasterchef.com\/","name":"Capabilia","description":"","potentialAction":[{"@type":"SearchAction","target":{"@type":"EntryPoint","urlTemplate":"https:\/\/www.escuelamasterchef.com\/?s={search_term_string}"},"query-input":"required name=search_term_string"}],"inLanguage":"en-US"}]}},"idiomas":{"en":2187,"es":2186},"_links":{"self":[{"href":"https:\/\/www.escuelamasterchef.com\/en\/wp-json\/wp\/v2\/products\/2187"}],"collection":[{"href":"https:\/\/www.escuelamasterchef.com\/en\/wp-json\/wp\/v2\/products"}],"about":[{"href":"https:\/\/www.escuelamasterchef.com\/en\/wp-json\/wp\/v2\/types\/product"}],"author":[{"embeddable":true,"href":"https:\/\/www.escuelamasterchef.com\/en\/wp-json\/wp\/v2\/users\/3"}],"replies":[{"embeddable":true,"href":"https:\/\/www.escuelamasterchef.com\/en\/wp-json\/wp\/v2\/comments?post=2187"}],"version-history":[{"count":5,"href":"https:\/\/www.escuelamasterchef.com\/en\/wp-json\/wp\/v2\/products\/2187\/revisions"}],"predecessor-version":[{"id":4333,"href":"https:\/\/www.escuelamasterchef.com\/en\/wp-json\/wp\/v2\/products\/2187\/revisions\/4333"}],"wp:attachment":[{"href":"https:\/\/www.escuelamasterchef.com\/en\/wp-json\/wp\/v2\/media?parent=2187"}],"wp:term":[{"taxonomy":"category","embeddable":true,"href":"https:\/\/www.escuelamasterchef.com\/en\/wp-json\/wp\/v2\/categories?post=2187"}],"curies":[{"name":"wp","href":"https:\/\/api.w.org\/{rel}","templated":true}]}}